{"id":1662,"date":"2025-04-24T22:08:51","date_gmt":"2025-04-24T22:08:51","guid":{"rendered":"https:\/\/habibimb.com\/?post_type=product&#038;p=1662"},"modified":"2025-05-15T07:31:22","modified_gmt":"2025-05-15T07:31:22","slug":"apa-de-parfum-ophylia-legend-fragrance-world-femei-100ml","status":"publish","type":"product","link":"https:\/\/habibimb.com\/en\/product\/apa-de-parfum-ophylia-legend-fragrance-world-femei-100ml\/","title":{"rendered":"Ophylia Legend, Fragrance World"},"content":{"rendered":"<h2>Dezl\u0103n\u021buie-\u021bi legenda interioar\u0103<\/h2>\n<p>Descoper\u0103 un parfum care \u00eentruchipeaz\u0103 rafinamentul \u0219i farmecul cu Apa de Parfum Ophylia Legend. Acest parfum \u00eenc\u00e2nt\u0103tor este creat pentru femeile care caut\u0103 s\u0103-\u0219i exprime spiritul unic. Cu un amestec perfect de note \u00eendr\u0103zne\u021be \u0219i bl\u00e2nde, Ophylia Legend v\u0103 asigur\u0103 c\u0103 ie\u0219i\u021bi \u00een eviden\u021b\u0103 \u00een orice decor, fie c\u0103 este vorba de o zi la birou sau de o sear\u0103 special\u0103. Cufund\u0103-te \u00eentr-o lume a elegan\u021bei cu fiecare pulverizare.<\/p>\n<h2>Arta compozi\u021biei parfumurilor<\/h2>\n<p>Apa de Parfum Ophylia Legend prezint\u0103 un buchet luxos care armonizeaz\u0103 elementele florale, fructate \u0219i lemnoase. Notele de v\u00e2rf explodeaz\u0103 cu citrice vibrante \u0219i fructe exotice, cre\u00e2nd o impresie imediat\u0103 de prospe\u021bime. Pe m\u0103sur\u0103 ce parfumul evolueaz\u0103, inima dezv\u0103luie straturi florale delicate, care amintesc de gr\u0103dinile \u00eenflorite sub soare. \u00cen cele din urm\u0103, notele de baz\u0103 de lemn de santal cald \u0219i chihlimbar bogat ofer\u0103 profunzime, l\u0103s\u00e2nd o urm\u0103 persistent\u0103 care capteaz\u0103 aten\u021bia oriunde te-ai plimba.<\/p>\n<h2>Perfect pentru orice ocazie<\/h2>\n<p>Conceput pentru femeia modern\u0103, Apa de Parfum Ophylia Legend este suficient de versatil pentru a completa orice ocazie. Fie c\u0103 te \u00eembraci pentru o gal\u0103 sau te bucuri de un brunch casual cu prietenii, acest parfum \u00ee\u021bi \u00eembun\u0103t\u0103\u021be\u0219te aura, aduc\u00e2nd \u00eencredere \u0219i gra\u021bie. Sticla sa de 100 ml este realizat\u0103 elegant, f\u0103c\u00e2ndu-l un plus frumos pentru toaleta ta, fiind \u00een acela\u0219i timp prietenos cu c\u0103l\u0103toriile. R\u0103sf\u0103\u021ba\u021bi-v\u0103 cu puterea de durat\u0103 a Ophylia Legend, asigur\u00e2ndu-v\u0103 c\u0103 v\u0103 sim\u021bi\u021bi proasp\u0103t \u0219i parfumat pe tot parcursul zilei.<\/p>","protected":false},"excerpt":{"rendered":"<p><strong>Note de varf<\/strong>: prune, caise, sare de mare<br \/>\n<strong>Note de mijloc:<\/strong>\u00a0Note florale, floare de ghimbir<br \/>\n<strong>Note de baza:\u00a0<\/strong>vanilie, boabe de tonka, nisip, ambra<\/p>","protected":false},"featured_media":1663,"comment_status":"open","ping_status":"closed","template":"","meta":{"om_disable_all_campaigns":false,"_monsterinsights_skip_tracking":false,"_monsterinsights_sitenote_active":false,"_monsterinsights_sitenote_note":"","_monsterinsights_sitenote_category":0},"product_brand":[61],"product_cat":[56],"product_tag":[],"class_list":{"0":"post-1662","1":"product","2":"type-product","3":"status-publish","4":"has-post-thumbnail","6":"product_brand-fragance-world","7":"product_cat-pentru-ea","9":"first","10":"instock","11":"shipping-taxable","12":"purchasable","13":"product-type-simple"},"aioseo_notices":[],"ct_brands":[{"id":61,"name":"Fragrance World","slug":"fragance-world"}],"_links":{"self":[{"href":"https:\/\/habibimb.com\/en\/wp-json\/wp\/v2\/product\/1662","targetHints":{"allow":["GET"]}}],"collection":[{"href":"https:\/\/habibimb.com\/en\/wp-json\/wp\/v2\/product"}],"about":[{"href":"https:\/\/habibimb.com\/en\/wp-json\/wp\/v2\/types\/product"}],"replies":[{"embeddable":true,"href":"https:\/\/habibimb.com\/en\/wp-json\/wp\/v2\/comments?post=1662"}],"wp:featuredmedia":[{"embeddable":true,"href":"https:\/\/habibimb.com\/en\/wp-json\/wp\/v2\/media\/1663"}],"wp:attachment":[{"href":"https:\/\/habibimb.com\/en\/wp-json\/wp\/v2\/media?parent=1662"}],"wp:term":[{"taxonomy":"product_brand","embeddable":true,"href":"https:\/\/habibimb.com\/en\/wp-json\/wp\/v2\/product_brand?post=1662"},{"taxonomy":"product_cat","embeddable":true,"href":"https:\/\/habibimb.com\/en\/wp-json\/wp\/v2\/product_cat?post=1662"},{"taxonomy":"product_tag","embeddable":true,"href":"https:\/\/habibimb.com\/en\/wp-json\/wp\/v2\/product_tag?post=1662"}],"curies":[{"name":"wp","href":"https:\/\/api.w.org\/{rel}","templated":true}]}}