{"id":1659,"date":"2025-04-24T22:07:04","date_gmt":"2025-04-24T22:07:04","guid":{"rendered":"https:\/\/habibimb.com\/?post_type=product&#038;p=1659"},"modified":"2026-03-30T09:40:12","modified_gmt":"2026-03-30T09:40:12","slug":"apa-de-parfum-rose-seduction-secret-reveal-fragrance-world-femei-100ml","status":"publish","type":"product","link":"https:\/\/habibimb.com\/en\/product\/apa-de-parfum-rose-seduction-secret-reveal-fragrance-world-femei-100ml\/","title":{"rendered":"Rose Seduction Secret Reveal, Fragrance World"},"content":{"rendered":"<h2>Experimenta\u021bi esen\u021ba romantismului<\/h2>\n<p>V\u0103 prezent\u0103m Apa de Parfum Rose Seduction Secret Reveal de la Fragrance World, un parfum captivant conceput pentru femeia modern\u0103 care \u00eentruchipeaz\u0103 elegan\u021ba \u0219i alura. Acest parfum rafinat, g\u0103zduit \u00eentr-o sticl\u0103 de 100 ml frumos realizat\u0103, surprinde esen\u021ba seduc\u021biei, permi\u021b\u00e2ndu-v\u0103 s\u0103 v\u0103 exprima\u021bi cele mai intime sentimente cu fiecare pulverizare.<\/p>\n<h2>Un amestec captivant de note<\/h2>\n<p>Inima acestui parfum \u00eenc\u00e2nt\u0103tor este un buchet delicat de trandafiri proaspe\u021bi, amestecat armonios cu note de vanilie dulce \u0219i mosc moale. Notele de v\u00e2rf trezesc sim\u021burile cu o explozie r\u0103coritoare de citrice, l\u0103s\u00e2nd loc inimii florale romantice, care este at\u00e2t senzual\u0103, c\u00e2t \u0219i primitoare. Aceast\u0103 combina\u021bie atent organizat\u0103 asigur\u0103 c\u0103 parfumul persist\u0103, cre\u00e2nd o aur\u0103 fascinant\u0103, perfect\u0103 pentru orice ocazie.<\/p>\n<h2>Un parfum de semn\u0103tur\u0103 pentru fiecare femeie<\/h2>\n<p>Apa de Parfum Rose Seduction Secret Reveal este mai mult dec\u00e2t un parfum; Este o experien\u021b\u0103 care \u00ee\u021bi transform\u0103 rutina de zi cu zi \u00eentr-un eveniment plin de farmec. Indiferent dac\u0103 te \u00eendrep\u021bi spre o ie\u0219ire casual sau o \u00eent\u00e2lnire sofisticat\u0103 de sear\u0103, acest parfum \u00ee\u021bi ridic\u0103 prezen\u021ba \u0219i las\u0103 o impresie de durat\u0103. Flaconul de 100 ml nu este doar practic pentru utilizarea de zi cu zi, ci \u0219i suficient de portabil pentru a v\u0103 \u00eenso\u021bi oriunde v\u0103 duce via\u021ba.<\/p>\n<p>Cu fiecare aplicare, \u00eembr\u0103\u021bi\u0219eaz\u0103 \u00eencrederea care vine din purtarea unui parfum de semn\u0103tur\u0103 care rezoneaz\u0103 cu stilul t\u0103u personal. Acest parfum de lux este un cadou perfect pentru tine sau pentru o persoan\u0103 drag\u0103, simboliz\u00e2nd frumuse\u021bea \u0219i gra\u021bia.<\/p>","protected":false},"excerpt":{"rendered":"<p>Inspirat din Tease Creme Cloud by Victoria&#8217;s\u00a0Secret<\/p>\n<p>&nbsp;<\/p>\n<ul>\n<li class=\"\" data-start=\"188\" data-end=\"245\">\n<p class=\"\" data-start=\"190\" data-end=\"245\"><strong data-start=\"190\" data-end=\"206\">Note de v\u00e2rf<\/strong>: <span class=\"relative -mx-px my-[-0.2rem] rounded px-px py-[0.2rem] transition-colors duration-100 ease-in-out\">bezea, vanilie<\/span><\/p>\n<\/li>\n<li class=\"\" data-start=\"246\" data-end=\"305\">\n<p class=\"\" data-start=\"248\" data-end=\"305\"><strong data-start=\"248\" data-end=\"266\">Note de mijloc<\/strong>: <span class=\"relative -mx-px my-[-0.2rem] rounded px-px py-[0.2rem] transition-colors duration-100 ease-in-out\">lemn de santal<\/span><\/p>\n<\/li>\n<li class=\"\" data-start=\"306\" data-end=\"407\">\n<p class=\"\" data-start=\"308\" data-end=\"407\"><strong data-start=\"308\" data-end=\"324\">Note de baz\u0103<\/strong>: <span class=\"relative -mx-px my-[-0.2rem] rounded px-px py-[0.2rem] transition-colors duration-100 ease-in-out\">mosc, chihlimbar<\/span><\/p>\n<\/li>\n<\/ul>","protected":false},"featured_media":1660,"comment_status":"open","ping_status":"closed","template":"","meta":{"om_disable_all_campaigns":false,"_monsterinsights_skip_tracking":false,"_monsterinsights_sitenote_active":false,"_monsterinsights_sitenote_note":"","_monsterinsights_sitenote_category":0},"product_brand":[61],"product_cat":[56],"product_tag":[],"class_list":{"0":"post-1659","1":"product","2":"type-product","3":"status-publish","4":"has-post-thumbnail","6":"product_brand-fragance-world","7":"product_cat-pentru-ea","9":"first","10":"instock","11":"shipping-taxable","12":"purchasable","13":"product-type-simple"},"aioseo_notices":[],"ct_brands":[{"id":61,"name":"Fragrance World","slug":"fragance-world"}],"_links":{"self":[{"href":"https:\/\/habibimb.com\/en\/wp-json\/wp\/v2\/product\/1659","targetHints":{"allow":["GET"]}}],"collection":[{"href":"https:\/\/habibimb.com\/en\/wp-json\/wp\/v2\/product"}],"about":[{"href":"https:\/\/habibimb.com\/en\/wp-json\/wp\/v2\/types\/product"}],"replies":[{"embeddable":true,"href":"https:\/\/habibimb.com\/en\/wp-json\/wp\/v2\/comments?post=1659"}],"wp:featuredmedia":[{"embeddable":true,"href":"https:\/\/habibimb.com\/en\/wp-json\/wp\/v2\/media\/1660"}],"wp:attachment":[{"href":"https:\/\/habibimb.com\/en\/wp-json\/wp\/v2\/media?parent=1659"}],"wp:term":[{"taxonomy":"product_brand","embeddable":true,"href":"https:\/\/habibimb.com\/en\/wp-json\/wp\/v2\/product_brand?post=1659"},{"taxonomy":"product_cat","embeddable":true,"href":"https:\/\/habibimb.com\/en\/wp-json\/wp\/v2\/product_cat?post=1659"},{"taxonomy":"product_tag","embeddable":true,"href":"https:\/\/habibimb.com\/en\/wp-json\/wp\/v2\/product_tag?post=1659"}],"curies":[{"name":"wp","href":"https:\/\/api.w.org\/{rel}","templated":true}]}}