{"id":1656,"date":"2025-04-24T22:04:51","date_gmt":"2025-04-24T22:04:51","guid":{"rendered":"https:\/\/habibimb.com\/?post_type=product&#038;p=1656"},"modified":"2025-10-02T11:28:35","modified_gmt":"2025-10-02T11:28:35","slug":"apa-de-parfum-dolores-pour-femme-fragrance-world-femei-100ml","status":"publish","type":"product","link":"https:\/\/habibimb.com\/en\/product\/apa-de-parfum-dolores-pour-femme-fragrance-world-femei-100ml\/","title":{"rendered":"Dolores Pour Femme, Fragrance World"},"content":{"rendered":"<h2>Experimenta\u021bi elegan\u021ba atemporal\u0103<\/h2>\n<p>R\u0103sf\u0103\u021ba\u021bi-v\u0103 cu alura \u00eenc\u00e2nt\u0103toare a <strong>Apa de Parfum Dolores Pour Femme<\/strong> de la Fragrance World, un parfum de lux creat pentru femeile care apreciaz\u0103 rafinamentul \u0219i gra\u021bia. Acest parfum rafinat ofer\u0103 un amestec armonios de note care surprind esen\u021ba feminit\u0103\u021bii, f\u0103c\u00e2ndu-l un plus perfect pentru colec\u021bia ta de parfumuri. Fie c\u0103 te \u00eembraci pentru o ocazie special\u0103 sau pur \u0219i simplu vrei s\u0103-\u021bi \u00eembun\u0103t\u0103\u021be\u0219ti rutina de zi cu zi, acest parfum te asigur\u0103 s\u0103 la\u0219i o impresie de durat\u0103.<\/p>\n<h2>Dezv\u0103lui\u021bi-v\u0103 c\u0103l\u0103toria unic\u0103 a parfumurilor<\/h2>\n<p>Apa de Parfum Dolores Pour Femme se deschide cu note de v\u00e2rf r\u0103coritoare care \u00ee\u021bi revigoreaz\u0103 sim\u021burile &#8211; note de citrice se \u00eempletesc armonios cu nuan\u021be florale, cre\u00e2nd o esen\u021b\u0103 vibrant\u0103 care danseaz\u0103 pe piele. Pe m\u0103sur\u0103 ce parfumul se dezvolt\u0103, notele de mijloc dezv\u0103luie un buchet frumos, bogat \u00een nuan\u021be florale care \u00eentruchipeaz\u0103 spiritul unei femei \u00eencrez\u0103toare. \u00cen cele din urm\u0103, notele de baz\u0103 se instaleaz\u0103 \u00een nuan\u021be calde \u0219i p\u0103m\u00e2ntii, l\u0103s\u00e2nd o urm\u0103 captivant\u0103 de elegan\u021b\u0103. Acest parfum nu este doar un parfum; este o declara\u021bie.<\/p>\n<h2>Cadoul perfect pentru fiecare femeie<\/h2>\n<p>Prezentat \u00eentr-o sticl\u0103 de 100 ml frumos proiectat\u0103, Apa de Parfum Dolores Pour Femme este mai mult dec\u00e2t un parfum; Este cadoul ideal pentru orice femeie din via\u021ba ta. Fie pentru zile de na\u0219tere, anivers\u0103ri sau pur \u0219i simplu pentru a-\u0219i exprima dragostea \u0219i aprecierea, acest parfum spune multe. Parfumul s\u0103u captivant \u0219i ambalajul luxos \u00eel fac un cadou atent care reflect\u0103 elegan\u021ba \u0219i rafinamentul destinatarului. \u00cembr\u0103\u021bi\u0219a\u021bi oportunitatea de a oferi un cadou care va fi cu siguran\u021b\u0103 pre\u021buit.<\/p>\n<p>\u00cembun\u0103t\u0103\u021be\u0219te-\u021bi experien\u021ba parfumurilor cu Apa de Parfum Dolores Pour Femme de la Fragrance World. Cufunda\u021bi-v\u0103 \u00eentr-un parfum care \u00eentruchipeaz\u0103 \u00eencrederea, gra\u021bia \u0219i feminitatea. Acest parfum este disponibil acum &#8211; transform\u0103-\u021bi colec\u021bia de parfumuri \u0219i \u00eentruchipeaz\u0103 spiritul elegan\u021bei!<\/p>","protected":false},"excerpt":{"rendered":"<p><strong>Note de varf:<\/strong>\u00a0Iris, Sofran, Prune<br \/>\n<strong>Note de mijloc:<\/strong>\u00a0Trandafir, Iasomie<br \/>\n<strong>Note de baza:<\/strong>\u00a0Ambra, Vanilie, Vetiver, Papirus<\/p>","protected":false},"featured_media":1657,"comment_status":"open","ping_status":"closed","template":"","meta":{"om_disable_all_campaigns":false,"_monsterinsights_skip_tracking":false,"_monsterinsights_sitenote_active":false,"_monsterinsights_sitenote_note":"","_monsterinsights_sitenote_category":0},"product_brand":[61],"product_cat":[56],"product_tag":[],"class_list":{"0":"post-1656","1":"product","2":"type-product","3":"status-publish","4":"has-post-thumbnail","6":"product_brand-fragance-world","7":"product_cat-pentru-ea","9":"first","10":"outofstock","11":"shipping-taxable","12":"purchasable","13":"product-type-simple"},"aioseo_notices":[],"ct_brands":[{"id":61,"name":"Fragrance World","slug":"fragance-world"}],"_links":{"self":[{"href":"https:\/\/habibimb.com\/en\/wp-json\/wp\/v2\/product\/1656","targetHints":{"allow":["GET"]}}],"collection":[{"href":"https:\/\/habibimb.com\/en\/wp-json\/wp\/v2\/product"}],"about":[{"href":"https:\/\/habibimb.com\/en\/wp-json\/wp\/v2\/types\/product"}],"replies":[{"embeddable":true,"href":"https:\/\/habibimb.com\/en\/wp-json\/wp\/v2\/comments?post=1656"}],"wp:featuredmedia":[{"embeddable":true,"href":"https:\/\/habibimb.com\/en\/wp-json\/wp\/v2\/media\/1657"}],"wp:attachment":[{"href":"https:\/\/habibimb.com\/en\/wp-json\/wp\/v2\/media?parent=1656"}],"wp:term":[{"taxonomy":"product_brand","embeddable":true,"href":"https:\/\/habibimb.com\/en\/wp-json\/wp\/v2\/product_brand?post=1656"},{"taxonomy":"product_cat","embeddable":true,"href":"https:\/\/habibimb.com\/en\/wp-json\/wp\/v2\/product_cat?post=1656"},{"taxonomy":"product_tag","embeddable":true,"href":"https:\/\/habibimb.com\/en\/wp-json\/wp\/v2\/product_tag?post=1656"}],"curies":[{"name":"wp","href":"https:\/\/api.w.org\/{rel}","templated":true}]}}