{"id":1653,"date":"2025-04-24T22:02:23","date_gmt":"2025-04-24T22:02:23","guid":{"rendered":"https:\/\/habibimb.com\/?post_type=product&#038;p=1653"},"modified":"2025-12-09T06:45:14","modified_gmt":"2025-12-09T06:45:14","slug":"apa-de-parfum-supreme-lhomme-extreme-fragrance-world-barbati-100ml","status":"publish","type":"product","link":"https:\/\/habibimb.com\/en\/product\/apa-de-parfum-supreme-lhomme-extreme-fragrance-world-barbati-100ml\/","title":{"rendered":"Supreme L`Homme Extreme, Fragrance World"},"content":{"rendered":"<h2>Descoperi\u021bi esen\u021ba Supreme L&#8217;Homme Extreme<\/h2>\n<p>Experimenta\u021bi alura captivant\u0103 a <strong>Apa de Parfum Supreme L&#8217;Homme Extreme<\/strong> de la Fragrance World. Acest parfum sofisticat este conceput pentru b\u0103rbatul modern care \u00eembr\u0103\u021bi\u0219eaz\u0103 individualitatea \u0219i apreciaz\u0103 lucrurile fine din via\u021b\u0103. Cu notele sale magistrale, acest parfum serve\u0219te ca un \u00eenso\u021bitor ideal, indiferent dac\u0103 v\u0103 \u00eendrepta\u021bi spre o \u00eent\u00e2lnire de afaceri sau v\u0103 bucura\u021bi de o noapte \u00een ora\u0219. Las\u0103 aroma sa luxoas\u0103 s\u0103 te deschid\u0103 \u00een timp ce faci o impresie memorabil\u0103 oriunde te-ai duce.<\/p>\n<h2>Note care definesc un b\u0103rbat<\/h2>\n<p>Parfumul se deschide cu o explozie r\u0103coritoare de note de v\u00e2rf care revigoreaz\u0103 sim\u021burile, urmat\u0103 de o inim\u0103 bogat\u0103 care prezint\u0103 un amestec rafinat de elemente aromatice. Pe m\u0103sur\u0103 ce parfumul se dezvolt\u0103, notele de baz\u0103 ofer\u0103 un final cald \u0219i senzual care persist\u0103 pe tot parcursul zilei. Fiecare aplicare a <strong>Apa de Parfum Supreme L&#8217;Homme Extreme<\/strong> dezv\u0103luie un nou strat, atrag\u00e2ndu-i pe cei din jurul t\u0103u \u0219i l\u0103s\u00e2nd o impresie de durat\u0103.<\/p>\n<h2>Perfect pentru orice ocazie<\/h2>\n<p>Fie c\u0103 te \u00eembraci pentru un eveniment formal sau pur \u0219i simplu cau\u021bi s\u0103-\u021bi \u00eembun\u0103t\u0103\u021be\u0219ti rutina zilnic\u0103, acest parfum de 100 ml este alegerea perfect\u0103. Versatilitatea sa \u00eel face potrivit pentru toate ocaziile, asigur\u00e2ndu-v\u0103 c\u0103 v\u0103 sim\u021bi\u021bi \u00eentotdeauna \u00eencrez\u0103tor \u0219i echilibrat. Preg\u0103te\u0219te-te s\u0103-\u021bi \u00eembr\u0103\u021bi\u0219ezi stilul unic \u0219i s\u0103-\u021bi exprimi personalitatea prin acest parfum \u00eendr\u0103zne\u021b conceput pentru b\u0103rba\u021bii care doresc s\u0103 ias\u0103 \u00een eviden\u021b\u0103.<\/p>\n<p>\u00cembun\u0103t\u0103\u021be\u0219te-\u021bi colec\u021bia de parfumuri cu <strong>Apa de Parfum Supreme L&#8217;Homme Extreme<\/strong> \u0219i las\u0103 aroma sa distinctiv\u0103 s\u0103 devin\u0103 parte din identitatea ta. Cu fiecare pulverizare, sim\u021bi\u021bi-v\u0103 \u00eemputernici\u021bi \u0219i insufla\u021bi \u00eencredere \u00een prezen\u021ba dumneavoastr\u0103 \u00een timp ce v\u0103 desf\u0103\u0219ura\u021bi ziua cu un farmec irezistibil.<\/p>","protected":false},"excerpt":{"rendered":"<p>Inspirat din Guerlain l&#8217;Homme Ideal\u00a0Extreme<\/p>\n<p>&nbsp;<\/p>\n<ul>\n<li class=\"\" data-start=\"295\" data-end=\"352\">\n<p class=\"\" data-start=\"297\" data-end=\"352\"><strong data-start=\"297\" data-end=\"313\">Note de v\u00e2rf<\/strong>: <span class=\"relative -mx-px my-[-0.2rem] rounded px-px py-[0.2rem] bg-[#FCECC1] dark:bg-[#64572A] transition-colors duration-100 ease-in-out\">migdale, piper roz, bergamot\u0103<\/span><\/p>\n<\/li>\n<li class=\"\" data-start=\"353\" data-end=\"412\">\n<p class=\"\" data-start=\"355\" data-end=\"412\"><strong data-start=\"355\" data-end=\"373\">Note de mijloc<\/strong>: <span class=\"relative -mx-px my-[-0.2rem] rounded px-px py-[0.2rem] bg-[#FCECC1] dark:bg-[#64572A] transition-colors duration-100 ease-in-out\">prune, scor\u021bi\u0219oar\u0103, heliotrop<\/span><\/p>\n<\/li>\n<li class=\"\" data-start=\"413\" data-end=\"514\">\n<p class=\"\" data-start=\"415\" data-end=\"514\"><strong data-start=\"415\" data-end=\"431\">Note de baz\u0103<\/strong>: <span class=\"relative -mx-px my-[-0.2rem] rounded px-px py-[0.2rem] transition-colors duration-100 ease-in-out\">tutun, piele, paciuli, cedru<\/span>\u200b<\/p>\n<\/li>\n<\/ul>","protected":false},"featured_media":1655,"comment_status":"open","ping_status":"closed","template":"","meta":{"om_disable_all_campaigns":false,"_monsterinsights_skip_tracking":false,"_monsterinsights_sitenote_active":false,"_monsterinsights_sitenote_note":"","_monsterinsights_sitenote_category":0},"product_brand":[61],"product_cat":[55],"product_tag":[],"class_list":{"0":"post-1653","1":"product","2":"type-product","3":"status-publish","4":"has-post-thumbnail","6":"product_brand-fragance-world","7":"product_cat-pentru-el","9":"first","10":"outofstock","11":"shipping-taxable","12":"purchasable","13":"product-type-simple"},"aioseo_notices":[],"ct_brands":[{"id":61,"name":"Fragrance World","slug":"fragance-world"}],"_links":{"self":[{"href":"https:\/\/habibimb.com\/en\/wp-json\/wp\/v2\/product\/1653","targetHints":{"allow":["GET"]}}],"collection":[{"href":"https:\/\/habibimb.com\/en\/wp-json\/wp\/v2\/product"}],"about":[{"href":"https:\/\/habibimb.com\/en\/wp-json\/wp\/v2\/types\/product"}],"replies":[{"embeddable":true,"href":"https:\/\/habibimb.com\/en\/wp-json\/wp\/v2\/comments?post=1653"}],"wp:featuredmedia":[{"embeddable":true,"href":"https:\/\/habibimb.com\/en\/wp-json\/wp\/v2\/media\/1655"}],"wp:attachment":[{"href":"https:\/\/habibimb.com\/en\/wp-json\/wp\/v2\/media?parent=1653"}],"wp:term":[{"taxonomy":"product_brand","embeddable":true,"href":"https:\/\/habibimb.com\/en\/wp-json\/wp\/v2\/product_brand?post=1653"},{"taxonomy":"product_cat","embeddable":true,"href":"https:\/\/habibimb.com\/en\/wp-json\/wp\/v2\/product_cat?post=1653"},{"taxonomy":"product_tag","embeddable":true,"href":"https:\/\/habibimb.com\/en\/wp-json\/wp\/v2\/product_tag?post=1653"}],"curies":[{"name":"wp","href":"https:\/\/api.w.org\/{rel}","templated":true}]}}