{"id":1649,"date":"2025-04-24T21:58:14","date_gmt":"2025-04-24T21:58:14","guid":{"rendered":"https:\/\/habibimb.com\/?post_type=product&#038;p=1649"},"modified":"2025-11-04T05:53:15","modified_gmt":"2025-11-04T05:53:15","slug":"apa-de-parfum-emperor-i-fragrance-world-barbati-100ml","status":"publish","type":"product","link":"https:\/\/habibimb.com\/en\/product\/apa-de-parfum-emperor-i-fragrance-world-barbati-100ml\/","title":{"rendered":"Emperor I, Fragrance World"},"content":{"rendered":"<h2>Dezv\u0103luie-\u021bi parfumul semn\u0103tur\u0103<\/h2>\n<p>V\u0103 prezent\u0103m <strong>Apa de Parfum Emperor I<\/strong> de la Fragrance World, un parfum captivant creat special pentru omul modern. Acest parfum excep\u021bional de 100 ml \u00eencapsuleaz\u0103 esen\u021ba rafinamentului, f\u0103c\u00e2ndu-l completarea perfect\u0103 pentru rutina ta zilnic\u0103 sau pentru ocazii speciale. Cu amestecul s\u0103u unic de note, Emperor I nu numai c\u0103 v\u0103 \u00eembun\u0103t\u0103\u021be\u0219te aura, dar las\u0103 \u0219i o impresie de durat\u0103 oriunde merge\u021bi.<\/p>\n<h2>Fuziunea perfect\u0103 a notelor<\/h2>\n<p>Emperor I prezint\u0103 o combina\u021bie atr\u0103g\u0103toare de note de parfum care se \u00eembin\u0103 armonios pentru a crea o experien\u021b\u0103 olfactiv\u0103 bogat\u0103 \u0219i memorabil\u0103. Notele de v\u00e2rf te invit\u0103 cu o explozie proasp\u0103t\u0103 de citrice \u0219i elemente picante care \u00ee\u021bi trezesc sim\u021burile. Pe m\u0103sur\u0103 ce parfumul se dezvolt\u0103, apar note de inim\u0103 cu acorduri lemnoase \u0219i nuan\u021be florale, oferind profunzime \u0219i c\u0103ldur\u0103. \u00cen cele din urm\u0103, notele de baz\u0103 de mosc \u0219i chihlimbar persist\u0103 u\u0219or, asigur\u00e2ndu-v\u0103 c\u0103 prezen\u021ba este sim\u021bit\u0103 mult timp dup\u0103 ce p\u0103r\u0103si\u021bi camera.<\/p>\n<h2>Ambalaje \u00eendr\u0103zne\u021be \u0219i atemporale<\/h2>\n<p>Apa de parfum este g\u0103zduit\u0103 \u00eentr-o sticl\u0103 sofisticat\u0103 care reflect\u0103 con\u021binutul s\u0103u luxos. Designul are linii curate \u0219i o siluet\u0103 \u00eendr\u0103znea\u021b\u0103, \u00eentruchip\u00e2nd spiritul \u00eemp\u0103ratului I. Dimensiunea de 100 ml v\u0103 asigur\u0103 c\u0103 ave\u021bi suficient din acest parfum rafinat pentru a v\u0103 \u00eembun\u0103t\u0103\u021bi experien\u021bele de zi cu zi \u0219i momentele speciale deopotriv\u0103. Ideal pentru cadou sau ca r\u0103sf\u0103\u021b personal, acest parfum este un must-have pentru orice pasionat de parfumuri.<\/p>\n<p>Fie c\u0103 te \u00eembraci pentru o \u00eent\u00e2lnire de afaceri important\u0103, planifici o sear\u0103 romantic\u0103 sau participi la un eveniment grandios, <strong>Apa de Parfum Emperor I<\/strong> este conceput pentru a-\u021bi completa stilul \u0219i a-\u021bi spori \u00eencrederea. \u00cembun\u0103t\u0103\u021be\u0219te-\u021bi colec\u021bia de parfumuri cu acest parfum atemporal care \u00eentruchipeaz\u0103 cu adev\u0103rat arta parfumeriei.<\/p>","protected":false},"excerpt":{"rendered":"<p>Inspirat din Invictus Paco Rabanne<\/p>\n<p>&nbsp;<\/p>\n<ul>\n<li class=\"\" data-start=\"195\" data-end=\"252\">\n<p class=\"\" data-start=\"197\" data-end=\"252\"><strong data-start=\"197\" data-end=\"213\">Note de v\u00e2rf<\/strong>: <span class=\"relative -mx-px my-[-0.2rem] rounded px-px py-[0.2rem] transition-colors duration-100 ease-in-out\">piper negru, lavand\u0103, cardamom \u2013 o deschidere condimentat\u0103 \u0219i aromatic\u0103, care inspir\u0103 \u00eencredere \u0219i dinamism.<\/span><\/p>\n<\/li>\n<li class=\"\" data-start=\"253\" data-end=\"312\">\n<p class=\"\" data-start=\"255\" data-end=\"312\"><strong data-start=\"255\" data-end=\"273\">Note de mijloc<\/strong>: <span class=\"relative -mx-px my-[-0.2rem] rounded px-px py-[0.2rem] transition-colors duration-100 ease-in-out\">t\u0103m\u00e2ie, patchouli \u2013 o inim\u0103 intens\u0103 \u0219i misterioas\u0103, ce adaug\u0103 profunzime \u0219i elegan\u021b\u0103.<\/span><\/p>\n<\/li>\n<li class=\"\" data-start=\"313\" data-end=\"414\">\n<p class=\"\" data-start=\"315\" data-end=\"414\"><strong data-start=\"315\" data-end=\"331\">Note de baz\u0103<\/strong>: <span class=\"relative -mx-px my-[-0.2rem] rounded px-px py-[0.2rem] transition-colors duration-100 ease-in-out\">vanilie, boabe de tonka \u2013 un final cald \u0219i senzual, ce las\u0103 o amprent\u0103 de neuitat.<\/span><\/p>\n<\/li>\n<\/ul>","protected":false},"featured_media":1651,"comment_status":"open","ping_status":"closed","template":"","meta":{"om_disable_all_campaigns":false,"_monsterinsights_skip_tracking":false,"_monsterinsights_sitenote_active":false,"_monsterinsights_sitenote_note":"","_monsterinsights_sitenote_category":0},"product_brand":[61],"product_cat":[55],"product_tag":[],"class_list":{"0":"post-1649","1":"product","2":"type-product","3":"status-publish","4":"has-post-thumbnail","6":"product_brand-fragance-world","7":"product_cat-pentru-el","9":"first","10":"outofstock","11":"shipping-taxable","12":"purchasable","13":"product-type-simple"},"aioseo_notices":[],"ct_brands":[{"id":61,"name":"Fragrance World","slug":"fragance-world"}],"_links":{"self":[{"href":"https:\/\/habibimb.com\/en\/wp-json\/wp\/v2\/product\/1649","targetHints":{"allow":["GET"]}}],"collection":[{"href":"https:\/\/habibimb.com\/en\/wp-json\/wp\/v2\/product"}],"about":[{"href":"https:\/\/habibimb.com\/en\/wp-json\/wp\/v2\/types\/product"}],"replies":[{"embeddable":true,"href":"https:\/\/habibimb.com\/en\/wp-json\/wp\/v2\/comments?post=1649"}],"wp:featuredmedia":[{"embeddable":true,"href":"https:\/\/habibimb.com\/en\/wp-json\/wp\/v2\/media\/1651"}],"wp:attachment":[{"href":"https:\/\/habibimb.com\/en\/wp-json\/wp\/v2\/media?parent=1649"}],"wp:term":[{"taxonomy":"product_brand","embeddable":true,"href":"https:\/\/habibimb.com\/en\/wp-json\/wp\/v2\/product_brand?post=1649"},{"taxonomy":"product_cat","embeddable":true,"href":"https:\/\/habibimb.com\/en\/wp-json\/wp\/v2\/product_cat?post=1649"},{"taxonomy":"product_tag","embeddable":true,"href":"https:\/\/habibimb.com\/en\/wp-json\/wp\/v2\/product_tag?post=1649"}],"curies":[{"name":"wp","href":"https:\/\/api.w.org\/{rel}","templated":true}]}}