{"id":1646,"date":"2025-04-24T21:55:28","date_gmt":"2025-04-24T21:55:28","guid":{"rendered":"https:\/\/habibimb.com\/?post_type=product&#038;p=1646"},"modified":"2025-05-15T07:31:13","modified_gmt":"2025-05-15T07:31:13","slug":"apa-de-parfum-infinite-pour-homme-fragrance-world-barbati-100ml","status":"publish","type":"product","link":"https:\/\/habibimb.com\/en\/product\/apa-de-parfum-infinite-pour-homme-fragrance-world-barbati-100ml\/","title":{"rendered":"Infinite Pour Homme, Fragrance World"},"content":{"rendered":"<h2>Ridic\u0103-\u021bi parfumul cu Infinite Pour Homme<\/h2>\n<p>V\u0103 prezent\u0103m Apa de Parfum Infinite Pour Homme de la Fragrance World, o completare uimitoare a colec\u021biei de parfumuri a oric\u0103rui b\u0103rbat. Conceput\u0103 pentru b\u0103rbatul modern care cere rafinament \u0219i o prezen\u021b\u0103 de neuitat, aceast\u0103 sticl\u0103 de 100 ml \u00eencapsuleaz\u0103 o esen\u021b\u0103 care rezoneaz\u0103 cu \u00eencredere \u0219i farmec. Cu Infinite Pour Homme, nu por\u021bi doar un parfum; face\u021bi o declara\u021bie.<\/p>\n<h2>Alura notelor infinite<\/h2>\n<p>Infinite Pour Homme este un amestec magistral de note florale \u0219i lemnoase bogate care se reunesc pentru a crea un profil olfactiv revigorant. \u00cen v\u00e2rf, citricele vibrante \u0219i condimentele proaspete v\u0103 \u00eent\u00e2mpin\u0103, oferind o explozie ini\u021bial\u0103 de energie. Pe m\u0103sur\u0103 ce parfumul se dezvolt\u0103, se desf\u0103\u0219oar\u0103 o inim\u0103 de flori nuan\u021bate \u0219i ierburi aromatice subtile, cre\u00e2nd un echilibru armonios. \u00cen cele din urm\u0103, notele de baz\u0103 de lemn profund \u0219i mosc las\u0103 o impresie de durat\u0103, asigur\u00e2ndu-se c\u0103 parfumul persist\u0103 pe tot parcursul zilei. Aceast\u0103 progresie dinamic\u0103 v\u0103 prezint\u0103 personalitatea multifa\u021betat\u0103, f\u0103c\u00e2ndu-l ideal pentru orice ocazie.<\/p>\n<h2>Parfumul t\u0103u de semn\u0103tur\u0103 te a\u0219teapt\u0103<\/h2>\n<p>Pentru cei care caut\u0103 un parfum care combin\u0103 elegan\u021ba cu o not\u0103 de \u00eendr\u0103zneal\u0103, Apa de Parfum Infinite Pour Homme este alegerea perfect\u0103. Este conceput pentru a transcende obi\u0219nuitul; Indiferent dac\u0103 te \u00eendrep\u021bi spre un eveniment formal sau te bucuri de o ie\u0219ire casual, acest parfum se adapteaz\u0103 mediului t\u0103u \u0219i adaug\u0103 o not\u0103 final\u0103 remarcabil\u0103. Experimenta\u021bi longevitatea \u0219i intensitatea acestui parfum rafinat care dureaz\u0103 p\u00e2n\u0103 seara, asigur\u00e2ndu-v\u0103 c\u0103 purta\u021bi un aer rafinat oriunde merge\u021bi.<\/p>\n<p>\u00cembr\u0103\u021bi\u0219eaz\u0103 arta stratific\u0103rii parfumurilor cu Infinite Pour Homme, deoarece amestecul s\u0103u unic se potrive\u0219te perfect cu alte produse de \u00eengrijire. \u00cembun\u0103t\u0103\u021be\u0219te-\u021bi rutina de \u00eengrijire \u0219i exploreaz\u0103 o lume de posibilit\u0103\u021bi cu acest parfum \u00eenc\u00e2nt\u0103tor care capteaz\u0103 aten\u021bia, dar nu este niciodat\u0103 cople\u0219itor. Descoper\u0103 ce \u00eenseamn\u0103 s\u0103 por\u021bi un parfum care \u00eentruchipeaz\u0103 perfect stilul \u0219i personalitatea ta.<\/p>\n<p>Experimenta\u021bi puterea transformatoare a Apa de Parfum Infinite Pour Homme de la Fragrance World \u0219i l\u0103sa\u021bi-v\u0103 parfumul s\u0103 v\u0103 deschid\u0103 calea pentru momente de neuitat. R\u0103sf\u0103\u021ba\u021bi-v\u0103 sau oferi\u021bi-l ca pe un cadou de lux &#8211; oferind o experien\u021b\u0103 memorabil\u0103 \u0219i de impact. R\u0103sf\u0103\u021ba\u021bi-v\u0103 cu luxul Infinite Pour Homme \u0219i redefini\u021bi-v\u0103 abordarea parfumului personal.<\/p>","protected":false},"excerpt":{"rendered":"<p>Inspirat din Intense Leather Ferragamo<\/p>\n<p>&nbsp;<\/p>\n<p><strong>Note de varf:<\/strong>\u00a0<span style=\"color: #000000;\"><span style=\"font-family: Raleway, sans-serif;\">Mandarina, Piper roz, Salvie<\/span><\/span><br \/>\n<strong>Note de mijloc:<\/strong>\u00a0Mar, Lacramioara, Radacina de iris<br \/>\n<strong>Note de baza:<\/strong>\u00a0Mosc, Muschi de stejar<\/p>","protected":false},"featured_media":1647,"comment_status":"open","ping_status":"closed","template":"","meta":{"om_disable_all_campaigns":false,"_monsterinsights_skip_tracking":false,"_monsterinsights_sitenote_active":false,"_monsterinsights_sitenote_note":"","_monsterinsights_sitenote_category":0},"product_brand":[61],"product_cat":[55],"product_tag":[],"class_list":{"0":"post-1646","1":"product","2":"type-product","3":"status-publish","4":"has-post-thumbnail","6":"product_brand-fragance-world","7":"product_cat-pentru-el","9":"first","10":"instock","11":"shipping-taxable","12":"purchasable","13":"product-type-simple"},"aioseo_notices":[],"ct_brands":[{"id":61,"name":"Fragrance World","slug":"fragance-world"}],"_links":{"self":[{"href":"https:\/\/habibimb.com\/en\/wp-json\/wp\/v2\/product\/1646","targetHints":{"allow":["GET"]}}],"collection":[{"href":"https:\/\/habibimb.com\/en\/wp-json\/wp\/v2\/product"}],"about":[{"href":"https:\/\/habibimb.com\/en\/wp-json\/wp\/v2\/types\/product"}],"replies":[{"embeddable":true,"href":"https:\/\/habibimb.com\/en\/wp-json\/wp\/v2\/comments?post=1646"}],"wp:featuredmedia":[{"embeddable":true,"href":"https:\/\/habibimb.com\/en\/wp-json\/wp\/v2\/media\/1647"}],"wp:attachment":[{"href":"https:\/\/habibimb.com\/en\/wp-json\/wp\/v2\/media?parent=1646"}],"wp:term":[{"taxonomy":"product_brand","embeddable":true,"href":"https:\/\/habibimb.com\/en\/wp-json\/wp\/v2\/product_brand?post=1646"},{"taxonomy":"product_cat","embeddable":true,"href":"https:\/\/habibimb.com\/en\/wp-json\/wp\/v2\/product_cat?post=1646"},{"taxonomy":"product_tag","embeddable":true,"href":"https:\/\/habibimb.com\/en\/wp-json\/wp\/v2\/product_tag?post=1646"}],"curies":[{"name":"wp","href":"https:\/\/api.w.org\/{rel}","templated":true}]}}