{"id":1643,"date":"2025-04-24T21:53:27","date_gmt":"2025-04-24T21:53:27","guid":{"rendered":"https:\/\/habibimb.com\/?post_type=product&#038;p=1643"},"modified":"2026-04-02T07:06:29","modified_gmt":"2026-04-02T07:06:29","slug":"apa-de-parfum-emperor-ii-fragrance-world-barbati-100ml","status":"publish","type":"product","link":"https:\/\/habibimb.com\/en\/product\/apa-de-parfum-emperor-ii-fragrance-world-barbati-100ml\/","title":{"rendered":"Emperor II, Fragrance World"},"content":{"rendered":"<h2>Descoper\u0103 esen\u021ba elegan\u021bei<\/h2>\n<p>P\u0103\u0219e\u0219te \u00eentr-o lume a rafinamentului cu Apa de Parfum Emperor II de la Fragrance World. Conceput pentru b\u0103rbatul modern care eman\u0103 \u00eencredere \u0219i carism\u0103, acest parfum de 100 ml este un amestec perfect de note \u00eendr\u0103zne\u021be \u0219i rafinate. Fie c\u0103 te \u00eembraci pentru un eveniment special sau vrei s\u0103 impresionezi \u00eentr-o ie\u0219ire casual, Emperor II \u00ee\u021bi \u00eembun\u0103t\u0103\u021be\u0219te prezen\u021ba \u00een timp ce face o impresie de durat\u0103.<\/p>\n<h2>Note care captiveaz\u0103<\/h2>\n<p>Parfumul se deschide cu o explozie vibrant\u0103 de citrice \u0219i condimente aromatice, cre\u00e2nd o aur\u0103 r\u0103coritoare \u0219i energic\u0103. Pe m\u0103sur\u0103 ce evolueaz\u0103, devin evidente note mai profunde de lemn \u0219i mosc, \u00eenv\u0103luindu-te \u00eentr-o \u00eembr\u0103\u021bi\u0219are cald\u0103 care persist\u0103 pe tot parcursul zilei. Compozi\u021bia bogat\u0103 a Emperor II asigur\u0103 c\u0103 nu este doar un parfum, ci o reflectare a personalit\u0103\u021bii tale, f\u0103c\u00e2ndu-l un plus esen\u021bial pentru colec\u021bia fiec\u0103rui gentleman.<\/p>\n<h2>De ce s\u0103 alegi Emperor II?<\/h2>\n<p>Apa de Parfum Emperor II este mai mult dec\u00e2t un parfum; este o declara\u021bie de stil \u0219i distinc\u021bie. Acest parfum rafinat este perfect pentru orice ocazie, fie c\u0103 este vorba de o cin\u0103 romantic\u0103, o \u00eent\u00e2lnire de afaceri sau o sear\u0103 cu prietenii. Flaconul compact de 100 ml \u00eel face u\u0219or de transportat, permi\u021b\u00e2ndu-v\u0103 s\u0103 v\u0103 re\u00eemprosp\u0103ta\u021bi parfumul oric\u00e2nd \u0219i oriunde. Experimenteaz\u0103 farmecul Emperor II \u0219i transform\u0103-\u021bi rutina zilnic\u0103 \u00eentr-un ritual de lux.<\/p>","protected":false},"excerpt":{"rendered":"<p>Inspirat din Creed Aventus<\/p>\n<p>&nbsp;<\/p>\n<p><strong>Note de varf:<\/strong>\u00a0bergamot, ananas, coacaze negre, mar<br \/>\n<strong>Note de mijloc:<\/strong>\u00a0trandafir, iasomie, sicomor, paciuli<br \/>\n<strong>Note de baza:<\/strong>\u00a0vanilie, muschi de stejar, mosc, ambra<\/p>","protected":false},"featured_media":1644,"comment_status":"open","ping_status":"closed","template":"","meta":{"om_disable_all_campaigns":false,"_monsterinsights_skip_tracking":false,"_monsterinsights_sitenote_active":false,"_monsterinsights_sitenote_note":"","_monsterinsights_sitenote_category":0},"product_brand":[61],"product_cat":[55],"product_tag":[],"class_list":{"0":"post-1643","1":"product","2":"type-product","3":"status-publish","4":"has-post-thumbnail","6":"product_brand-fragance-world","7":"product_cat-pentru-el","9":"first","10":"outofstock","11":"shipping-taxable","12":"purchasable","13":"product-type-simple"},"aioseo_notices":[],"ct_brands":[{"id":61,"name":"Fragrance World","slug":"fragance-world"}],"_links":{"self":[{"href":"https:\/\/habibimb.com\/en\/wp-json\/wp\/v2\/product\/1643","targetHints":{"allow":["GET"]}}],"collection":[{"href":"https:\/\/habibimb.com\/en\/wp-json\/wp\/v2\/product"}],"about":[{"href":"https:\/\/habibimb.com\/en\/wp-json\/wp\/v2\/types\/product"}],"replies":[{"embeddable":true,"href":"https:\/\/habibimb.com\/en\/wp-json\/wp\/v2\/comments?post=1643"}],"wp:featuredmedia":[{"embeddable":true,"href":"https:\/\/habibimb.com\/en\/wp-json\/wp\/v2\/media\/1644"}],"wp:attachment":[{"href":"https:\/\/habibimb.com\/en\/wp-json\/wp\/v2\/media?parent=1643"}],"wp:term":[{"taxonomy":"product_brand","embeddable":true,"href":"https:\/\/habibimb.com\/en\/wp-json\/wp\/v2\/product_brand?post=1643"},{"taxonomy":"product_cat","embeddable":true,"href":"https:\/\/habibimb.com\/en\/wp-json\/wp\/v2\/product_cat?post=1643"},{"taxonomy":"product_tag","embeddable":true,"href":"https:\/\/habibimb.com\/en\/wp-json\/wp\/v2\/product_tag?post=1643"}],"curies":[{"name":"wp","href":"https:\/\/api.w.org\/{rel}","templated":true}]}}