{"id":1640,"date":"2025-04-24T21:50:30","date_gmt":"2025-04-24T21:50:30","guid":{"rendered":"https:\/\/habibimb.com\/?post_type=product&#038;p=1640"},"modified":"2025-05-15T07:31:13","modified_gmt":"2025-05-15T07:31:13","slug":"apa-de-parfum-le-bois-noir-fragrance-world-barbati-100ml","status":"publish","type":"product","link":"https:\/\/habibimb.com\/en\/product\/apa-de-parfum-le-bois-noir-fragrance-world-barbati-100ml\/","title":{"rendered":"Le Bois Noir, Fragrance World"},"content":{"rendered":"<h2>Descoperi\u021bi profunzimea Le Bois Noir<\/h2>\n<p>R\u0103sf\u0103\u021ba\u021bi-v\u0103 cu parfumul captivant al Apa de Parfum Le Bois Noir de la Fragrance World. Creat pentru b\u0103rba\u021bii contemporani, acest parfum este un amestec perfect de rafinament \u0219i alur\u0103. Cu un amestec conving\u0103tor de note, evoc\u0103 un sentiment de mister \u0219i elegan\u021b\u0103, f\u0103c\u00e2ndu-l un plus esen\u021bial pentru orice colec\u021bie de parfumuri. Sticla de 100 ml are un design elegant, \u00eentruchip\u00e2nd esen\u021ba parfumului din interior.<\/p>\n<h2>Un amestec unic de note<\/h2>\n<p>Le Bois Noir v\u0103 prezint\u0103 o experien\u021b\u0103 olfactiv\u0103 unic\u0103. Parfumul se deschide cu note de v\u00e2rf aromate care excit\u0103 sim\u021burile, trec\u00e2nd \u00eentr-o inim\u0103 cald\u0103 care captiveaz\u0103 \u0219i \u00eenc\u00e2nt\u0103. Notele de baz\u0103 persist\u0103 pe piele, l\u0103s\u00e2nd o impresie de durat\u0103 care eviden\u021biaz\u0103 profunzimea acestui parfum rafinat. Acesta este mai mult dec\u00e2t un simplu parfum; este o declara\u021bie de stil \u0219i personalitate.<\/p>\n<h2>De ce s\u0103 alegi Apa de Parfum Le Bois Noir?<\/h2>\n<p>Alegerea Apa de Parfum Le Bois Noir \u00eenseamn\u0103 alegerea unui parfum care iese \u00een eviden\u021b\u0103. Formula sa de lung\u0103 durat\u0103 v\u0103 asigur\u0103 c\u0103 r\u0103m\u00e2ne\u021bi \u00eenv\u0103luit \u00een aroma sa \u00eenc\u00e2nt\u0103toare pe tot parcursul zilei. Ideal at\u00e2t pentru ie\u0219iri casual, c\u00e2t \u0219i pentru evenimente formale, acest parfum este suficient de versatil pentru a se potrivi oric\u0103rei ocazii. F\u0103-\u021bi sim\u021bit\u0103 prezen\u021ba \u0219i las\u0103 o amprent\u0103 de neuitat cu acest parfum remarcabil. \u00cembun\u0103t\u0103\u021be\u0219te-\u021bi rutina zilnic\u0103 cu un spritz de Le Bois Noir, unde fiecare moment devine o experien\u021b\u0103 memorabil\u0103.<\/p>","protected":false},"excerpt":{"rendered":"<p>Inspirat din Bois Noir Robert\u00a0Piguet<\/p>\n<p>&nbsp;<\/p>\n<p>Note de varf: Lemn de Gaiac, Lemn de Cedru<\/p>\n<p>Note de inima: lemn de santal, paciuli<\/p>\n<p>Note de baza: balsam, cistus absolut<\/p>","protected":false},"featured_media":1642,"comment_status":"open","ping_status":"closed","template":"","meta":{"om_disable_all_campaigns":false,"_monsterinsights_skip_tracking":false,"_monsterinsights_sitenote_active":false,"_monsterinsights_sitenote_note":"","_monsterinsights_sitenote_category":0},"product_brand":[61],"product_cat":[55],"product_tag":[],"class_list":{"0":"post-1640","1":"product","2":"type-product","3":"status-publish","4":"has-post-thumbnail","6":"product_brand-fragance-world","7":"product_cat-pentru-el","9":"first","10":"instock","11":"shipping-taxable","12":"purchasable","13":"product-type-simple"},"aioseo_notices":[],"ct_brands":[{"id":61,"name":"Fragrance World","slug":"fragance-world"}],"_links":{"self":[{"href":"https:\/\/habibimb.com\/en\/wp-json\/wp\/v2\/product\/1640","targetHints":{"allow":["GET"]}}],"collection":[{"href":"https:\/\/habibimb.com\/en\/wp-json\/wp\/v2\/product"}],"about":[{"href":"https:\/\/habibimb.com\/en\/wp-json\/wp\/v2\/types\/product"}],"replies":[{"embeddable":true,"href":"https:\/\/habibimb.com\/en\/wp-json\/wp\/v2\/comments?post=1640"}],"wp:featuredmedia":[{"embeddable":true,"href":"https:\/\/habibimb.com\/en\/wp-json\/wp\/v2\/media\/1642"}],"wp:attachment":[{"href":"https:\/\/habibimb.com\/en\/wp-json\/wp\/v2\/media?parent=1640"}],"wp:term":[{"taxonomy":"product_brand","embeddable":true,"href":"https:\/\/habibimb.com\/en\/wp-json\/wp\/v2\/product_brand?post=1640"},{"taxonomy":"product_cat","embeddable":true,"href":"https:\/\/habibimb.com\/en\/wp-json\/wp\/v2\/product_cat?post=1640"},{"taxonomy":"product_tag","embeddable":true,"href":"https:\/\/habibimb.com\/en\/wp-json\/wp\/v2\/product_tag?post=1640"}],"curies":[{"name":"wp","href":"https:\/\/api.w.org\/{rel}","templated":true}]}}