{"id":1637,"date":"2025-04-24T21:48:17","date_gmt":"2025-04-24T21:48:17","guid":{"rendered":"https:\/\/habibimb.com\/?post_type=product&#038;p=1637"},"modified":"2025-05-15T07:31:13","modified_gmt":"2025-05-15T07:31:13","slug":"apa-de-parfum-deux-cent-douze-vip-black-fragrance-world-barbati-100ml","status":"publish","type":"product","link":"https:\/\/habibimb.com\/en\/product\/apa-de-parfum-deux-cent-douze-vip-black-fragrance-world-barbati-100ml\/","title":{"rendered":"Deux Cent Douze VIP Black, Fragrance World"},"content":{"rendered":"<h2>Dezl\u0103n\u021buie-\u021bi sim\u021burile cu Deux Cent Douze VIP Black<\/h2>\n<p>Experimenta\u021bi farmecul rafinamentului \u0219i misterului cu Apa de Parfum Deux Cent Douze VIP Black de la Fragrance World. Conceput pentru domnul exigent, acest parfum captivant este accesoriul perfect pentru orice ocazie. Indiferent dac\u0103 participa\u021bi la o cin\u0103 elegant\u0103 sau la o \u00eent\u00e2lnire casual, acest parfum v\u0103 asigur\u0103 c\u0103 ve\u021bi l\u0103sa o impresie de durat\u0103.<\/p>\n<h2>Un amestec unic de note<\/h2>\n<p>Deux Cent Douze VIP Black ofer\u0103 un amestec magistral de note aromatice care se desf\u0103\u0219oar\u0103 frumos pe piele. \u00cen partea de sus, e\u0219ti \u00eent\u00e2mpinat cu citrice vibrante care ofer\u0103 o explozie r\u0103coritoare de energie. Pe m\u0103sur\u0103 ce parfumul se dezvolt\u0103, inima dezv\u0103luie o combina\u021bie intrigant\u0103 de condimente \u0219i note florale, cre\u00e2nd un profil olfactiv bine rotunjit, care este at\u00e2t cald, c\u00e2t \u0219i primitor. \u00cen cele din urm\u0103, notele de baz\u0103 ofer\u0103 o baz\u0103 bogat\u0103, lemnoas\u0103, care persist\u0103, f\u0103c\u00e2nd acest parfum distinct \u0219i memorabil.<\/p>\n<h2>Perfect pentru orice ocazie<\/h2>\n<p>Aceast\u0103 sticl\u0103 de parfum de 100 ml este conceput\u0103 pentru cei care doresc un parfum versatil \u0219i potrivit pentru toate ocaziile. Aura robust\u0103 \u0219i sofisticat\u0103 a Apa de Parfum Deux Cent Douze VIP Black o face ideal\u0103 pentru purtarea de zi cu zi sau pentru evenimente speciale. Formula sa de lung\u0103 durat\u0103 v\u0103 asigur\u0103 c\u0103 ve\u021bi mirosi fantastic din zori p\u00e2n\u0103 seara, permi\u021b\u00e2ndu-v\u0103 s\u0103 emana\u021bi \u00eencredere \u0219i farmec indiferent de cadru.<\/p>\n<p>R\u0103sf\u0103\u021ba\u021bi-v\u0103 cu o experien\u021b\u0103 olfactiv\u0103 care define\u0219te elegan\u021ba \u0219i stilul cu Apa de Parfum Deux Cent Douze VIP Black. Perfect pentru tine sau ca cadou pentru o persoan\u0103 drag\u0103, acest parfum \u00eentruchipeaz\u0103 esen\u021ba masculinit\u0103\u021bii moderne, s\u0103rb\u0103torind \u00een acela\u0219i timp individualitatea. \u00cembun\u0103t\u0103\u021be\u0219te-\u021bi colec\u021bia de parfumuri ast\u0103zi!<\/p>","protected":false},"excerpt":{"rendered":"<p>Inspirat din 212 Vip Black by Carolina\u00a0Herrera<\/p>\n<p>&nbsp;<\/p>\n<ul>\n<li class=\"\" data-start=\"278\" data-end=\"335\">\n<p class=\"\" data-start=\"280\" data-end=\"335\"><strong data-start=\"280\" data-end=\"296\">Note de v\u00e2rf<\/strong>: <span class=\"relative -mx-px my-[-0.2rem] rounded px-px py-[0.2rem] transition-colors duration-100 ease-in-out\">Absint, Anason stelat, Fenicul<\/span><\/p>\n<\/li>\n<li class=\"\" data-start=\"336\" data-end=\"395\">\n<p class=\"\" data-start=\"338\" data-end=\"395\"><strong data-start=\"338\" data-end=\"356\">Note de mijloc<\/strong>: <span class=\"relative -mx-px my-[-0.2rem] rounded px-px py-[0.2rem] transition-colors duration-100 ease-in-out\">Lavand\u0103<\/span><\/p>\n<\/li>\n<li class=\"\" data-start=\"396\" data-end=\"497\">\n<p class=\"\" data-start=\"398\" data-end=\"497\"><strong data-start=\"398\" data-end=\"414\">Note de baz\u0103<\/strong>: <span class=\"relative -mx-px my-[-0.2rem] rounded px-px py-[0.2rem] transition-colors duration-100 ease-in-out\">Vanilie dulce, Note de piele<\/span><\/p>\n<\/li>\n<\/ul>","protected":false},"featured_media":1639,"comment_status":"open","ping_status":"closed","template":"","meta":{"om_disable_all_campaigns":false,"_monsterinsights_skip_tracking":false,"_monsterinsights_sitenote_active":false,"_monsterinsights_sitenote_note":"","_monsterinsights_sitenote_category":0},"product_brand":[61],"product_cat":[55],"product_tag":[],"class_list":{"0":"post-1637","1":"product","2":"type-product","3":"status-publish","4":"has-post-thumbnail","6":"product_brand-fragance-world","7":"product_cat-pentru-el","9":"first","10":"instock","11":"shipping-taxable","12":"purchasable","13":"product-type-simple"},"aioseo_notices":[],"ct_brands":[{"id":61,"name":"Fragrance World","slug":"fragance-world"}],"_links":{"self":[{"href":"https:\/\/habibimb.com\/en\/wp-json\/wp\/v2\/product\/1637","targetHints":{"allow":["GET"]}}],"collection":[{"href":"https:\/\/habibimb.com\/en\/wp-json\/wp\/v2\/product"}],"about":[{"href":"https:\/\/habibimb.com\/en\/wp-json\/wp\/v2\/types\/product"}],"replies":[{"embeddable":true,"href":"https:\/\/habibimb.com\/en\/wp-json\/wp\/v2\/comments?post=1637"}],"wp:featuredmedia":[{"embeddable":true,"href":"https:\/\/habibimb.com\/en\/wp-json\/wp\/v2\/media\/1639"}],"wp:attachment":[{"href":"https:\/\/habibimb.com\/en\/wp-json\/wp\/v2\/media?parent=1637"}],"wp:term":[{"taxonomy":"product_brand","embeddable":true,"href":"https:\/\/habibimb.com\/en\/wp-json\/wp\/v2\/product_brand?post=1637"},{"taxonomy":"product_cat","embeddable":true,"href":"https:\/\/habibimb.com\/en\/wp-json\/wp\/v2\/product_cat?post=1637"},{"taxonomy":"product_tag","embeddable":true,"href":"https:\/\/habibimb.com\/en\/wp-json\/wp\/v2\/product_tag?post=1637"}],"curies":[{"name":"wp","href":"https:\/\/api.w.org\/{rel}","templated":true}]}}