{"id":1634,"date":"2025-04-24T21:44:44","date_gmt":"2025-04-24T21:44:44","guid":{"rendered":"https:\/\/habibimb.com\/?post_type=product&#038;p=1634"},"modified":"2025-10-30T08:14:47","modified_gmt":"2025-10-30T08:14:47","slug":"apa-de-parfum-la-fleur-fragrance-world-unisex-100ml","status":"publish","type":"product","link":"https:\/\/habibimb.com\/en\/product\/apa-de-parfum-la-fleur-fragrance-world-unisex-100ml\/","title":{"rendered":"La Fleur, Fragrance World"},"content":{"rendered":"<h2>Descoperi\u021bi esen\u021ba La Fleur<\/h2>\n<p>V\u0103 prezent\u0103m Apa de Parfum La Fleur de la Fragrance World, un parfum captivant conceput at\u00e2t pentru b\u0103rba\u021bi, c\u00e2t \u0219i pentru femei. Acest parfum unisex \u00eembin\u0103 elegan\u021ba cu un farmec atr\u0103g\u0103tor, f\u0103c\u00e2ndu-l un plus perfect pentru orice colec\u021bie de parfumuri. Fie c\u0103 te \u00eembraci pentru o ie\u0219ire casual sau pentru un eveniment formal, La Fleur \u00ee\u021bi completeaz\u0103 stilul \u0219i \u00ee\u021bi spore\u0219te prezen\u021ba.<\/p>\n<h2>Un parfum care spune o poveste<\/h2>\n<p>La Fleur surprinde un echilibru delicat de note florale \u0219i lemnoase, evoc\u00e2nd sentimente de prospe\u021bime \u0219i rafinament. Notele de v\u00e2rf izbucnesc cu citrice vibrante \u0219i o not\u0103 de dulcea\u021b\u0103, \u00een timp ce inima dezv\u0103luie un buchet bogat de flori \u00eenflorite, conferind o elegan\u021b\u0103 atemporal\u0103. Pe m\u0103sur\u0103 ce parfumul se a\u0219eaz\u0103, notele de baz\u0103 de lemn cald \u0219i mosc subtil persist\u0103, l\u0103s\u00e2nd o impresie de durat\u0103, care este at\u00e2t memorabil\u0103, c\u00e2t \u0219i primitoare.<\/p>\n<h2>Partenerul t\u0103u ideal de zi cu zi<\/h2>\n<p>Ceea ce diferen\u021biaz\u0103 Apa de Parfum La Fleur este versatilitatea sa. Conceput\u0103 pentru purtarea zilnic\u0103, aceast\u0103 sticl\u0103 de 100 ml este perfect\u0103 pentru pulverizare pe tot parcursul zilei, asigur\u00e2ndu-v\u0103 c\u0103 v\u0103 sim\u021bi\u021bi revigorat \u0219i \u00eencrez\u0103tor. Aroma sa sofisticat\u0103 trece f\u0103r\u0103 probleme de la zi la noapte, f\u0103c\u00e2ndu-l potrivit pentru toate ocaziile. Experimenta\u021bi amestecul armonios care face din La Fleur un parfum celebru \u00een r\u00e2ndul publicului divers.<\/p>\n<p>Fie c\u0103 cump\u0103ra\u021bi pentru dumneavoastr\u0103 sau ca cadou pentru o persoan\u0103 drag\u0103, La Fleur este parfumul pe care toat\u0103 lumea \u00eel pre\u021buie\u0219te. \u00cembun\u0103t\u0103\u021be\u0219te-\u021bi experien\u021ba olfactiv\u0103 \u0219i las\u0103-\u021bi personalitatea s\u0103 str\u0103luceasc\u0103 cu acest minunat parfum unisex.<\/p>","protected":false},"excerpt":{"rendered":"<p>Inspirat din Fleur Narcotique by Ex\u00a0Nihilo<\/p>\n<p>&nbsp;<\/p>\n<ul>\n<li class=\"\" data-start=\"195\" data-end=\"252\">\n<p class=\"\" data-start=\"197\" data-end=\"252\"><strong data-start=\"197\" data-end=\"213\">Note de v\u00e2rf<\/strong>: <span class=\"relative -mx-px my-[-0.2rem] rounded px-px py-[0.2rem] transition-colors duration-100 ease-in-out\">Litchi, Bergamot\u0103, Piersic\u0103<\/span><\/p>\n<\/li>\n<li class=\"\" data-start=\"253\" data-end=\"312\">\n<p class=\"\" data-start=\"255\" data-end=\"312\"><strong data-start=\"255\" data-end=\"273\">Note de mijloc<\/strong>: <span class=\"relative -mx-px my-[-0.2rem] rounded px-px py-[0.2rem] transition-colors duration-100 ease-in-out\">Bujor, Floare de portocal, Iasomie, Petalie<\/span><\/p>\n<\/li>\n<li class=\"\" data-start=\"313\" data-end=\"414\">\n<p class=\"\" data-start=\"315\" data-end=\"414\"><strong data-start=\"315\" data-end=\"331\">Note de baz\u0103<\/strong>: <span class=\"relative -mx-px my-[-0.2rem] rounded px-px py-[0.2rem] transition-colors duration-100 ease-in-out\">Mosc, Mu\u0219chi, Note lemnoase<\/span>\u200b<\/p>\n<\/li>\n<\/ul>","protected":false},"featured_media":1636,"comment_status":"open","ping_status":"closed","template":"","meta":{"om_disable_all_campaigns":false,"_monsterinsights_skip_tracking":false,"_monsterinsights_sitenote_active":false,"_monsterinsights_sitenote_note":"","_monsterinsights_sitenote_category":0},"product_brand":[61],"product_cat":[57],"product_tag":[],"class_list":{"0":"post-1634","1":"product","2":"type-product","3":"status-publish","4":"has-post-thumbnail","6":"product_brand-fragance-world","7":"product_cat-unisex","9":"first","10":"outofstock","11":"shipping-taxable","12":"purchasable","13":"product-type-simple"},"aioseo_notices":[],"ct_brands":[{"id":61,"name":"Fragrance World","slug":"fragance-world"}],"_links":{"self":[{"href":"https:\/\/habibimb.com\/en\/wp-json\/wp\/v2\/product\/1634","targetHints":{"allow":["GET"]}}],"collection":[{"href":"https:\/\/habibimb.com\/en\/wp-json\/wp\/v2\/product"}],"about":[{"href":"https:\/\/habibimb.com\/en\/wp-json\/wp\/v2\/types\/product"}],"replies":[{"embeddable":true,"href":"https:\/\/habibimb.com\/en\/wp-json\/wp\/v2\/comments?post=1634"}],"wp:featuredmedia":[{"embeddable":true,"href":"https:\/\/habibimb.com\/en\/wp-json\/wp\/v2\/media\/1636"}],"wp:attachment":[{"href":"https:\/\/habibimb.com\/en\/wp-json\/wp\/v2\/media?parent=1634"}],"wp:term":[{"taxonomy":"product_brand","embeddable":true,"href":"https:\/\/habibimb.com\/en\/wp-json\/wp\/v2\/product_brand?post=1634"},{"taxonomy":"product_cat","embeddable":true,"href":"https:\/\/habibimb.com\/en\/wp-json\/wp\/v2\/product_cat?post=1634"},{"taxonomy":"product_tag","embeddable":true,"href":"https:\/\/habibimb.com\/en\/wp-json\/wp\/v2\/product_tag?post=1634"}],"curies":[{"name":"wp","href":"https:\/\/api.w.org\/{rel}","templated":true}]}}