{"id":1629,"date":"2025-04-24T21:41:46","date_gmt":"2025-04-24T21:41:46","guid":{"rendered":"https:\/\/habibimb.com\/?post_type=product&#038;p=1629"},"modified":"2025-05-15T07:31:12","modified_gmt":"2025-05-15T07:31:12","slug":"apa-de-parfum-artisan-perfumery-arabian-incense-fragrance-world-unisex-80ml","status":"publish","type":"product","link":"https:\/\/habibimb.com\/en\/product\/apa-de-parfum-artisan-perfumery-arabian-incense-fragrance-world-unisex-80ml\/","title":{"rendered":"Artisan Perfumery Arabian Incense, Fragrance World, 80"},"content":{"rendered":"<h2>Experimenta\u021bi farmecul t\u0103m\u00e2iei arabe<\/h2>\n<p>P\u0103\u0219e\u0219te \u00eentr-o lume a parfumurilor exotice cu Apa de Parfum Artisan Perfumery Arabian Incense, un parfum captivant creat de Fragrance World. Acest parfum unisex este conceput pentru cei care apreciaz\u0103 lucrurile fine din via\u021b\u0103 \u0219i caut\u0103 o experien\u021b\u0103 olfactiv\u0103 unic\u0103. Notele sale bogate \u0219i complexe te transport\u0103 \u00een inima pie\u021belor antice, unde aerul este plin de mirosuri de t\u0103m\u00e2ie sacr\u0103 \u0219i comori mistice.<\/p>\n<h2>Un parfum pentru fiecare ocazie<\/h2>\n<p>Frumuse\u021bea acestui parfum const\u0103 \u00een versatilitatea sa. Fie c\u0103 te \u00eembraci pentru un eveniment special sau cau\u021bi un parfum de zi cu zi care s\u0103 reflecte personalitatea ta, parfumul Arabian Germense este potrivirea perfect\u0103. Amestecul s\u0103u \u00eenc\u00e2nt\u0103tor de condimente calde, lemn bogat \u0219i ierburi aromatice creeaz\u0103 o arom\u0103 fascinant\u0103 care persist\u0103 pe tot parcursul zilei, f\u0103c\u00e2ndu-l o alegere ideal\u0103 at\u00e2t pentru set\u0103rile casual, c\u00e2t \u0219i pentru cele formale.<\/p>\n<h2>M\u0103iestrie de \u00eenalt\u0103 calitate<\/h2>\n<p>Realizat\u0103 cu grij\u0103 \u0219i precizie, Apa de Parfum Artisan Perfumery Arabian Incense prezint\u0103 m\u0103iestria parfumeriei. Sticla de 80 ml are un design elegant, asigur\u00e2ndu-se c\u0103 iese \u00een eviden\u021b\u0103 \u00een colec\u021bia dvs., oferind \u00een acela\u0219i timp u\u0219urin\u021b\u0103 \u00een utilizare. Fabricat cu ingrediente de \u00eenalt\u0103 calitate, acest parfum promite s\u0103 ofere o experien\u021b\u0103 de lung\u0103 durat\u0103 \u0219i \u00eenc\u00e2nt\u0103toare, surprinz\u00e2nd esen\u021ba naturii. \u00cembr\u0103\u021bi\u0219eaz\u0103 parfumul \u00eenc\u00e2nt\u0103tor \u0219i las\u0103-l s\u0103 devin\u0103 parte din ritualul t\u0103u zilnic, l\u0103s\u00e2nd o urm\u0103 u\u0219oar\u0103 de rafinament oriunde te-ai duce<\/p>","protected":false},"excerpt":{"rendered":"<p>Inspirat din Sahara Noir Tom\u00a0Ford<\/p>\n<p>&nbsp;<\/p>\n<ul>\n<li class=\"\" data-start=\"195\" data-end=\"252\">\n<p class=\"\" data-start=\"197\" data-end=\"252\"><strong data-start=\"197\" data-end=\"213\">Note de v\u00e2rf<\/strong>: <span class=\"relative -mx-px my-[-0.2rem] rounded px-px py-[0.2rem] transition-colors duration-100 ease-in-out\">Tamaie, Chiparos<\/span><\/p>\n<\/li>\n<li class=\"\" data-start=\"253\" data-end=\"312\">\n<p class=\"\" data-start=\"255\" data-end=\"312\"><strong data-start=\"255\" data-end=\"273\">Note de mijloc<\/strong>: <span class=\"relative -mx-px my-[-0.2rem] rounded px-px py-[0.2rem] transition-colors duration-100 ease-in-out\">Cedru, Paciuli, Lemn de Guaiac<\/span><\/p>\n<\/li>\n<li class=\"\" data-start=\"313\" data-end=\"414\">\n<p class=\"\" data-start=\"315\" data-end=\"414\"><strong data-start=\"315\" data-end=\"331\">Note de baz\u0103<\/strong>: <span class=\"relative -mx-px my-[-0.2rem] rounded px-px py-[0.2rem] transition-colors duration-100 ease-in-out\">Benzoina, Ambr\u0103<\/span><\/p>\n<\/li>\n<\/ul>","protected":false},"featured_media":1632,"comment_status":"open","ping_status":"closed","template":"","meta":{"om_disable_all_campaigns":false,"_monsterinsights_skip_tracking":false,"_monsterinsights_sitenote_active":false,"_monsterinsights_sitenote_note":"","_monsterinsights_sitenote_category":0},"product_brand":[61],"product_cat":[57],"product_tag":[],"class_list":{"0":"post-1629","1":"product","2":"type-product","3":"status-publish","4":"has-post-thumbnail","6":"product_brand-fragance-world","7":"product_cat-unisex","9":"first","10":"instock","11":"shipping-taxable","12":"purchasable","13":"product-type-simple"},"aioseo_notices":[],"ct_brands":[{"id":61,"name":"Fragrance World","slug":"fragance-world"}],"_links":{"self":[{"href":"https:\/\/habibimb.com\/en\/wp-json\/wp\/v2\/product\/1629","targetHints":{"allow":["GET"]}}],"collection":[{"href":"https:\/\/habibimb.com\/en\/wp-json\/wp\/v2\/product"}],"about":[{"href":"https:\/\/habibimb.com\/en\/wp-json\/wp\/v2\/types\/product"}],"replies":[{"embeddable":true,"href":"https:\/\/habibimb.com\/en\/wp-json\/wp\/v2\/comments?post=1629"}],"wp:featuredmedia":[{"embeddable":true,"href":"https:\/\/habibimb.com\/en\/wp-json\/wp\/v2\/media\/1632"}],"wp:attachment":[{"href":"https:\/\/habibimb.com\/en\/wp-json\/wp\/v2\/media?parent=1629"}],"wp:term":[{"taxonomy":"product_brand","embeddable":true,"href":"https:\/\/habibimb.com\/en\/wp-json\/wp\/v2\/product_brand?post=1629"},{"taxonomy":"product_cat","embeddable":true,"href":"https:\/\/habibimb.com\/en\/wp-json\/wp\/v2\/product_cat?post=1629"},{"taxonomy":"product_tag","embeddable":true,"href":"https:\/\/habibimb.com\/en\/wp-json\/wp\/v2\/product_tag?post=1629"}],"curies":[{"name":"wp","href":"https:\/\/api.w.org\/{rel}","templated":true}]}}