{"id":1627,"date":"2025-04-24T21:38:07","date_gmt":"2025-04-24T21:38:07","guid":{"rendered":"https:\/\/habibimb.com\/?post_type=product&#038;p=1627"},"modified":"2025-10-30T08:13:11","modified_gmt":"2025-10-30T08:13:11","slug":"apa-de-mocha-wood-fragrance-world-unisex-100ml","status":"publish","type":"product","link":"https:\/\/habibimb.com\/en\/product\/apa-de-mocha-wood-fragrance-world-unisex-100ml\/","title":{"rendered":"Apa de Mocha Wood, Fragrance World"},"content":{"rendered":"<h2>Descoperi\u021bi esen\u021ba lemnului de Apa de Mocha<\/h2>\n<p>Dezv\u0103lui\u021bi o lume a rafinamentului aromatic cu Apa de Mocha Wood de la Fragrance World. Acest parfum unisex \u00eencapsuleaz\u0103 amestecul perfect de c\u0103ldur\u0103 \u0219i bog\u0103\u021bie, f\u0103c\u00e2ndu-l un partener ideal at\u00e2t pentru b\u0103rba\u021bi, c\u00e2t \u0219i pentru femei. Cu notele sale rafinate, acest parfum promite s\u0103 evoce un sentiment de elegan\u021b\u0103 \u0219i farmec atemporal la care este greu s\u0103 rezisti.<\/p>\n<h2>Note care captiveaz\u0103 sim\u021burile<\/h2>\n<p>Apa de Mocha Wood ofer\u0103 o experien\u021b\u0103 olfactiv\u0103 unic\u0103 care te atrage prin aroma sa \u00eembietoare. Spritz ini\u021bial dezv\u0103luie un amestec armonios de mocha bogat \u0219i lemn cald, \u00eenv\u0103luindu-te \u00eentr-o \u00eembr\u0103\u021bi\u0219are confortabil\u0103. Pe m\u0103sur\u0103 ce parfumul se dezvolt\u0103, se desf\u0103\u0219oar\u0103 note mai profunde de condimente subtile \u0219i o not\u0103 de dulcea\u021b\u0103, cre\u00e2nd un profil olfactiv echilibrat, dar intrigant. Aceast\u0103 compozi\u021bie stratificat\u0103 asigur\u0103 c\u0103 fiecare aplicare las\u0103 o impresie de durat\u0103, perfect\u0103 pentru orice ocazie.<\/p>\n<h2>Versatil \u0219i atemporal<\/h2>\n<p>Acest parfum unisex este conceput pentru a fi la fel de versatil ca \u0219i persoanele care \u00eel poart\u0103. Indiferent dac\u0103 v\u0103 \u00eendrepta\u021bi spre un eveniment formal sau v\u0103 bucura\u021bi de o ie\u0219ire casual, Apa de Mocha Wood v\u0103 ridic\u0103 prezen\u021ba f\u0103r\u0103 efort. Sticla sa de 100 ml nu este doar practic\u0103 pentru utilizarea zilnic\u0103, ci \u0219i suficient de elegant\u0103 pentru a-\u021bi \u00eempodobi vanitatea. Natura de lung\u0103 durat\u0103 a parfumului \u00eenseamn\u0103 c\u0103 po\u021bi purta aceast\u0103 arom\u0103 semn\u0103tur\u0103 cu tine pe tot parcursul zilei, asigur\u00e2ndu-te c\u0103 la\u0219i \u00eentotdeauna o urm\u0103 de elegan\u021b\u0103 \u00een urma ta.<\/p>\n<p>Experimenta\u021bi farmecul lemnului Apa de Mocha \u0219i descoperi\u021bi de ce a devenit o alegere preferat\u0103 \u00een r\u00e2ndul pasiona\u021bilor de parfumuri. Dezl\u0103n\u021buie-\u021bi farmecul interior \u0219i \u00eembr\u0103\u021bi\u0219eaz\u0103 acest parfum rafinat care echilibreaz\u0103 perfect c\u0103ldura \u0219i rafinamentul. F\u0103-l un element de baz\u0103 \u00een colec\u021bia ta de parfumuri ast\u0103zi!<\/p>","protected":false},"excerpt":{"rendered":"<p>Inspirat din Intense Cafe Montale<\/p>\n<p>&nbsp;<\/p>\n<ul>\n<li class=\"\" data-start=\"195\" data-end=\"252\">\n<p class=\"\" data-start=\"197\" data-end=\"252\"><strong data-start=\"197\" data-end=\"213\">Note de v\u00e2rf<\/strong>: <span class=\"relative -mx-px my-[-0.2rem] rounded px-px py-[0.2rem] transition-colors duration-100 ease-in-out\">Cafea, alune, \u0219ofran, rubarb\u0103, ylang-ylang<\/span><\/p>\n<\/li>\n<li class=\"\" data-start=\"253\" data-end=\"312\">\n<p class=\"\" data-start=\"255\" data-end=\"312\"><strong data-start=\"255\" data-end=\"273\">Note de mijloc<\/strong>: <span class=\"relative -mx-px my-[-0.2rem] rounded px-px py-[0.2rem] transition-colors duration-100 ease-in-out\">Trandafir, tutun, boabe de tonka, patchouli, lemn de santal<\/span><\/p>\n<\/li>\n<li class=\"\" data-start=\"313\" data-end=\"414\">\n<p class=\"\" data-start=\"315\" data-end=\"414\"><strong data-start=\"315\" data-end=\"331\">Note de baz\u0103<\/strong>: <span class=\"relative -mx-px my-[-0.2rem] rounded px-px py-[0.2rem] transition-colors duration-100 ease-in-out\">Lemn de guaiac, lemn de agar (oud), r\u0103\u0219in\u0103 de brad, benzoina<\/span>\u200b<\/p>\n<\/li>\n<\/ul>","protected":false},"featured_media":1628,"comment_status":"open","ping_status":"closed","template":"","meta":{"om_disable_all_campaigns":false,"_monsterinsights_skip_tracking":false,"_monsterinsights_sitenote_active":false,"_monsterinsights_sitenote_note":"","_monsterinsights_sitenote_category":0},"product_brand":[61],"product_cat":[57],"product_tag":[],"class_list":{"0":"post-1627","1":"product","2":"type-product","3":"status-publish","4":"has-post-thumbnail","6":"product_brand-fragance-world","7":"product_cat-unisex","9":"first","10":"outofstock","11":"shipping-taxable","12":"purchasable","13":"product-type-simple"},"aioseo_notices":[],"ct_brands":[{"id":61,"name":"Fragrance World","slug":"fragance-world"}],"_links":{"self":[{"href":"https:\/\/habibimb.com\/en\/wp-json\/wp\/v2\/product\/1627","targetHints":{"allow":["GET"]}}],"collection":[{"href":"https:\/\/habibimb.com\/en\/wp-json\/wp\/v2\/product"}],"about":[{"href":"https:\/\/habibimb.com\/en\/wp-json\/wp\/v2\/types\/product"}],"replies":[{"embeddable":true,"href":"https:\/\/habibimb.com\/en\/wp-json\/wp\/v2\/comments?post=1627"}],"wp:featuredmedia":[{"embeddable":true,"href":"https:\/\/habibimb.com\/en\/wp-json\/wp\/v2\/media\/1628"}],"wp:attachment":[{"href":"https:\/\/habibimb.com\/en\/wp-json\/wp\/v2\/media?parent=1627"}],"wp:term":[{"taxonomy":"product_brand","embeddable":true,"href":"https:\/\/habibimb.com\/en\/wp-json\/wp\/v2\/product_brand?post=1627"},{"taxonomy":"product_cat","embeddable":true,"href":"https:\/\/habibimb.com\/en\/wp-json\/wp\/v2\/product_cat?post=1627"},{"taxonomy":"product_tag","embeddable":true,"href":"https:\/\/habibimb.com\/en\/wp-json\/wp\/v2\/product_tag?post=1627"}],"curies":[{"name":"wp","href":"https:\/\/api.w.org\/{rel}","templated":true}]}}