{"id":1623,"date":"2025-04-24T21:34:51","date_gmt":"2025-04-24T21:34:51","guid":{"rendered":"https:\/\/habibimb.com\/?post_type=product&#038;p=1623"},"modified":"2025-10-30T08:13:45","modified_gmt":"2025-10-30T08:13:45","slug":"apa-de-parfum-suits-fragrance-world-unisex-100ml","status":"publish","type":"product","link":"https:\/\/habibimb.com\/en\/product\/apa-de-parfum-suits-fragrance-world-unisex-100ml\/","title":{"rendered":"Suits, Fragrance World"},"content":{"rendered":"<h2>Descoper\u0103 esen\u021ba elegan\u021bei<\/h2>\n<p>Dezv\u0103lui\u021bi o lume a rafinamentului cu Apa de Parfum Suits de la Fragrance World. Acest parfum unisex rafinat este conceput pentru cei care apreciaz\u0103 lucrurile fine din via\u021b\u0103, \u00eembin\u00e2nd perfect notele proaspete, aromate \u0219i lemnoase pentru a crea un parfum care se potrive\u0219te fiec\u0103rei ocazii. Fie c\u0103 te \u00eembraci pentru o \u00eent\u00e2lnire important\u0103 sau te bucuri de o zi informal\u0103, acest parfum \u00ee\u021bi \u00eembun\u0103t\u0103\u021be\u0219te prezen\u021ba \u0219i las\u0103 o impresie de durat\u0103.<\/p>\n<h2>Ingrediente de calitate premium<\/h2>\n<p>Realizat cu pasiune \u0219i precizie, Apa de Parfum Suits este compus din ingrediente de \u00eenalt\u0103 calitate care garanteaz\u0103 longevitate \u0219i bog\u0103\u021bie la fiecare pulverizare. Fiecare sticl\u0103 de 100 ml este o capodoper\u0103, plin\u0103 cu un amestec echilibrat de note care evolueaz\u0103 frumos pe parcursul zilei. Notele sale de v\u00e2rf ofer\u0103 o explozie revigorant\u0103 de prospe\u021bime, \u00een timp ce inima dezv\u0103luie un amestec armonios de nuan\u021be florale \u0219i picante. \u00cen cele din urm\u0103, notele calde de baz\u0103 r\u0103m\u00e2n pe piele, cre\u00e2nd o aur\u0103 captivant\u0103 care invit\u0103 la complimente.<\/p>\n<h2>O alegere versatil\u0103 pentru toat\u0103 lumea<\/h2>\n<p>Ceea ce diferen\u021biaz\u0103 Apa de Parfum Suits este atractivitatea sa unisex. Acest parfum transcende grani\u021bele tradi\u021bionale de gen, f\u0103c\u00e2ndu-l alegerea perfect\u0103 pentru oricine dore\u0219te s\u0103-\u0219i exprime personalitatea unic\u0103. Nu este doar un miros; este o declara\u021bie de individualitate \u0219i clas\u0103. Elegant, modern \u0219i atemporal, acest parfum este ideal at\u00e2t pentru b\u0103rba\u021bi, c\u00e2t \u0219i pentru femei, asigur\u00e2ndu-se c\u0103 oricine \u00eel experimenteaz\u0103 se simte sofisticat \u0219i \u00eencrez\u0103tor.<\/p>\n<p>Exploreaz\u0103 lumea Apa de Parfum Suits \u0219i las\u0103-\u021bi parfumul s\u0103 spun\u0103 multe. \u00cenvelit \u00eentr-o sticl\u0103 elegant\u0103, acest parfum nu este doar o \u00eenc\u00e2ntare pentru sim\u021burile tale, ci \u0219i un plus frumos pentru toaleta ta. R\u0103sf\u0103\u021ba\u021bi-v\u0103 sau oferi\u021bi-l ca pe un cadou atent cuiva special. Face\u021bi din fiecare zi o s\u0103rb\u0103toare a esen\u021bei voastre cu Apa de Parfum Suits de la Fragrance World.<\/p>","protected":false},"excerpt":{"rendered":"<p>Inspirat din Tudexo Yves Saint Laurent<\/p>\n<p>&nbsp;<\/p>\n<p><strong>Note de varf:<\/strong>\u00a0bergamot, coriandru<br \/>\n<strong>Note de mijloc:<\/strong>\u00a0trandafir, piper negru, crin<br \/>\n<strong>Note baza:<\/strong>\u00a0paciuli, ambra, vanilie<\/p>","protected":false},"featured_media":1625,"comment_status":"open","ping_status":"closed","template":"","meta":{"om_disable_all_campaigns":false,"_monsterinsights_skip_tracking":false,"_monsterinsights_sitenote_active":false,"_monsterinsights_sitenote_note":"","_monsterinsights_sitenote_category":0},"product_brand":[61],"product_cat":[57],"product_tag":[],"class_list":{"0":"post-1623","1":"product","2":"type-product","3":"status-publish","4":"has-post-thumbnail","6":"product_brand-fragance-world","7":"product_cat-unisex","9":"first","10":"outofstock","11":"shipping-taxable","12":"purchasable","13":"product-type-simple"},"aioseo_notices":[],"ct_brands":[{"id":61,"name":"Fragrance World","slug":"fragance-world"}],"_links":{"self":[{"href":"https:\/\/habibimb.com\/en\/wp-json\/wp\/v2\/product\/1623","targetHints":{"allow":["GET"]}}],"collection":[{"href":"https:\/\/habibimb.com\/en\/wp-json\/wp\/v2\/product"}],"about":[{"href":"https:\/\/habibimb.com\/en\/wp-json\/wp\/v2\/types\/product"}],"replies":[{"embeddable":true,"href":"https:\/\/habibimb.com\/en\/wp-json\/wp\/v2\/comments?post=1623"}],"wp:featuredmedia":[{"embeddable":true,"href":"https:\/\/habibimb.com\/en\/wp-json\/wp\/v2\/media\/1625"}],"wp:attachment":[{"href":"https:\/\/habibimb.com\/en\/wp-json\/wp\/v2\/media?parent=1623"}],"wp:term":[{"taxonomy":"product_brand","embeddable":true,"href":"https:\/\/habibimb.com\/en\/wp-json\/wp\/v2\/product_brand?post=1623"},{"taxonomy":"product_cat","embeddable":true,"href":"https:\/\/habibimb.com\/en\/wp-json\/wp\/v2\/product_cat?post=1623"},{"taxonomy":"product_tag","embeddable":true,"href":"https:\/\/habibimb.com\/en\/wp-json\/wp\/v2\/product_tag?post=1623"}],"curies":[{"name":"wp","href":"https:\/\/api.w.org\/{rel}","templated":true}]}}