{"id":1620,"date":"2025-04-24T21:32:49","date_gmt":"2025-04-24T21:32:49","guid":{"rendered":"https:\/\/habibimb.com\/?post_type=product&#038;p=1620"},"modified":"2025-05-15T07:31:12","modified_gmt":"2025-05-15T07:31:12","slug":"apa-de-parfum-ameer-al-ahlam-wadi-al-khaleej-femei-100ml","status":"publish","type":"product","link":"https:\/\/habibimb.com\/en\/product\/apa-de-parfum-ameer-al-ahlam-wadi-al-khaleej-femei-100ml\/","title":{"rendered":"Ameer Al Ahlam, Wadi Al Khaleej"},"content":{"rendered":"<h2>Dezv\u0103luie-\u021bi elegan\u021ba interioar\u0103<\/h2>\n<p>P\u0103\u0219i\u021bi \u00eentr-o lume a rafinamentului \u0219i a farmecului cu apa de parfum Ameer Al Ahlam. Acest parfum rafinat de la Wadi Al Khaleej este conceput pentru femeia modern\u0103 care apreciaz\u0103 lucrurile fine din via\u021b\u0103. Cu profilul s\u0103u olfactiv captivant, acest parfum nu este doar un parfum; Este o experien\u021b\u0103 care \u00ee\u021bi va ridica aura \u0219i \u00ee\u021bi va l\u0103sa o impresie de durat\u0103 oriunde te-ai duce.<\/p>\n<h2>Un amestec armonios de note<\/h2>\n<p>Apa de parfum Ameer Al Ahlam se deschide cu o explozie de note florale vibrante, cre\u00e2nd o impresie ini\u021bial\u0103 care este at\u00e2t proasp\u0103t\u0103, c\u00e2t \u0219i primitoare. Pe m\u0103sur\u0103 ce parfumul se dezvolt\u0103, acesta dezv\u0103luie o inim\u0103 de chihlimbar bogat \u0219i condimente calde, amestec\u00e2ndu-se perfect pentru a evoca un sentiment de profunzime \u0219i bog\u0103\u021bie. Notele de baz\u0103 ofer\u0103 un efect de \u00eemp\u0103m\u00e2ntare cu o not\u0103 subtil\u0103 de mosc, cre\u00e2nd un final bine rotunjit \u0219i sofisticat. Acest parfum atent creat v\u0103 asigur\u0103 c\u0103 v\u0103 sim\u021bi\u021bi inspirat \u0219i \u00eemputernicit pe tot parcursul zilei.<\/p>\n<h2>Perfect pentru orice ocazie<\/h2>\n<p>Fie c\u0103 v\u0103 \u00eembr\u0103ca\u021bi pentru un eveniment special, v\u0103 \u00eendrepta\u021bi spre birou sau v\u0103 bucura\u021bi de o ie\u0219ire casual cu prietenii, Ameer Al Ahlam serve\u0219te drept acompaniament perfect. Profilul s\u0103u olfactiv elegant este versatil, f\u0103c\u00e2ndu-l potrivit at\u00e2t pentru zi, c\u00e2t \u0219i pentru noapte. Fiecare spray ofer\u0103 o arom\u0103 de lung\u0103 durat\u0103 care te men\u021bine proasp\u0103t \u0219i \u00eencrez\u0103tor. Prezentat \u00eentr-o sticl\u0103 proiectat\u0103 artistic, nu este doar un parfum, ci \u0219i o pies\u0103 statement pentru toaleta ta.<\/p>\n<p>\u00cembun\u0103t\u0103\u021be\u0219te-\u021bi colec\u021bia de parfumuri cu apa de parfum Ameer Al Ahlam de Wadi Al Khaleej. Descoperi\u021bi farmecul de durat\u0103 pe care \u00eel ofer\u0103 acest parfum \u0219i r\u0103sf\u0103\u021ba\u021bi-v\u0103 cu luxul pe care \u00eel merita\u021bi.<\/p>","protected":false},"excerpt":{"rendered":"<p><strong>Note de v\u00e2rf:<\/strong>\u00a0Cardamom, Mar;<\/p>\n<p><strong>Note de mijloc:<\/strong>\u00a0Lemn de cedru, Salvie, Tutun;<\/p>\n<p><strong>Note de baz\u0103:<\/strong>\u00a0Chihlimbar, Patchouli.<\/p>","protected":false},"featured_media":1621,"comment_status":"open","ping_status":"closed","template":"","meta":{"om_disable_all_campaigns":false,"_monsterinsights_skip_tracking":false,"_monsterinsights_sitenote_active":false,"_monsterinsights_sitenote_note":"","_monsterinsights_sitenote_category":0},"product_brand":[74],"product_cat":[56],"product_tag":[],"class_list":{"0":"post-1620","1":"product","2":"type-product","3":"status-publish","4":"has-post-thumbnail","6":"product_brand-wadi-al-khaleej","7":"product_cat-pentru-ea","9":"first","10":"instock","11":"shipping-taxable","12":"purchasable","13":"product-type-simple"},"aioseo_notices":[],"ct_brands":[{"id":74,"name":"Wadi Al Khaleej","slug":"wadi-al-khaleej"}],"_links":{"self":[{"href":"https:\/\/habibimb.com\/en\/wp-json\/wp\/v2\/product\/1620","targetHints":{"allow":["GET"]}}],"collection":[{"href":"https:\/\/habibimb.com\/en\/wp-json\/wp\/v2\/product"}],"about":[{"href":"https:\/\/habibimb.com\/en\/wp-json\/wp\/v2\/types\/product"}],"replies":[{"embeddable":true,"href":"https:\/\/habibimb.com\/en\/wp-json\/wp\/v2\/comments?post=1620"}],"wp:featuredmedia":[{"embeddable":true,"href":"https:\/\/habibimb.com\/en\/wp-json\/wp\/v2\/media\/1621"}],"wp:attachment":[{"href":"https:\/\/habibimb.com\/en\/wp-json\/wp\/v2\/media?parent=1620"}],"wp:term":[{"taxonomy":"product_brand","embeddable":true,"href":"https:\/\/habibimb.com\/en\/wp-json\/wp\/v2\/product_brand?post=1620"},{"taxonomy":"product_cat","embeddable":true,"href":"https:\/\/habibimb.com\/en\/wp-json\/wp\/v2\/product_cat?post=1620"},{"taxonomy":"product_tag","embeddable":true,"href":"https:\/\/habibimb.com\/en\/wp-json\/wp\/v2\/product_tag?post=1620"}],"curies":[{"name":"wp","href":"https:\/\/api.w.org\/{rel}","templated":true}]}}