{"id":1616,"date":"2025-04-24T21:30:41","date_gmt":"2025-04-24T21:30:41","guid":{"rendered":"https:\/\/habibimb.com\/?post_type=product&#038;p=1616"},"modified":"2025-05-15T07:31:12","modified_gmt":"2025-05-15T07:31:12","slug":"apa-de-parfum-ameer-al-ahlam-wadi-al-khaleej-barbati-100ml","status":"publish","type":"product","link":"https:\/\/habibimb.com\/en\/product\/apa-de-parfum-ameer-al-ahlam-wadi-al-khaleej-barbati-100ml\/","title":{"rendered":"Ameer Al Ahlam, Wadi Al Khaleej"},"content":{"rendered":"<h2>Experimenta\u021bi esen\u021ba luxului<\/h2>\n<p>Dezl\u0103n\u021buie-\u021bi grandoarea interioar\u0103 cu Apa de Parfum Ameer Al Ahlam, Wadi Al Khaleej, Barbati-100ml. Acest parfum rafinat \u00eentruchipeaz\u0103 rafinament \u0219i elegan\u021b\u0103, creat pentru cei care caut\u0103 s\u0103 lase o impresie de durat\u0103. Indiferent dac\u0103 intra\u021bi \u00eentr-o \u00eent\u00e2lnire de afaceri sau \u00eentr-un eveniment de sear\u0103 de neuitat, acest parfum v\u0103 va \u00eembun\u0103t\u0103\u021bi aura \u0219i \u00eei va captiva pe cei din jurul dumneavoastr\u0103.<\/p>\n<h2>Un profil unic de parfum<\/h2>\n<p>Ameer Al Ahlam se deschide cu un amestec orbitor de note proaspete de citrice, invit\u00e2ndu-v\u0103 s\u0103 porni\u021bi \u00eentr-o c\u0103l\u0103torie parfumat\u0103. Pe m\u0103sur\u0103 ce parfumul evolueaz\u0103, apare o inim\u0103 de acorduri florale \u0219i picante, care te \u00eenv\u0103luie \u00eentr-o tapiserie bogat\u0103 de minuni aromatice. \u00cen cele din urm\u0103, notele de baz\u0103 de lemn cald \u0219i nuan\u021be de mosc creeaz\u0103 un finisaj senzual, asigur\u00e2ndu-se c\u0103 acest parfum persist\u0103 delicat pe piele pe tot parcursul zilei.<\/p>\n<h2>Perfect pentru orice ocazie<\/h2>\n<p>Conceput pentru individul modern, Apa de Parfum Ameer Al Ahlam este suficient de versatil at\u00e2t pentru purtarea zilnic\u0103, c\u00e2t \u0219i pentru ocazii speciale. Compozi\u021bia sa unic\u0103 \u00eel face un cadou ideal pentru anivers\u0103ri, zile de na\u0219tere sau pur \u0219i simplu pentru a v\u0103 r\u0103sf\u0103\u021ba. Cu sticla sa generoas\u0103 de 100 ml, vei avea o mul\u021bime de acest parfum captivant de savurat, transform\u00e2nd momentele de zi cu zi \u00een experien\u021be extraordinare.<\/p>\n<p>R\u0103sf\u0103\u021ba\u021bi-v\u0103 cu farmecul Wadi Al Khaleej \u0219i l\u0103sa\u021bi Apa de Parfum Ameer Al Ahlam s\u0103 devin\u0103 parfumul dvs., sinonim cu elegan\u021b\u0103, farmec \u0219i rafinament. \u00cembun\u0103t\u0103\u021be\u0219te-\u021bi colec\u021bia de parfumuri cu acest parfum de lux care celebreaz\u0103 arta parfumeriei.<\/p>","protected":false},"excerpt":{"rendered":"<p><strong>ote de v\u00e2rf:<\/strong>\u00a0Trandafir, Zmeur\u0103, L\u0103m\u00e2ie, Coac\u0103ze negre, Violete, Bergamot\u0103;<\/p>\n<p><strong>Note de mijloc:<\/strong>\u00a0Trandafir, Lemn de Cedru, L\u0103cr\u0103mioare;<\/p>\n<p><strong>Note de baz\u0103:<\/strong>\u00a0Oud, Lemn de cedru, Mosc alb, Chihlimbar, Lemn de santal.<\/p>","protected":false},"featured_media":1618,"comment_status":"open","ping_status":"closed","template":"","meta":{"om_disable_all_campaigns":false,"_monsterinsights_skip_tracking":false,"_monsterinsights_sitenote_active":false,"_monsterinsights_sitenote_note":"","_monsterinsights_sitenote_category":0},"product_brand":[74],"product_cat":[55],"product_tag":[],"class_list":{"0":"post-1616","1":"product","2":"type-product","3":"status-publish","4":"has-post-thumbnail","6":"product_brand-wadi-al-khaleej","7":"product_cat-pentru-el","9":"first","10":"instock","11":"shipping-taxable","12":"purchasable","13":"product-type-simple"},"aioseo_notices":[],"ct_brands":[{"id":74,"name":"Wadi Al Khaleej","slug":"wadi-al-khaleej"}],"_links":{"self":[{"href":"https:\/\/habibimb.com\/en\/wp-json\/wp\/v2\/product\/1616","targetHints":{"allow":["GET"]}}],"collection":[{"href":"https:\/\/habibimb.com\/en\/wp-json\/wp\/v2\/product"}],"about":[{"href":"https:\/\/habibimb.com\/en\/wp-json\/wp\/v2\/types\/product"}],"replies":[{"embeddable":true,"href":"https:\/\/habibimb.com\/en\/wp-json\/wp\/v2\/comments?post=1616"}],"wp:featuredmedia":[{"embeddable":true,"href":"https:\/\/habibimb.com\/en\/wp-json\/wp\/v2\/media\/1618"}],"wp:attachment":[{"href":"https:\/\/habibimb.com\/en\/wp-json\/wp\/v2\/media?parent=1616"}],"wp:term":[{"taxonomy":"product_brand","embeddable":true,"href":"https:\/\/habibimb.com\/en\/wp-json\/wp\/v2\/product_brand?post=1616"},{"taxonomy":"product_cat","embeddable":true,"href":"https:\/\/habibimb.com\/en\/wp-json\/wp\/v2\/product_cat?post=1616"},{"taxonomy":"product_tag","embeddable":true,"href":"https:\/\/habibimb.com\/en\/wp-json\/wp\/v2\/product_tag?post=1616"}],"curies":[{"name":"wp","href":"https:\/\/api.w.org\/{rel}","templated":true}]}}