{"id":1613,"date":"2025-04-24T21:28:18","date_gmt":"2025-04-24T21:28:18","guid":{"rendered":"https:\/\/habibimb.com\/?post_type=product&#038;p=1613"},"modified":"2025-05-15T07:31:12","modified_gmt":"2025-05-15T07:31:12","slug":"apa-de-parfum-irresitable-homme-wadi-al-khaleej-barbati-100ml","status":"publish","type":"product","link":"https:\/\/habibimb.com\/en\/product\/apa-de-parfum-irresitable-homme-wadi-al-khaleej-barbati-100ml\/","title":{"rendered":"Irresitable Homme, Wadi Al Khaleej"},"content":{"rendered":"<h2>Descoperi\u021bi esen\u021ba de neuitat a lui Irresitable Homme<\/h2>\n<p>V\u0103 prezent\u0103m Apa de Parfum Irresitable Homme de la Wadi Al Khaleej, un parfum creat pentru b\u0103rbatul modern care eman\u0103 \u00eencredere \u0219i rafinament. Aceast\u0103 sticl\u0103 de 100 ml \u00eencapsuleaz\u0103 o c\u0103l\u0103torie aromatic\u0103 care rezoneaz\u0103 cu elegan\u021b\u0103 \u0219i farmec, f\u0103c\u00e2ndu-l completarea perfect\u0103 pentru colec\u021bia ta personal\u0103 sau un cadou rafinat pentru cineva special.<\/p>\n<h2>Note care \u00ee\u021bi captiveaz\u0103 sim\u021burile<\/h2>\n<p>Profilul olfactiv este un amestec armonios de note bogate \u0219i atr\u0103g\u0103toare care se desf\u0103\u0219oar\u0103 frumos la aplicare. Irresitable Homme se deschide cu o explozie vibrant\u0103 de citrice, oferind o introducere r\u0103coritoare care revigoreaz\u0103 sim\u021burile. Pe m\u0103sur\u0103 ce parfumul evolueaz\u0103, apar note de mijloc de condimente calde \u0219i nuan\u021be florale, cre\u00e2nd un contrast captivant care adaug\u0103 profunzime experien\u021bei tale olfactive. \u00cen cele din urm\u0103, parfumul se instaleaz\u0103 \u00eentr-o baz\u0103 cald\u0103 de lemn moale \u0219i mosc reconfortant, asigur\u00e2nd o impresie de lung\u0103 durat\u0103 care persist\u0103 pe tot parcursul zilei.<\/p>\n<h2>O alegere versatil\u0103 pentru fiecare ocazie<\/h2>\n<p>Apa de Parfum Irresitable Homme este conceput pentru versatilitate, f\u0103c\u00e2ndu-l potrivit at\u00e2t pentru purtarea zilnic\u0103, c\u00e2t \u0219i pentru ocazii speciale. Indiferent dac\u0103 te \u00eendrep\u021bi spre un eveniment formal sau o ie\u0219ire casual, acest parfum se adapteaz\u0103 f\u0103r\u0103 efort la mediul \u00eenconjur\u0103tor. Aroma sa abordabil\u0103, dar distinctiv\u0103, \u00eentruchipeaz\u0103 un farmec dur, atr\u0103g\u00e2nd b\u0103rba\u021bii care apreciaz\u0103 calitatea \u0219i autenticitatea \u00een parfumul lor. \u00cembun\u0103t\u0103\u021be\u0219te-\u021bi rutina de \u00eengrijire cu acest parfum remarcabil care spune multe f\u0103r\u0103 a spune un cuv\u00e2nt.<\/p>\n<p>Experimenta\u021bi farmecul m\u0103iestriei Wadi Al Khaleej \u00een fiecare spritz de Apa de Parfum Irresitable Homme. Cu un design de sticl\u0103 atr\u0103g\u0103tor care reprezint\u0103 esen\u021ba luxului, acest parfum nu este doar un parfum; este o declara\u021bie. Cufunda\u021bi-v\u0103 \u00eentr-o c\u0103l\u0103torie \u00eenc\u00e2nt\u0103toare a parfumurilor, care las\u0103 o urm\u0103 de admira\u021bie \u0219i intrig\u0103 oriunde merge\u021bi.<\/p>","protected":false},"excerpt":{"rendered":"<ul>\n<li class=\"\" data-start=\"194\" data-end=\"251\">\n<p class=\"\" data-start=\"196\" data-end=\"251\"><strong data-start=\"196\" data-end=\"212\">Note de v\u00e2rf<\/strong>: <span class=\"relative -mx-px my-[-0.2rem] rounded px-px py-[0.2rem] transition-colors duration-100 ease-in-out\">Grapefruit, Mandarina, Piersic\u0103<\/span><\/p>\n<\/li>\n<li class=\"\" data-start=\"252\" data-end=\"311\">\n<p class=\"\" data-start=\"254\" data-end=\"311\"><strong data-start=\"254\" data-end=\"272\">Note de mijloc<\/strong>: <span class=\"relative -mx-px my-[-0.2rem] rounded px-px py-[0.2rem] transition-colors duration-100 ease-in-out\">Neroli<\/span><\/p>\n<\/li>\n<li class=\"\" data-start=\"312\" data-end=\"379\">\n<p class=\"\" data-start=\"314\" data-end=\"379\"><strong data-start=\"314\" data-end=\"330\">Note de baz\u0103<\/strong>: Oud<\/p>\n<\/li>\n<\/ul>","protected":false},"featured_media":1614,"comment_status":"open","ping_status":"closed","template":"","meta":{"om_disable_all_campaigns":false,"_monsterinsights_skip_tracking":false,"_monsterinsights_sitenote_active":false,"_monsterinsights_sitenote_note":"","_monsterinsights_sitenote_category":0},"product_brand":[74],"product_cat":[55],"product_tag":[],"class_list":{"0":"post-1613","1":"product","2":"type-product","3":"status-publish","4":"has-post-thumbnail","6":"product_brand-wadi-al-khaleej","7":"product_cat-pentru-el","9":"first","10":"instock","11":"shipping-taxable","12":"purchasable","13":"product-type-simple"},"aioseo_notices":[],"ct_brands":[{"id":74,"name":"Wadi Al Khaleej","slug":"wadi-al-khaleej"}],"_links":{"self":[{"href":"https:\/\/habibimb.com\/en\/wp-json\/wp\/v2\/product\/1613","targetHints":{"allow":["GET"]}}],"collection":[{"href":"https:\/\/habibimb.com\/en\/wp-json\/wp\/v2\/product"}],"about":[{"href":"https:\/\/habibimb.com\/en\/wp-json\/wp\/v2\/types\/product"}],"replies":[{"embeddable":true,"href":"https:\/\/habibimb.com\/en\/wp-json\/wp\/v2\/comments?post=1613"}],"wp:featuredmedia":[{"embeddable":true,"href":"https:\/\/habibimb.com\/en\/wp-json\/wp\/v2\/media\/1614"}],"wp:attachment":[{"href":"https:\/\/habibimb.com\/en\/wp-json\/wp\/v2\/media?parent=1613"}],"wp:term":[{"taxonomy":"product_brand","embeddable":true,"href":"https:\/\/habibimb.com\/en\/wp-json\/wp\/v2\/product_brand?post=1613"},{"taxonomy":"product_cat","embeddable":true,"href":"https:\/\/habibimb.com\/en\/wp-json\/wp\/v2\/product_cat?post=1613"},{"taxonomy":"product_tag","embeddable":true,"href":"https:\/\/habibimb.com\/en\/wp-json\/wp\/v2\/product_tag?post=1613"}],"curies":[{"name":"wp","href":"https:\/\/api.w.org\/{rel}","templated":true}]}}