{"id":1610,"date":"2025-04-24T21:25:06","date_gmt":"2025-04-24T21:25:06","guid":{"rendered":"https:\/\/habibimb.com\/?post_type=product&#038;p=1610"},"modified":"2025-05-15T07:31:12","modified_gmt":"2025-05-15T07:31:12","slug":"apa-de-parfum-niche-leather-wadi-al-khaleej-barbati-100ml","status":"publish","type":"product","link":"https:\/\/habibimb.com\/en\/product\/apa-de-parfum-niche-leather-wadi-al-khaleej-barbati-100ml\/","title":{"rendered":"Niche Leather, Wadi Al Khaleej"},"content":{"rendered":"<h2>Dezl\u0103n\u021buie-\u021bi c\u0103l\u0103toria parfumat\u0103<\/h2>\n<p>Descoperi\u021bi un parfum care rezoneaz\u0103 cu rafinament \u0219i mister. Apa de Parfum Niche Leather, Wadi Al Khaleej, Barbati-100ml nu este doar un parfum; Este o experien\u021b\u0103 olfactiv\u0103 care evoc\u0103 emo\u021bii \u0219i amintiri. Conceput pentru domnul cu discern\u0103m\u00e2nt, acest parfum captivant este perfect pentru orice ocazie, fie c\u0103 este vorba de un eveniment formal sau de o ie\u0219ire casual. Ridica\u021bi-v\u0103 prezen\u021ba \u0219i l\u0103sa\u021bi o impresie de durat\u0103 la fiecare pulverizare.<\/p>\n<h2>Un amestec de note rafinate<\/h2>\n<p>Apa de Parfum Niche Leather \u00eembin\u0103 cu m\u0103iestrie notele bogate, piele cu o not\u0103 de nuan\u021be p\u0103m\u00e2ntii, cre\u00e2nd o armonie care captiveaz\u0103 sim\u021burile. La prima pulverizare, vei fi \u00eent\u00e2mpinat cu o explozie de arome revigorante care te conduc \u00eentr-o inim\u0103 complex\u0103. Notele de baz\u0103 se desf\u0103\u0219oar\u0103 gra\u021bios, dezv\u0103luind o esen\u021b\u0103 cald\u0103 \u0219i primitoare care persist\u0103 pe tot parcursul zilei. Acest parfum reprezint\u0103 o s\u0103rb\u0103toare a m\u0103iestriei, \u00eembr\u0103\u021bi\u0219\u00e2nd tradi\u021bia \u00een timp ce se adreseaz\u0103 omului modern.<\/p>\n<h2>De ce sa alegi Apa de Parfum Niche Leather?<\/h2>\n<p>Acest parfum este conceput cu meticulozitate pentru cei care apreciaz\u0103 luxul vie\u021bii. Apa de Parfum Niche Leather, Wadi Al Khaleej ofer\u0103 performan\u021be de lung\u0103 durat\u0103, asigur\u00e2ndu-v\u0103 c\u0103 r\u0103m\u00e2ne\u021bi \u00eenv\u0103luit \u00een \u00eembr\u0103\u021bi\u0219area sa de diminea\u021ba p\u00e2n\u0103 seara. Designul s\u0103u elegant al sticlei completeaz\u0103 perfect parfumul sofisticat din interior, f\u0103c\u00e2ndu-l un plus uimitor pentru colec\u021bia ta sau un cadou atent pentru cineva special. Atunci c\u00e2nd alege\u021bi un parfum de semn\u0103tur\u0103, alege\u021bi unul care v\u0103 \u00eentruchipeaz\u0103 spiritul \u0219i v\u0103 \u00eembun\u0103t\u0103\u021be\u0219te individualitatea.<\/p>\n<p>Pe scurt, Apa de Parfum Niche Leather nu este doar un parfum; este o declara\u021bie. R\u0103sf\u0103\u021ba\u021bi-v\u0103 cu acest parfum luxos \u0219i transforma\u021bi-v\u0103 momentele de zi cu zi \u00een altele extraordinare. Experimenta\u021bi farmecul Wadi Al Khaleej \u0219i ad\u0103uga\u021bi acest parfum remarcabil la colec\u021bia dvs.<\/p>","protected":false},"excerpt":{"rendered":"<p><strong>Note de v\u00e2rf:<\/strong>\u00a0Ment\u0103, L\u0103m\u00e2ie, M\u0103r;<\/p>\n<p><strong>Note de mijloc:<\/strong>\u00a0Boabe de tonka, Ambroxan, Geranium;<\/p>\n<p><strong>Note de baz\u0103:<\/strong>\u00a0Vanilie, Vetiver, Muschi de stejar, Lemn de cedru.<\/p>","protected":false},"featured_media":1612,"comment_status":"open","ping_status":"closed","template":"","meta":{"om_disable_all_campaigns":false,"_monsterinsights_skip_tracking":false,"_monsterinsights_sitenote_active":false,"_monsterinsights_sitenote_note":"","_monsterinsights_sitenote_category":0},"product_brand":[74],"product_cat":[55],"product_tag":[],"class_list":{"0":"post-1610","1":"product","2":"type-product","3":"status-publish","4":"has-post-thumbnail","6":"product_brand-wadi-al-khaleej","7":"product_cat-pentru-el","9":"first","10":"instock","11":"shipping-taxable","12":"purchasable","13":"product-type-simple"},"aioseo_notices":[],"ct_brands":[{"id":74,"name":"Wadi Al Khaleej","slug":"wadi-al-khaleej"}],"_links":{"self":[{"href":"https:\/\/habibimb.com\/en\/wp-json\/wp\/v2\/product\/1610","targetHints":{"allow":["GET"]}}],"collection":[{"href":"https:\/\/habibimb.com\/en\/wp-json\/wp\/v2\/product"}],"about":[{"href":"https:\/\/habibimb.com\/en\/wp-json\/wp\/v2\/types\/product"}],"replies":[{"embeddable":true,"href":"https:\/\/habibimb.com\/en\/wp-json\/wp\/v2\/comments?post=1610"}],"wp:featuredmedia":[{"embeddable":true,"href":"https:\/\/habibimb.com\/en\/wp-json\/wp\/v2\/media\/1612"}],"wp:attachment":[{"href":"https:\/\/habibimb.com\/en\/wp-json\/wp\/v2\/media?parent=1610"}],"wp:term":[{"taxonomy":"product_brand","embeddable":true,"href":"https:\/\/habibimb.com\/en\/wp-json\/wp\/v2\/product_brand?post=1610"},{"taxonomy":"product_cat","embeddable":true,"href":"https:\/\/habibimb.com\/en\/wp-json\/wp\/v2\/product_cat?post=1610"},{"taxonomy":"product_tag","embeddable":true,"href":"https:\/\/habibimb.com\/en\/wp-json\/wp\/v2\/product_tag?post=1610"}],"curies":[{"name":"wp","href":"https:\/\/api.w.org\/{rel}","templated":true}]}}