{"id":1607,"date":"2025-04-24T21:15:18","date_gmt":"2025-04-24T21:15:18","guid":{"rendered":"https:\/\/habibimb.com\/?post_type=product&#038;p=1607"},"modified":"2025-05-15T07:31:12","modified_gmt":"2025-05-15T07:31:12","slug":"apa-de-parfum-morjan-wadi-al-khaleej-femei-100ml","status":"publish","type":"product","link":"https:\/\/habibimb.com\/en\/product\/apa-de-parfum-morjan-wadi-al-khaleej-femei-100ml\/","title":{"rendered":"Morjan, Wadi Al Khaleej"},"content":{"rendered":"<h2>Descoperi\u021bi esen\u021ba luxului<\/h2>\n<p>R\u0103sf\u0103\u021ba\u021bi-v\u0103 cu lumea captivant\u0103 a parfumurilor cu Apa de Parfum Morjan, Wadi Al Khaleej. Acest parfum rafinat, creat pentru femei, este o dovad\u0103 a elegan\u021bei \u0219i rafinamentului. \u00cen momentul \u00een care experimenta\u021bi parfumul s\u0103u bogat \u0219i atr\u0103g\u0103tor, ve\u021bi \u00een\u021belege de ce se remarc\u0103 printre cele mai bune parfumuri de pe pia\u021b\u0103.<\/p>\n<h2>Un amestec armonios de note florale \u0219i fructate<\/h2>\n<p>Wadi Al Khaleej se deschide cu note vibrante care \u00eempletesc \u00een mod ispititor arome florale \u0219i fructate, cre\u00e2nd o experien\u021b\u0103 r\u0103coritoare \u0219i \u00een\u0103l\u021b\u0103toare. Notele de v\u00e2rf izbucnesc cu delicii citrice \u0219i elemente florale dulci, tranzi\u021bion\u00e2nd f\u0103r\u0103 efort \u00eentr-o inim\u0103 care captiveaz\u0103 sim\u021burile. Pe m\u0103sur\u0103 ce parfumul evolueaz\u0103, apar nuan\u021be calde subtile, oferind un echilibru perfect care persist\u0103 frumos pe tot parcursul zilei.<\/p>\n<h2>Parfumul t\u0103u de semn\u0103tur\u0103 te a\u0219teapt\u0103<\/h2>\n<p>Fie c\u0103 participa\u021bi la un eveniment formal sau v\u0103 bucura\u021bi de o zi informal\u0103, Apa de Parfum Morjan, Wadi Al Khaleej este \u00eenso\u021bitorul ideal. Sticla sa de 100 ml v\u0103 asigur\u0103 c\u0103 ave\u021bi un parfum mai mult dec\u00e2t suficient pentru a v\u0103 purta cu fiecare ocazie. Doar c\u00e2teva pulveriz\u0103ri din acest parfum \u00eenc\u00e2nt\u0103tor vor l\u0103sa o impresie de durat\u0103, ademenindu-i pe cei din jurul t\u0103u cu farmecul s\u0103u subtil.<\/p>\n<p>Cu ambalajul s\u0103u luxos \u0219i compozi\u021bia atent\u0103, acest parfum nu este doar un parfum; este o declara\u021bie de gra\u021bie \u0219i echilibru. \u00cembun\u0103t\u0103\u021be\u0219te-\u021bi rutina zilnic\u0103 \u0219i \u00eembr\u0103\u021bi\u0219eaz\u0103-\u021bi feminitatea cu aceast\u0103 completare rafinat\u0103 a colec\u021biei tale de parfumuri.<\/p>","protected":false},"excerpt":{"rendered":"<p><strong>Note de varf:<\/strong>\u00a0Afine, Piper roz<br \/>\n<strong>Note de mijloc:<\/strong>\u00a0Ambra, Iasomie, Nectarine<br \/>\n<strong>Note de baza:<\/strong>\u00a0Paciuli, Mosc, Oud<\/p>","protected":false},"featured_media":1608,"comment_status":"open","ping_status":"closed","template":"","meta":{"om_disable_all_campaigns":false,"_monsterinsights_skip_tracking":false,"_monsterinsights_sitenote_active":false,"_monsterinsights_sitenote_note":"","_monsterinsights_sitenote_category":0},"product_brand":[74],"product_cat":[56],"product_tag":[],"class_list":{"0":"post-1607","1":"product","2":"type-product","3":"status-publish","4":"has-post-thumbnail","6":"product_brand-wadi-al-khaleej","7":"product_cat-pentru-ea","9":"first","10":"instock","11":"shipping-taxable","12":"purchasable","13":"product-type-simple"},"aioseo_notices":[],"ct_brands":[{"id":74,"name":"Wadi Al Khaleej","slug":"wadi-al-khaleej"}],"_links":{"self":[{"href":"https:\/\/habibimb.com\/en\/wp-json\/wp\/v2\/product\/1607","targetHints":{"allow":["GET"]}}],"collection":[{"href":"https:\/\/habibimb.com\/en\/wp-json\/wp\/v2\/product"}],"about":[{"href":"https:\/\/habibimb.com\/en\/wp-json\/wp\/v2\/types\/product"}],"replies":[{"embeddable":true,"href":"https:\/\/habibimb.com\/en\/wp-json\/wp\/v2\/comments?post=1607"}],"wp:featuredmedia":[{"embeddable":true,"href":"https:\/\/habibimb.com\/en\/wp-json\/wp\/v2\/media\/1608"}],"wp:attachment":[{"href":"https:\/\/habibimb.com\/en\/wp-json\/wp\/v2\/media?parent=1607"}],"wp:term":[{"taxonomy":"product_brand","embeddable":true,"href":"https:\/\/habibimb.com\/en\/wp-json\/wp\/v2\/product_brand?post=1607"},{"taxonomy":"product_cat","embeddable":true,"href":"https:\/\/habibimb.com\/en\/wp-json\/wp\/v2\/product_cat?post=1607"},{"taxonomy":"product_tag","embeddable":true,"href":"https:\/\/habibimb.com\/en\/wp-json\/wp\/v2\/product_tag?post=1607"}],"curies":[{"name":"wp","href":"https:\/\/api.w.org\/{rel}","templated":true}]}}