{"id":1604,"date":"2025-04-24T21:13:00","date_gmt":"2025-04-24T21:13:00","guid":{"rendered":"https:\/\/habibimb.com\/?post_type=product&#038;p=1604"},"modified":"2025-05-15T07:31:12","modified_gmt":"2025-05-15T07:31:12","slug":"apa-de-parfum-king-wadi-al-khaleej-barbati-100ml","status":"publish","type":"product","link":"https:\/\/habibimb.com\/en\/product\/apa-de-parfum-king-wadi-al-khaleej-barbati-100ml\/","title":{"rendered":"King, Wadi Al Khaleej"},"content":{"rendered":"<h2>Dezl\u0103n\u021buie-\u021bi regele interior<\/h2>\n<p>Scufunda\u021bi-v\u0103 \u00eentr-o lume a opulen\u021bei cu Apa de Parfum King, Wadi Al Khaleej pentru b\u0103rba\u021bi. Acest parfum de lux este conceput pentru cei care \u00eentruchipeaz\u0103 \u00eencrederea \u0219i rafinamentul. Fabricat cu cele mai bune ingrediente, promite s\u0103 lase o impresie captivant\u0103 oriunde te-ai duce. Cu parfumul s\u0103u bogat \u0219i atr\u0103g\u0103tor, te vei sim\u021bi puternic \u0219i \u00eendr\u0103zne\u021b, f\u0103c\u00e2ndu-l \u00eenso\u021bitorul perfect pentru orice ocazie.<\/p>\n<h2>Un amestec captivant de note<\/h2>\n<p>Parfumul se deschide cu note de v\u00e2rf proaspete \u0219i vibrante care trezesc sim\u021burile, trec\u00e2nd \u00eentr-o inim\u0103 plin\u0103 de acorduri florale \u0219i lemnoase rafinate. Aceast\u0103 compozi\u021bie atent echilibrat\u0103 este construit\u0103 pe o baz\u0103 de tonuri calde \u0219i p\u0103m\u00e2ntii care persist\u0103 pe tot parcursul zilei, asigur\u00e2ndu-v\u0103 nu numai c\u0103 mirosi\u021bi grozav, ci \u0219i v\u0103 sim\u021bi\u021bi excep\u021bional. Apa de Parfum King \u00eentruchipeaz\u0103 un amestec unic care atrage b\u0103rba\u021bii care apreciaz\u0103 calitatea \u0219i elegan\u021ba.<\/p>\n<h2>Cadoul perfect pentru fiecare ocazie<\/h2>\n<p>Fie c\u0103 este vorba de o zi de na\u0219tere, o aniversare sau doar un gest de apreciere, Apa de Parfum King este un cadou impresionant. Designul izbitor al sticlei reflect\u0103 esen\u021ba luxoas\u0103 con\u021binut\u0103 \u00een interior, f\u0103c\u00e2ndu-l un plus ideal pentru orice colec\u021bie de parfumuri. \u00cenc\u00e2nt\u0103 b\u0103rbatul special din via\u021ba ta cu acest parfum rafinat \u0219i urm\u0103re\u0219te cum devine parfumul s\u0103u semn\u0103tur\u0103, ridic\u00e2ndu-i \u00eembr\u0103c\u0103mintea de zi cu zi la niveluri regale.<\/p>","protected":false},"excerpt":{"rendered":"<ul>\n<li class=\"\" data-start=\"157\" data-end=\"214\">\n<p class=\"\" data-start=\"159\" data-end=\"214\"><strong data-start=\"159\" data-end=\"175\">Note de v\u00e2rf<\/strong>: <span class=\"relative -mx-px my-[-0.2rem] rounded px-px py-[0.2rem] transition-colors duration-100 ease-in-out\">Lavand\u0103, Ment\u0103, Bergamot\u0103<\/span><\/p>\n<\/li>\n<li class=\"\" data-start=\"215\" data-end=\"274\">\n<p class=\"\" data-start=\"217\" data-end=\"274\"><strong data-start=\"217\" data-end=\"235\">Note de mijloc<\/strong>: <span class=\"relative -mx-px my-[-0.2rem] rounded px-px py-[0.2rem] transition-colors duration-100 ease-in-out\">Scor\u021bi\u0219oar\u0103, Chimen, Flori de portocal<\/span><\/p>\n<\/li>\n<li class=\"\" data-start=\"275\" data-end=\"376\">\n<p class=\"\" data-start=\"277\" data-end=\"376\"><strong data-start=\"277\" data-end=\"293\">Note de baz\u0103<\/strong>: <span class=\"relative -mx-px my-[-0.2rem] rounded px-px py-[0.2rem] transition-colors duration-100 ease-in-out\">Vanilie, Ambr\u0103, Boabe Tonka, Lemn de santal, Lemn de cedru<\/span><\/p>\n<\/li>\n<\/ul>","protected":false},"featured_media":1606,"comment_status":"open","ping_status":"closed","template":"","meta":{"om_disable_all_campaigns":false,"_monsterinsights_skip_tracking":false,"_monsterinsights_sitenote_active":false,"_monsterinsights_sitenote_note":"","_monsterinsights_sitenote_category":0},"product_brand":[74],"product_cat":[55],"product_tag":[],"class_list":{"0":"post-1604","1":"product","2":"type-product","3":"status-publish","4":"has-post-thumbnail","6":"product_brand-wadi-al-khaleej","7":"product_cat-pentru-el","9":"first","10":"instock","11":"shipping-taxable","12":"purchasable","13":"product-type-simple"},"aioseo_notices":[],"ct_brands":[{"id":74,"name":"Wadi Al Khaleej","slug":"wadi-al-khaleej"}],"_links":{"self":[{"href":"https:\/\/habibimb.com\/en\/wp-json\/wp\/v2\/product\/1604","targetHints":{"allow":["GET"]}}],"collection":[{"href":"https:\/\/habibimb.com\/en\/wp-json\/wp\/v2\/product"}],"about":[{"href":"https:\/\/habibimb.com\/en\/wp-json\/wp\/v2\/types\/product"}],"replies":[{"embeddable":true,"href":"https:\/\/habibimb.com\/en\/wp-json\/wp\/v2\/comments?post=1604"}],"wp:featuredmedia":[{"embeddable":true,"href":"https:\/\/habibimb.com\/en\/wp-json\/wp\/v2\/media\/1606"}],"wp:attachment":[{"href":"https:\/\/habibimb.com\/en\/wp-json\/wp\/v2\/media?parent=1604"}],"wp:term":[{"taxonomy":"product_brand","embeddable":true,"href":"https:\/\/habibimb.com\/en\/wp-json\/wp\/v2\/product_brand?post=1604"},{"taxonomy":"product_cat","embeddable":true,"href":"https:\/\/habibimb.com\/en\/wp-json\/wp\/v2\/product_cat?post=1604"},{"taxonomy":"product_tag","embeddable":true,"href":"https:\/\/habibimb.com\/en\/wp-json\/wp\/v2\/product_tag?post=1604"}],"curies":[{"name":"wp","href":"https:\/\/api.w.org\/{rel}","templated":true}]}}