{"id":1601,"date":"2025-04-24T21:10:51","date_gmt":"2025-04-24T21:10:51","guid":{"rendered":"https:\/\/habibimb.com\/?post_type=product&#038;p=1601"},"modified":"2025-05-15T07:31:12","modified_gmt":"2025-05-15T07:31:12","slug":"apa-de-parfum-juliet-wadi-al-khaleej-femei-100ml","status":"publish","type":"product","link":"https:\/\/habibimb.com\/en\/product\/apa-de-parfum-juliet-wadi-al-khaleej-femei-100ml\/","title":{"rendered":"Juliet, Wadi Al Khaleej"},"content":{"rendered":"<h2>Ridic\u0103-\u021bi sim\u021burile cu Julieta<\/h2>\n<p>V\u0103 prezent\u0103m Apa de Parfum Juliet de Wadi Al Khaleej, un parfum captivant conceput pentru femeile moderne care \u00ee\u0219i \u00eembr\u0103\u021bi\u0219eaz\u0103 feminitatea cu gra\u021bie \u0219i \u00eencredere. Acest parfum rafinat de 100 ml ofer\u0103 un echilibru delicat de note florale \u0219i exotice, cre\u00e2nd un parfum atr\u0103g\u0103tor \u0219i memorabil. Experimenta\u021bi aroma \u00eenc\u00e2nt\u0103toare care ridic\u0103 orice ocazie, de la purtarea zilnic\u0103 la evenimente speciale.<\/p>\n<h2>Un amestec armonios de note parfumate<\/h2>\n<p>Esen\u021ba Julietei este creat\u0103 cu o combina\u021bie atent\u0103 de note care spun o poveste frumoas\u0103. Notele de v\u00e2rf introduc o explozie r\u0103coritoare de citrice, \u00eempletindu-se armonios cu nuan\u021be florale bl\u00e2nde. Pe m\u0103sur\u0103 ce parfumul se dezvolt\u0103, inima dezv\u0103luie un buchet de flori bogate care simbolizeaz\u0103 feminitatea, l\u0103s\u00e2nd o impresie de durat\u0103. \u00cen cele din urm\u0103, notele de baz\u0103 ofer\u0103 un final cald, reconfortant, care persist\u0103 elegant pe tot parcursul zilei. Fiecare spray al acestui parfum este conceput pentru a evoca sentimente de rafinament \u0219i farmec.<\/p>\n<h2>Pentru cine este Julieta?<\/h2>\n<p>Apa de Parfum Juliet este \u00eenso\u021bitorul perfect pentru femeile care \u00ee\u0219i exprim\u0103 individualitatea \u0219i \u00eencrederea. Fie c\u0103 e\u0219ti un profesionist ocupat, un fluture social sau cineva c\u0103ruia \u00eei plac nop\u021bile lini\u0219tite acas\u0103, acest parfum se adapteaz\u0103 frumos oric\u0103rui vibe. Versatilitatea sa \u00eel face ideal pentru toate anotimpurile, zi \u0219i noapte. \u00cembr\u0103\u021bi\u0219eaz\u0103 spiritul Julietei \u0219i las\u0103 parfumul t\u0103u s\u0103 spun\u0103 multe despre personalitatea ta unic\u0103.<\/p>\n<p>Creat cu ingrediente de \u00eenalt\u0103 calitate, acest parfum asigur\u0103 longevitate \u0219i profunzime, permi\u021b\u00e2ndu-v\u0103 s\u0103 v\u0103 sim\u021bi\u021bi proasp\u0103t \u0219i vibrant pe tot parcursul zilei. Fiecare sticl\u0103 are un design elegant, ceea ce o face nu numai o pl\u0103cere de utilizat, ci \u0219i un plus uimitor pentru toaleta ta. Experimenta\u021bi farmecul Wadi Al Khaleej cu aceast\u0103 crea\u021bie remarcabil\u0103 \u0219i redefini\u021bi-v\u0103 colec\u021bia de parfumuri.<\/p>","protected":false},"excerpt":{"rendered":"<p>Note de varf: mango, piper roz, cuisoare.<\/p>\n<p>Note de mijloc: iasomie Sambac, neroli.<\/p>\n<p>Note de baza: tabac, mosc, note lemnoase.<\/p>","protected":false},"featured_media":1602,"comment_status":"open","ping_status":"closed","template":"","meta":{"om_disable_all_campaigns":false,"_monsterinsights_skip_tracking":false,"_monsterinsights_sitenote_active":false,"_monsterinsights_sitenote_note":"","_monsterinsights_sitenote_category":0},"product_brand":[74],"product_cat":[56],"product_tag":[],"class_list":{"0":"post-1601","1":"product","2":"type-product","3":"status-publish","4":"has-post-thumbnail","6":"product_brand-wadi-al-khaleej","7":"product_cat-pentru-ea","9":"first","10":"instock","11":"shipping-taxable","12":"purchasable","13":"product-type-simple"},"aioseo_notices":[],"ct_brands":[{"id":74,"name":"Wadi Al Khaleej","slug":"wadi-al-khaleej"}],"_links":{"self":[{"href":"https:\/\/habibimb.com\/en\/wp-json\/wp\/v2\/product\/1601","targetHints":{"allow":["GET"]}}],"collection":[{"href":"https:\/\/habibimb.com\/en\/wp-json\/wp\/v2\/product"}],"about":[{"href":"https:\/\/habibimb.com\/en\/wp-json\/wp\/v2\/types\/product"}],"replies":[{"embeddable":true,"href":"https:\/\/habibimb.com\/en\/wp-json\/wp\/v2\/comments?post=1601"}],"wp:featuredmedia":[{"embeddable":true,"href":"https:\/\/habibimb.com\/en\/wp-json\/wp\/v2\/media\/1602"}],"wp:attachment":[{"href":"https:\/\/habibimb.com\/en\/wp-json\/wp\/v2\/media?parent=1601"}],"wp:term":[{"taxonomy":"product_brand","embeddable":true,"href":"https:\/\/habibimb.com\/en\/wp-json\/wp\/v2\/product_brand?post=1601"},{"taxonomy":"product_cat","embeddable":true,"href":"https:\/\/habibimb.com\/en\/wp-json\/wp\/v2\/product_cat?post=1601"},{"taxonomy":"product_tag","embeddable":true,"href":"https:\/\/habibimb.com\/en\/wp-json\/wp\/v2\/product_tag?post=1601"}],"curies":[{"name":"wp","href":"https:\/\/api.w.org\/{rel}","templated":true}]}}