{"id":1598,"date":"2025-04-24T21:09:05","date_gmt":"2025-04-24T21:09:05","guid":{"rendered":"https:\/\/habibimb.com\/?post_type=product&#038;p=1598"},"modified":"2025-05-15T07:31:12","modified_gmt":"2025-05-15T07:31:12","slug":"apa-de-parfum-nazika-wadi-al-khaleej-barbati-100ml","status":"publish","type":"product","link":"https:\/\/habibimb.com\/en\/product\/apa-de-parfum-nazika-wadi-al-khaleej-barbati-100ml\/","title":{"rendered":"Nazika, Wadi Al Khaleej"},"content":{"rendered":"<h2>Dezl\u0103n\u021buie-\u021bi esen\u021ba<\/h2>\n<p>P\u0103\u0219i\u021bi \u00eentr-o lume a luxului \u0219i rafinamentului cu <strong>Apa de Parfum Nazika, Wadi Al Khaleej<\/strong>. Acest parfum rafinat, special creat pentru b\u0103rba\u021bi, \u00eentruchipeaz\u0103 cultura bogat\u0103 \u0219i farmecul de\u0219ertului arab. Cu o sticl\u0103 generoas\u0103 de 100 ml, acest parfum v\u0103 asigur\u0103 c\u0103 purta\u021bi esen\u021ba Orientului Mijlociu oriunde merge\u021bi, f\u0103c\u00e2ndu-l \u00eenso\u021bitorul perfect pentru orice ocazie.<\/p>\n<h2>Note de parfum interesante<\/h2>\n<p>Aroma Wadi Al Khaleej captiveaz\u0103 sim\u021burile cu amestecul s\u0103u primitor de note proaspete \u0219i p\u0103m\u00e2ntii. Notele de v\u00e2rf ofer\u0103 o explozie proasp\u0103t\u0103 de citrice, trec\u00e2nd f\u0103r\u0103 probleme \u00eentr-o inim\u0103 de condimente aromate \u0219i nuan\u021be florale. Pe m\u0103sur\u0103 ce parfumul evolueaz\u0103, apar note calde lemnoase \u0219i de chihlimbar, l\u0103s\u00e2nd o impresie de durat\u0103 care persist\u0103 pe tot parcursul zilei. Complexitatea acestui parfum \u00eel face potrivit at\u00e2t pentru purtarea \u00een timpul zilei, c\u00e2t \u0219i pentru evenimentele de sear\u0103, asigur\u00e2ndu-v\u0103 c\u0103 v\u0103 sim\u021bi\u021bi \u00eencrez\u0103tor \u0219i atr\u0103g\u0103tor \u00een orice moment.<\/p>\n<h2>Perfect pentru orice ocazie<\/h2>\n<p>Fie c\u0103 v\u0103 \u00eendrepta\u021bi spre o \u00eent\u00e2lnire important\u0103, o ie\u0219ire informal\u0103 sau o sear\u0103 extravagant\u0103, Apa de Parfum Nazika, Wadi Al Khaleej este conceput\u0103 pentru a v\u0103 ridica prezen\u021ba. Aroma mistic\u0103 nu numai c\u0103 \u00ee\u021bi \u00eembun\u0103t\u0103\u021be\u0219te starea de spirit, dar las\u0103 \u0219i o urm\u0103 de alur\u0103 captivant\u0103 care \u00eei atrage pe ceilal\u021bi. Acest parfum de \u00eenalt\u0103 calitate este o dovad\u0103 a m\u0103iestriei rafinate, f\u0103c\u00e2ndu-l un cadou ideal pentru tine sau pentru cineva special din via\u021ba ta.<\/p>\n<p>\u00cembr\u0103\u021bi\u0219eaz\u0103 frumuse\u021bea nop\u021bilor arabe cu un parfum care reprezint\u0103 mo\u0219tenirea \u0219i elegan\u021ba. R\u0103sf\u0103\u021ba\u021bi-v\u0103 cu calitatea premium a Wadi Al Khaleej \u0219i l\u0103sa\u021bi fiecare pulverizare s\u0103 v\u0103 duc\u0103 \u00eentr-o c\u0103l\u0103torie olfactiv\u0103 de neuitat. Descoperi\u021bi magia acestui parfum \u0219i redefini\u021bi-v\u0103 ast\u0103zi parfumul personal.<\/p>","protected":false},"excerpt":{"rendered":"<ul>\n<li class=\"\" data-start=\"157\" data-end=\"214\">\n<p class=\"\" data-start=\"159\" data-end=\"214\"><strong data-start=\"159\" data-end=\"175\">Note de v\u00e2rf<\/strong>: <span class=\"relative -mx-px my-[-0.2rem] rounded px-px py-[0.2rem] transition-colors duration-100 ease-in-out\">Note florale, Note lemnoase<\/span><\/p>\n<\/li>\n<li class=\"\" data-start=\"215\" data-end=\"274\">\n<p class=\"\" data-start=\"217\" data-end=\"274\"><strong data-start=\"217\" data-end=\"235\">Note de mijloc<\/strong>: <span class=\"relative -mx-px my-[-0.2rem] rounded px-px py-[0.2rem] transition-colors duration-100 ease-in-out\">\u0218ofran<\/span><\/p>\n<\/li>\n<li class=\"\" data-start=\"275\" data-end=\"376\">\n<p class=\"\" data-start=\"277\" data-end=\"376\"><strong data-start=\"277\" data-end=\"293\">Note de baz\u0103<\/strong>: <span class=\"relative -mx-px my-[-0.2rem] rounded px-px py-[0.2rem] transition-colors duration-100 ease-in-out\">Vanilie, Mosc<\/span>\u200b<\/p>\n<\/li>\n<\/ul>","protected":false},"featured_media":1600,"comment_status":"open","ping_status":"closed","template":"","meta":{"om_disable_all_campaigns":false,"_monsterinsights_skip_tracking":false,"_monsterinsights_sitenote_active":false,"_monsterinsights_sitenote_note":"","_monsterinsights_sitenote_category":0},"product_brand":[74],"product_cat":[55],"product_tag":[],"class_list":{"0":"post-1598","1":"product","2":"type-product","3":"status-publish","4":"has-post-thumbnail","6":"product_brand-wadi-al-khaleej","7":"product_cat-pentru-el","9":"first","10":"instock","11":"shipping-taxable","12":"purchasable","13":"product-type-simple"},"aioseo_notices":[],"ct_brands":[{"id":74,"name":"Wadi Al Khaleej","slug":"wadi-al-khaleej"}],"_links":{"self":[{"href":"https:\/\/habibimb.com\/en\/wp-json\/wp\/v2\/product\/1598","targetHints":{"allow":["GET"]}}],"collection":[{"href":"https:\/\/habibimb.com\/en\/wp-json\/wp\/v2\/product"}],"about":[{"href":"https:\/\/habibimb.com\/en\/wp-json\/wp\/v2\/types\/product"}],"replies":[{"embeddable":true,"href":"https:\/\/habibimb.com\/en\/wp-json\/wp\/v2\/comments?post=1598"}],"wp:featuredmedia":[{"embeddable":true,"href":"https:\/\/habibimb.com\/en\/wp-json\/wp\/v2\/media\/1600"}],"wp:attachment":[{"href":"https:\/\/habibimb.com\/en\/wp-json\/wp\/v2\/media?parent=1598"}],"wp:term":[{"taxonomy":"product_brand","embeddable":true,"href":"https:\/\/habibimb.com\/en\/wp-json\/wp\/v2\/product_brand?post=1598"},{"taxonomy":"product_cat","embeddable":true,"href":"https:\/\/habibimb.com\/en\/wp-json\/wp\/v2\/product_cat?post=1598"},{"taxonomy":"product_tag","embeddable":true,"href":"https:\/\/habibimb.com\/en\/wp-json\/wp\/v2\/product_tag?post=1598"}],"curies":[{"name":"wp","href":"https:\/\/api.w.org\/{rel}","templated":true}]}}