{"id":1596,"date":"2025-04-24T21:07:04","date_gmt":"2025-04-24T21:07:04","guid":{"rendered":"https:\/\/habibimb.com\/?post_type=product&#038;p=1596"},"modified":"2025-05-15T07:31:12","modified_gmt":"2025-05-15T07:31:12","slug":"apa-de-parfum-kharmana-wadi-al-khaleej-femei-100ml","status":"publish","type":"product","link":"https:\/\/habibimb.com\/en\/product\/apa-de-parfum-kharmana-wadi-al-khaleej-femei-100ml\/","title":{"rendered":"Kharmana, Wadi Al Khaleej"},"content":{"rendered":"<h2>Experimenta\u021bi esen\u021ba elegan\u021bei<\/h2>\n<p>R\u0103sf\u0103\u021ba\u021bi-v\u0103 cu aura captivant\u0103 a parfumului Apa de Parfum Kharmana, un parfum de semn\u0103tur\u0103 al lui Wadi Al Khaleej conceput special pentru femei. Acest parfum rafinat \u00eentruchipeaz\u0103 gra\u021bia \u0219i rafinamentul, f\u0103c\u00e2ndu-l completarea perfect\u0103 pentru orice colec\u021bie de parfumuri. \u00cenv\u0103lui\u021bi-v\u0103 \u00eentr-un amestec delicios de note \u00eenc\u00e2nt\u0103toare care v\u0103 vor l\u0103sa cu siguran\u021b\u0103 o impresie remarcabil\u0103 oriunde merge\u021bi.<\/p>\n<h2>Profilul parfumului<\/h2>\n<p>Apa de Parfum Kharmana se deschide cu note de v\u00e2rf vibrante care \u00ee\u021bi trezesc sim\u021burile, invit\u00e2ndu-te \u00eentr-o inim\u0103 de elegan\u021b\u0103 \u00eenflorit\u0103. Parfumul se desf\u0103\u0219oar\u0103 elegant cu nuan\u021be florale \u0219i fructate care creeaz\u0103 un echilibru armonios, duc\u00e2nd \u00een cele din urm\u0103 la o baz\u0103 bogat\u0103 \u0219i cald\u0103 care persist\u0103 frumos pe piele. Fiecare spritz spune o poveste, pe m\u0103sur\u0103 ce compozi\u021bia atent realizat\u0103 evolueaz\u0103 pe parcursul zilei, prezent\u00e2nd o nou\u0103 experien\u021b\u0103 \u00een fiecare etap\u0103.<\/p>\n<h2>Versatilitate pentru orice ocazie<\/h2>\n<p>Aceast\u0103 sticl\u0103 de 100 ml de Apa de Parfum Kharmana este conceput\u0103 pentru femeia modern\u0103 care apreciaz\u0103 versatilitatea. Fie c\u0103 este vorba de o zi informal\u0103, o \u00eent\u00e2lnire de afaceri sau un eveniment elegant de sear\u0103, acest parfum se adapteaz\u0103 perfect oric\u0103rei ocazii. Formula sa de lung\u0103 durat\u0103 te asigur\u0103 c\u0103 r\u0103m\u00e2i \u00eenv\u0103luit \u00een \u00eembr\u0103\u021bi\u0219area sa luxoas\u0103 de diminea\u021ba p\u00e2n\u0103 seara, f\u0103c\u00e2ndu-l un plus esen\u021bial pentru ritualul t\u0103u zilnic.<\/p>\n<p>\u00cembun\u0103t\u0103\u021be\u0219te-\u021bi jocul de parfumuri cu Apa de Parfum Kharmana de Wadi Al Khaleej. \u00cembr\u0103\u021bi\u0219eaz\u0103 \u00eencrederea \u0219i farmecul care vin odat\u0103 cu purtarea acestui parfum frumos realizat \u0219i las\u0103 parfumul s\u0103u fascinant s\u0103 devin\u0103 o parte integrant\u0103 a identit\u0103\u021bii tale.<\/p>","protected":false},"excerpt":{"rendered":"<p>Note de v\u00e2rf: trandafir, zah\u0103r<\/p>\n<p>Note de mijloc: l\u0103m\u00e2ie<\/p>\n<p>Note de baz\u0103: vanilie, zah\u0103r<\/p>","protected":false},"featured_media":1597,"comment_status":"open","ping_status":"closed","template":"","meta":{"om_disable_all_campaigns":false,"_monsterinsights_skip_tracking":false,"_monsterinsights_sitenote_active":false,"_monsterinsights_sitenote_note":"","_monsterinsights_sitenote_category":0},"product_brand":[74],"product_cat":[56],"product_tag":[],"class_list":{"0":"post-1596","1":"product","2":"type-product","3":"status-publish","4":"has-post-thumbnail","6":"product_brand-wadi-al-khaleej","7":"product_cat-pentru-ea","9":"first","10":"instock","11":"shipping-taxable","12":"purchasable","13":"product-type-simple"},"aioseo_notices":[],"ct_brands":[{"id":74,"name":"Wadi Al Khaleej","slug":"wadi-al-khaleej"}],"_links":{"self":[{"href":"https:\/\/habibimb.com\/en\/wp-json\/wp\/v2\/product\/1596","targetHints":{"allow":["GET"]}}],"collection":[{"href":"https:\/\/habibimb.com\/en\/wp-json\/wp\/v2\/product"}],"about":[{"href":"https:\/\/habibimb.com\/en\/wp-json\/wp\/v2\/types\/product"}],"replies":[{"embeddable":true,"href":"https:\/\/habibimb.com\/en\/wp-json\/wp\/v2\/comments?post=1596"}],"wp:featuredmedia":[{"embeddable":true,"href":"https:\/\/habibimb.com\/en\/wp-json\/wp\/v2\/media\/1597"}],"wp:attachment":[{"href":"https:\/\/habibimb.com\/en\/wp-json\/wp\/v2\/media?parent=1596"}],"wp:term":[{"taxonomy":"product_brand","embeddable":true,"href":"https:\/\/habibimb.com\/en\/wp-json\/wp\/v2\/product_brand?post=1596"},{"taxonomy":"product_cat","embeddable":true,"href":"https:\/\/habibimb.com\/en\/wp-json\/wp\/v2\/product_cat?post=1596"},{"taxonomy":"product_tag","embeddable":true,"href":"https:\/\/habibimb.com\/en\/wp-json\/wp\/v2\/product_tag?post=1596"}],"curies":[{"name":"wp","href":"https:\/\/api.w.org\/{rel}","templated":true}]}}