{"id":1594,"date":"2025-04-24T21:05:14","date_gmt":"2025-04-24T21:05:14","guid":{"rendered":"https:\/\/habibimb.com\/?post_type=product&#038;p=1594"},"modified":"2025-05-15T07:31:12","modified_gmt":"2025-05-15T07:31:12","slug":"apa-de-parfum-loa-loa-wadi-al-khaleej-femei-100ml","status":"publish","type":"product","link":"https:\/\/habibimb.com\/en\/product\/apa-de-parfum-loa-loa-wadi-al-khaleej-femei-100ml\/","title":{"rendered":"Loa Loa, Wadi Al Khaleej"},"content":{"rendered":"<h2>R\u0103sf\u0103\u021ba\u021bi-v\u0103 cu o experien\u021b\u0103 unic\u0103 de parfum<\/h2>\n<p>Descoperi\u021bi parfumul luxos \u0219i \u00eenc\u00e2nt\u0103tor al <strong>Apa de Parfum Loa Loa, Wadi Al Khaleej<\/strong>. Acest parfum rafinat este conceput pentru femeile care caut\u0103 s\u0103-\u0219i exprime individualitatea \u0219i elegan\u021ba prin parfumul lor. Realizat cu precizie, acest parfum evoc\u0103 un sentiment de uimire \u0219i alur\u0103 care captiveaz\u0103 sim\u021burile \u0219i las\u0103 o impresie de durat\u0103.<\/p>\n<h2>Note care spun o poveste<\/h2>\n<p>Compozi\u021bia lui Loa Loa se desf\u0103\u0219oar\u0103 ca o nara\u021biune frumoas\u0103. \u00cencep\u00e2nd cu note de v\u00e2rf vibrante, acest parfum introduce o explozie r\u0103coritoare de elemente citrice \u0219i florale care \u00ee\u021bi revigoreaz\u0103 spiritul. Pe m\u0103sur\u0103 ce parfumul evolueaz\u0103, ve\u021bi \u00eent\u00e2lni notele de mijloc cu arome bogate \u0219i senzuale care se \u00eembin\u0103 armonios, simboliz\u00e2nd feminitatea \u0219i gra\u021bia. \u00cen cele din urm\u0103, notele de baz\u0103 profunde \u0219i calde ofer\u0103 un final persistent care te \u00eenv\u0103luie \u00eentr-o \u00eembr\u0103\u021bi\u0219are a rafinamentului.<\/p>\n<h2>Perfect pentru orice ocazie<\/h2>\n<p>Fie c\u0103 te \u00eembraci pentru o zi casual sau te preg\u0103te\u0219ti pentru un eveniment elegant de sear\u0103, <strong>Apa de Parfum Loa Loa, Wadi Al Khaleej<\/strong> este \u00eenso\u021bitorul perfect. Parfumul s\u0103u versatil se adapteaz\u0103 la diverse set\u0103ri, f\u0103c\u00e2ndu-l o alegere ideal\u0103 at\u00e2t pentru purtarea \u00een timpul zilei, c\u00e2t \u0219i pentru ocazii speciale. Cu profilul s\u0103u \u00eendr\u0103zne\u021b, dar delicat, acest parfum \u00ee\u021bi \u00eembun\u0103t\u0103\u021be\u0219te personalitatea, f\u0103c\u00e2ndu-te s\u0103 te sim\u021bi \u00eencrez\u0103tor \u0219i radiant.<\/p>\n<p>Arat\u0103-\u021bi stilul unic cu acest parfum \u00eenc\u00e2nt\u0103tor care rezoneaz\u0103 cu frumuse\u021be \u0219i elegan\u021b\u0103. Flaconul de 100 ml este ideal pentru toaleta ta, asigur\u00e2ndu-te c\u0103 ai \u00eentotdeauna la \u00eendem\u00e2n\u0103 parfumul t\u0103u de semn\u0103tur\u0103. \u00cembun\u0103t\u0103\u021be\u0219te-\u021bi colec\u021bia de parfumuri cu Loa Loa \u0219i scufund\u0103-te \u00een lumea luxoas\u0103 a Wadi Al Khaleej.K<\/p>","protected":false},"excerpt":{"rendered":"<ul>\n<li class=\"\" data-start=\"157\" data-end=\"214\">\n<p class=\"\" data-start=\"159\" data-end=\"214\"><strong data-start=\"159\" data-end=\"175\">Note de v\u00e2rf<\/strong>: <span class=\"relative -mx-px my-[-0.2rem] rounded px-px py-[0.2rem] transition-colors duration-100 ease-in-out\">Coac\u0103ze negre, M\u0103r<\/span><\/p>\n<\/li>\n<li class=\"\" data-start=\"215\" data-end=\"274\">\n<p class=\"\" data-start=\"217\" data-end=\"274\"><strong data-start=\"217\" data-end=\"235\">Note de mijloc<\/strong>: <span class=\"relative -mx-px my-[-0.2rem] rounded px-px py-[0.2rem] transition-colors duration-100 ease-in-out\">Trandafir, Mesteac\u0103n uscat, Iasomie marocan\u0103, Patchouli<\/span><\/p>\n<\/li>\n<li class=\"\" data-start=\"275\" data-end=\"376\">\n<p class=\"\" data-start=\"277\" data-end=\"376\"><strong data-start=\"277\" data-end=\"293\">Note de baz\u0103<\/strong>: <span class=\"relative -mx-px my-[-0.2rem] rounded px-px py-[0.2rem] transition-colors duration-100 ease-in-out\">Mu\u015fchi de stejar, Mosc, Ambr\u0103, Vanilie<\/span><\/p>\n<\/li>\n<\/ul>","protected":false},"featured_media":1595,"comment_status":"open","ping_status":"closed","template":"","meta":{"om_disable_all_campaigns":false,"_monsterinsights_skip_tracking":false,"_monsterinsights_sitenote_active":false,"_monsterinsights_sitenote_note":"","_monsterinsights_sitenote_category":0},"product_brand":[74],"product_cat":[56],"product_tag":[],"class_list":{"0":"post-1594","1":"product","2":"type-product","3":"status-publish","4":"has-post-thumbnail","6":"product_brand-wadi-al-khaleej","7":"product_cat-pentru-ea","9":"first","10":"instock","11":"shipping-taxable","12":"purchasable","13":"product-type-simple"},"aioseo_notices":[],"ct_brands":[{"id":74,"name":"Wadi Al Khaleej","slug":"wadi-al-khaleej"}],"_links":{"self":[{"href":"https:\/\/habibimb.com\/en\/wp-json\/wp\/v2\/product\/1594","targetHints":{"allow":["GET"]}}],"collection":[{"href":"https:\/\/habibimb.com\/en\/wp-json\/wp\/v2\/product"}],"about":[{"href":"https:\/\/habibimb.com\/en\/wp-json\/wp\/v2\/types\/product"}],"replies":[{"embeddable":true,"href":"https:\/\/habibimb.com\/en\/wp-json\/wp\/v2\/comments?post=1594"}],"wp:featuredmedia":[{"embeddable":true,"href":"https:\/\/habibimb.com\/en\/wp-json\/wp\/v2\/media\/1595"}],"wp:attachment":[{"href":"https:\/\/habibimb.com\/en\/wp-json\/wp\/v2\/media?parent=1594"}],"wp:term":[{"taxonomy":"product_brand","embeddable":true,"href":"https:\/\/habibimb.com\/en\/wp-json\/wp\/v2\/product_brand?post=1594"},{"taxonomy":"product_cat","embeddable":true,"href":"https:\/\/habibimb.com\/en\/wp-json\/wp\/v2\/product_cat?post=1594"},{"taxonomy":"product_tag","embeddable":true,"href":"https:\/\/habibimb.com\/en\/wp-json\/wp\/v2\/product_tag?post=1594"}],"curies":[{"name":"wp","href":"https:\/\/api.w.org\/{rel}","templated":true}]}}