{"id":1591,"date":"2025-04-24T21:01:19","date_gmt":"2025-04-24T21:01:19","guid":{"rendered":"https:\/\/habibimb.com\/?post_type=product&#038;p=1591"},"modified":"2025-05-15T07:31:12","modified_gmt":"2025-05-15T07:31:12","slug":"apa-de-parfum-jamana-wadi-al-khaleej-femei-100ml","status":"publish","type":"product","link":"https:\/\/habibimb.com\/en\/product\/apa-de-parfum-jamana-wadi-al-khaleej-femei-100ml\/","title":{"rendered":"Jamana, Wadi Al Khaleej"},"content":{"rendered":"<h2>Descoper\u0103 esen\u021ba Jamana<\/h2>\n<p>V\u0103 prezent\u0103m Apa de Parfum Jamana de la Wadi Al Khaleej &#8211; un parfum care \u00eencapsuleaz\u0103 spiritul feminit\u0103\u021bii moderne. Creat pentru femeile care eman\u0103 \u00eencredere \u0219i elegan\u021b\u0103, acest parfum rafinat este conceput pentru a v\u0103 completa personalitatea unic\u0103. Cu amestecul s\u0103u atent organizat de note bogate, Jamana nu numai c\u0103 v\u0103 spore\u0219te farmecul natural, dar las\u0103 \u0219i o impresie de durat\u0103 oriunde merge\u021bi.<\/p>\n<h2>Un parfum care \u00ee\u021bi spune povestea<\/h2>\n<p>Apa de Parfum Jamana este mai mult dec\u00e2t un simplu parfum; Este o experien\u021b\u0103 care se desf\u0103\u0219oar\u0103 cu fiecare pulverizare. Notele ini\u021biale prezint\u0103 o senza\u021bie proasp\u0103t\u0103 \u0219i revigorant\u0103, trezind sim\u021burile \u0219i preg\u0103tind scena pentru inima parfumului. Pe m\u0103sur\u0103 ce se dezvolt\u0103, subtonurile florale se \u00eembin\u0103 perfect cu elemente calde, p\u0103m\u00e2ntii, cre\u00e2nd un echilibru armonios care rezoneaz\u0103 pe tot parcursul zilei. Aceast\u0103 compozi\u021bie dinamic\u0103 v\u0103 asigur\u0103 c\u0103 v\u0103 sim\u021bi\u021bi vibrant \u0219i sofisticat de diminea\u021ba p\u00e2n\u0103 seara, f\u0103c\u00e2ndu-l accesoriul perfect pentru orice ocazie.<\/p>\n<h2>\u00censo\u021bitorul t\u0103u ideal<\/h2>\n<p>\u00cenvelit \u00eentr-o sticl\u0103 elegant\u0103 de 100 ml, Apa de Parfum Jamana este conceput pentru cei \u00eendr\u0103zne\u021bi \u0219i frumo\u0219i. Fie c\u0103 participi la un eveniment formal sau te bucuri de o ie\u0219ire casual cu prietenii, acest parfum se adapteaz\u0103 oric\u0103rei situa\u021bii \u0219i \u00ee\u021bi accentueaz\u0103 stilul. Formula sa de lung\u0103 durat\u0103 \u00eenseamn\u0103 c\u0103 nu ve\u021bi avea nevoie de retu\u0219uri frecvente, permi\u021b\u00e2ndu-v\u0103 s\u0103 v\u0103 continua\u021bi ziua cu \u00eencredere.<\/p>\n<p>Experimenta\u021bi puterea transformatoare a Apa de Parfum Jamana, Wadi Al Khaleej, \u0219i \u00eembr\u0103\u021bi\u0219a\u021bi amestecul intrigant de arome care v\u0103 reflect\u0103 individualitatea. Atrage complimente \u0219i ridic\u0103-\u021bi prezen\u021ba cu fiecare aplica\u021bie. Nu este doar un parfum; este o expresie a ceea ce e\u0219ti. Face\u021bi din Jamana parfumul preferat \u0219i l\u0103sa\u021bi-v\u0103 alura s\u0103 str\u0103luceasc\u0103.<\/p>","protected":false},"excerpt":{"rendered":"<p>Note de v\u00e2rf: galbanum, scor\u021bi\u0219oar\u0103<\/p>\n<p>Note de mijloc: violet\u0103, cui\u0219oare<\/p>\n<p>Note de baz\u0103: oud, mosc, lemn de santal, ambr\u0103<\/p>","protected":false},"featured_media":1592,"comment_status":"open","ping_status":"closed","template":"","meta":{"om_disable_all_campaigns":false,"_monsterinsights_skip_tracking":false,"_monsterinsights_sitenote_active":false,"_monsterinsights_sitenote_note":"","_monsterinsights_sitenote_category":0},"product_brand":[74],"product_cat":[56],"product_tag":[],"class_list":{"0":"post-1591","1":"product","2":"type-product","3":"status-publish","4":"has-post-thumbnail","6":"product_brand-wadi-al-khaleej","7":"product_cat-pentru-ea","9":"first","10":"instock","11":"shipping-taxable","12":"purchasable","13":"product-type-simple"},"aioseo_notices":[],"ct_brands":[{"id":74,"name":"Wadi Al Khaleej","slug":"wadi-al-khaleej"}],"_links":{"self":[{"href":"https:\/\/habibimb.com\/en\/wp-json\/wp\/v2\/product\/1591","targetHints":{"allow":["GET"]}}],"collection":[{"href":"https:\/\/habibimb.com\/en\/wp-json\/wp\/v2\/product"}],"about":[{"href":"https:\/\/habibimb.com\/en\/wp-json\/wp\/v2\/types\/product"}],"replies":[{"embeddable":true,"href":"https:\/\/habibimb.com\/en\/wp-json\/wp\/v2\/comments?post=1591"}],"wp:featuredmedia":[{"embeddable":true,"href":"https:\/\/habibimb.com\/en\/wp-json\/wp\/v2\/media\/1592"}],"wp:attachment":[{"href":"https:\/\/habibimb.com\/en\/wp-json\/wp\/v2\/media?parent=1591"}],"wp:term":[{"taxonomy":"product_brand","embeddable":true,"href":"https:\/\/habibimb.com\/en\/wp-json\/wp\/v2\/product_brand?post=1591"},{"taxonomy":"product_cat","embeddable":true,"href":"https:\/\/habibimb.com\/en\/wp-json\/wp\/v2\/product_cat?post=1591"},{"taxonomy":"product_tag","embeddable":true,"href":"https:\/\/habibimb.com\/en\/wp-json\/wp\/v2\/product_tag?post=1591"}],"curies":[{"name":"wp","href":"https:\/\/api.w.org\/{rel}","templated":true}]}}