{"id":1588,"date":"2025-04-24T20:59:34","date_gmt":"2025-04-24T20:59:34","guid":{"rendered":"https:\/\/habibimb.com\/?post_type=product&#038;p=1588"},"modified":"2025-05-15T07:31:12","modified_gmt":"2025-05-15T07:31:12","slug":"apa-de-parfum-prince-wadi-al-khaleej-barbati-100ml","status":"publish","type":"product","link":"https:\/\/habibimb.com\/en\/product\/apa-de-parfum-prince-wadi-al-khaleej-barbati-100ml\/","title":{"rendered":"Prince, Wadi Al Khaleej"},"content":{"rendered":"<h2>Dezl\u0103n\u021buie-\u021bi regalitatea interioar\u0103<\/h2>\n<p>Scufunda\u021bi-v\u0103 \u00eentr-un t\u0103r\u00e2m al rafinamentului cu Apa de Parfum Prince de la Wadi Al Khaleej. Acest parfum rafinat este conceput pentru domnul modern care pre\u021buie\u0219te elegan\u021ba \u0219i carisma. Fiecare spritz te \u00eenv\u0103luie \u00eentr-o arom\u0103 luxoas\u0103 care spune multe despre \u00eencrederea \u0219i stilul t\u0103u. Perfect pentru orice ocazie, acest parfum v\u0103 asigur\u0103 c\u0103 l\u0103sa\u021bi o impresie de durat\u0103 oriunde merge\u021bi.<\/p>\n<h2>Un amestec unic de note rafinate<\/h2>\n<p>Creat cu precizie, Apa de Parfum Prince prezint\u0103 un amestec unic de note care se \u00eembin\u0103 armonios pentru a crea un parfum captivant. Deschiz\u00e2ndu-se cu note de citrice proaspete \u0219i nuan\u021be picante, se transform\u0103 \u00eentr-o inim\u0103 \u00eembog\u0103\u021bit\u0103 cu acorduri florale \u0219i lemnoase. Notele de baz\u0103 persist\u0103, oferind un final memorabil care \u00eei va \u00eenc\u00e2nta pe admiratori de prezen\u021ba ta. Acesta nu este doar un parfum; Este o experien\u021b\u0103 care v\u0103 \u00eencapsuleaz\u0103 esen\u021ba.<\/p>\n<h2>Perfect pentru orice ocazie<\/h2>\n<p>Fie c\u0103 participa\u021bi la un eveniment formal, merge\u021bi la birou sau v\u0103 bucura\u021bi de o noapte informal\u0103, Apa de Parfum Prince este \u00eenso\u021bitorul ideal. Versatilitatea sa v\u0103 asigur\u0103 c\u0103 \u00eel pute\u021bi purta cu \u00eencredere, indiferent de decor. Sticla generoas\u0103 de 100 ml o face perfect\u0103 pentru purtarea zilnic\u0103 sau pentru acea ocazie special\u0103 \u00een care dori\u021bi s\u0103 face\u021bi o declara\u021bie. \u00cembun\u0103t\u0103\u021be\u0219te-\u021bi colec\u021bia de parfumuri cu acest adaos atemporal care rezoneaz\u0103 cu tradi\u021bia, \u00eembr\u0103\u021bi\u0219\u00e2nd \u00een acela\u0219i timp elegan\u021ba contemporan\u0103.<\/p>\n<p>R\u0103sf\u0103\u021ba\u021bi-v\u0103 cu esen\u021ba luxului cu Apa de Parfum Prince \u0219i permite\u021bi lumii s\u0103 experimenteze farmecul sofisticat care \u00eenso\u021be\u0219te acest parfum remarcabil. Descoperi\u021bi de ce acest parfum a devenit preferatul domnilor exigen\u021bi care caut\u0103 calitate \u0219i farmec \u00een via\u021ba lor de zi cu zi<\/p>","protected":false},"excerpt":{"rendered":"<ul>\n<li><strong>Notele de varf<\/strong>\u00a0se resimt imediat dupa pulverizarea parfumului.<\/li>\n<li><img decoding=\"async\" class=\"lazy\" src=\"https:\/\/www.emag.ro\/wp-content\/uploads\/2023\/07\/note-mijloc2.png\" alt=\"\" width=\"\" height=\"\" align=\"\" \/><strong>Notele de mijloc<\/strong>\u00a0apar progresiv dupa evaporarea celor de varf.<\/li>\n<li><img decoding=\"async\" class=\"lazy\" src=\"https:\/\/www.emag.ro\/wp-content\/uploads\/2023\/07\/note-baza2.png\" alt=\"\" width=\"\" height=\"\" align=\"\" \/><strong>Notele de baza<\/strong>\u00a0persista pe piele pentru un timp indelungat<\/li>\n<\/ul>","protected":false},"featured_media":1589,"comment_status":"open","ping_status":"closed","template":"","meta":{"om_disable_all_campaigns":false,"_monsterinsights_skip_tracking":false,"_monsterinsights_sitenote_active":false,"_monsterinsights_sitenote_note":"","_monsterinsights_sitenote_category":0},"product_brand":[74],"product_cat":[55],"product_tag":[],"class_list":{"0":"post-1588","1":"product","2":"type-product","3":"status-publish","4":"has-post-thumbnail","6":"product_brand-wadi-al-khaleej","7":"product_cat-pentru-el","9":"first","10":"instock","11":"shipping-taxable","12":"purchasable","13":"product-type-simple"},"aioseo_notices":[],"ct_brands":[{"id":74,"name":"Wadi Al Khaleej","slug":"wadi-al-khaleej"}],"_links":{"self":[{"href":"https:\/\/habibimb.com\/en\/wp-json\/wp\/v2\/product\/1588","targetHints":{"allow":["GET"]}}],"collection":[{"href":"https:\/\/habibimb.com\/en\/wp-json\/wp\/v2\/product"}],"about":[{"href":"https:\/\/habibimb.com\/en\/wp-json\/wp\/v2\/types\/product"}],"replies":[{"embeddable":true,"href":"https:\/\/habibimb.com\/en\/wp-json\/wp\/v2\/comments?post=1588"}],"wp:featuredmedia":[{"embeddable":true,"href":"https:\/\/habibimb.com\/en\/wp-json\/wp\/v2\/media\/1589"}],"wp:attachment":[{"href":"https:\/\/habibimb.com\/en\/wp-json\/wp\/v2\/media?parent=1588"}],"wp:term":[{"taxonomy":"product_brand","embeddable":true,"href":"https:\/\/habibimb.com\/en\/wp-json\/wp\/v2\/product_brand?post=1588"},{"taxonomy":"product_cat","embeddable":true,"href":"https:\/\/habibimb.com\/en\/wp-json\/wp\/v2\/product_cat?post=1588"},{"taxonomy":"product_tag","embeddable":true,"href":"https:\/\/habibimb.com\/en\/wp-json\/wp\/v2\/product_tag?post=1588"}],"curies":[{"name":"wp","href":"https:\/\/api.w.org\/{rel}","templated":true}]}}