{"id":1585,"date":"2025-04-24T20:54:34","date_gmt":"2025-04-24T20:54:34","guid":{"rendered":"https:\/\/habibimb.com\/?post_type=product&#038;p=1585"},"modified":"2026-03-06T09:32:31","modified_gmt":"2026-03-06T09:32:31","slug":"apa-de-parfum-princess-wadi-al-khaleej-femei-100ml","status":"publish","type":"product","link":"https:\/\/habibimb.com\/en\/product\/apa-de-parfum-princess-wadi-al-khaleej-femei-100ml\/","title":{"rendered":"Princess, Wadi Al Khaleej"},"content":{"rendered":"<h2>Descoperi\u021bi farmecul prin\u021besei<\/h2>\n<p>V\u0103 prezent\u0103m \u00eenc\u00e2nt\u0103toarea Apa de Parfum Princess de Wadi Al Khaleej, creat\u0103 exclusiv pentru femeile care \u00eendr\u0103znesc s\u0103-\u0219i \u00eembr\u0103\u021bi\u0219eze regalitatea interioar\u0103. Acest parfum rafinat, con\u021binut \u00eentr-o sticl\u0103 generoas\u0103 de 100 ml, ofer\u0103 o experien\u021b\u0103 olfactiv\u0103 luxoas\u0103 care captiveaz\u0103 sim\u021burile \u0219i las\u0103 o impresie de neuitat. De la prima pulverizare, acest parfum \u00ee\u021bi ridic\u0103 spiritul \u0219i \u00ee\u021bi \u00eemputernice\u0219te fiecare moment.<\/p>\n<h2>Profilul parfumului<\/h2>\n<p>Apa de Parfum Princess \u021bese o tapiserie de note captivante care se armonizeaz\u0103 frumos pentru a crea o aur\u0103 de durat\u0103. Notele de v\u00e2rf izbucnesc cu citrice vibrante \u0219i acorduri florale proaspete, cre\u00e2nd o deschidere str\u0103lucitoare \u0219i \u00een\u0103l\u021b\u0103toare. Pe m\u0103sur\u0103 ce parfumul se dezvolt\u0103, inima dezv\u0103luie un amestec delicat de elemente dulci \u0219i fructate, cre\u00e2nd o arom\u0103 luxuriant\u0103 \u0219i \u00eemb\u0103t\u0103toare. \u00cen cele din urm\u0103, notele de baz\u0103 ancoreaz\u0103 parfumul cu nuan\u021be calde \u0219i luxoase de vanilie \u0219i chihlimbar, oferind profunzime \u0219i bog\u0103\u021bie, asigur\u00e2ndu-se c\u0103 Princess r\u0103m\u00e2ne pe piele ca o amintire pre\u021buit\u0103.<\/p>\n<h2>Perfect pentru orice ocazie<\/h2>\n<p>Fie c\u0103 te \u00eendrep\u021bi spre un brunch casual cu prietenii, o sear\u0103 elegant\u0103 sau pur \u0219i simplu te bucuri de o noapte lini\u0219tit\u0103 acas\u0103, Apa de Parfum Princess este \u00eenso\u021bitorul perfect. Profilul s\u0103u de parfum versatil \u00eel face potrivit pentru orice situa\u021bie, permi\u021b\u00e2ndu-v\u0103 s\u0103 v\u0103 exprima\u021bi individualitatea \u0219i \u00eencrederea f\u0103r\u0103 efort. Acest parfum nu este doar un parfum; Este o s\u0103rb\u0103toare a feminit\u0103\u021bii \u0219i elegan\u021bei care poate fi \u00eembr\u0103\u021bi\u0219at\u0103 zilnic.<\/p>\n<p>\u00cembun\u0103t\u0103\u021be\u0219te-\u021bi colec\u021bia de parfumuri cu Apa de Parfum Princess, cel mai bine v\u00e2ndut parfum al Wadi Al Khaleej, conceput pentru femeia modern\u0103 care caut\u0103 s\u0103 \u00eentruchipeze gra\u021bia \u0219i farmecul. Cu amestecul s\u0103u rafinat de note \u0219i sticla elegant\u0103, este, de asemenea, un cadou ideal pentru cei dragi, promov\u00e2nd o aur\u0103 de rafinament cu fiecare purtare. Experimenta\u021bi adev\u0103ratul lux cu fiecare spray \u0219i l\u0103sa\u021bi Apa de Parfum Princess s\u0103 v\u0103 lumineze lumea.<\/p>","protected":false},"excerpt":{"rendered":"<p><strong>Note de v\u00e2rf:<\/strong>\u00a0Mandarine, M\u0103r, Caise, Flori de nuf\u0103r;<\/p>\n<p><strong>Note de mijloc:<\/strong>\u00a0Guava, Tuberoz\u0103, Flori de tiara, Ciocolat\u0103 neagr\u0103;<\/p>\n<p><strong>Note de baz\u0103:<\/strong>\u00a0Vanilie, Ambr\u0103, Note lemnoase.<\/p>","protected":false},"featured_media":1586,"comment_status":"open","ping_status":"closed","template":"","meta":{"om_disable_all_campaigns":false,"_monsterinsights_skip_tracking":false,"_monsterinsights_sitenote_active":false,"_monsterinsights_sitenote_note":"","_monsterinsights_sitenote_category":0},"product_brand":[74],"product_cat":[56],"product_tag":[],"class_list":{"0":"post-1585","1":"product","2":"type-product","3":"status-publish","4":"has-post-thumbnail","6":"product_brand-wadi-al-khaleej","7":"product_cat-pentru-ea","9":"first","10":"outofstock","11":"shipping-taxable","12":"purchasable","13":"product-type-simple"},"aioseo_notices":[],"ct_brands":[{"id":74,"name":"Wadi Al Khaleej","slug":"wadi-al-khaleej"}],"_links":{"self":[{"href":"https:\/\/habibimb.com\/en\/wp-json\/wp\/v2\/product\/1585","targetHints":{"allow":["GET"]}}],"collection":[{"href":"https:\/\/habibimb.com\/en\/wp-json\/wp\/v2\/product"}],"about":[{"href":"https:\/\/habibimb.com\/en\/wp-json\/wp\/v2\/types\/product"}],"replies":[{"embeddable":true,"href":"https:\/\/habibimb.com\/en\/wp-json\/wp\/v2\/comments?post=1585"}],"wp:featuredmedia":[{"embeddable":true,"href":"https:\/\/habibimb.com\/en\/wp-json\/wp\/v2\/media\/1586"}],"wp:attachment":[{"href":"https:\/\/habibimb.com\/en\/wp-json\/wp\/v2\/media?parent=1585"}],"wp:term":[{"taxonomy":"product_brand","embeddable":true,"href":"https:\/\/habibimb.com\/en\/wp-json\/wp\/v2\/product_brand?post=1585"},{"taxonomy":"product_cat","embeddable":true,"href":"https:\/\/habibimb.com\/en\/wp-json\/wp\/v2\/product_cat?post=1585"},{"taxonomy":"product_tag","embeddable":true,"href":"https:\/\/habibimb.com\/en\/wp-json\/wp\/v2\/product_tag?post=1585"}],"curies":[{"name":"wp","href":"https:\/\/api.w.org\/{rel}","templated":true}]}}