{"id":1582,"date":"2025-04-24T20:52:17","date_gmt":"2025-04-24T20:52:17","guid":{"rendered":"https:\/\/habibimb.com\/?post_type=product&#038;p=1582"},"modified":"2025-05-15T07:31:12","modified_gmt":"2025-05-15T07:31:12","slug":"apa-de-parfum-emperor-wadi-al-khaleej-femei-100ml","status":"publish","type":"product","link":"https:\/\/habibimb.com\/en\/product\/apa-de-parfum-emperor-wadi-al-khaleej-femei-100ml\/","title":{"rendered":"Emperor, Wadi Al Khaleej"},"content":{"rendered":"<h2>Dezl\u0103n\u021buie-\u021bi \u00eencrederea<\/h2>\n<p>Descoper\u0103 alura fascinant\u0103 a <strong>Apa de Parfum Emperor<\/strong> de la Wadi Al Khaleej, un parfum frumos realizat conceput pentru femeia modern\u0103 care \u00eei \u00eembr\u0103\u021bi\u0219eaz\u0103 elegan\u021ba \u0219i puterea. Aceast\u0103 ap\u0103 de parfum de 100 ml surprinde un amestec unic de prospe\u021bime \u0219i rafinament, care \u00eei va captiva cu siguran\u021b\u0103 pe cei din jur, l\u0103s\u00e2nd o impresie de neuitat.<\/p>\n<h2>Note de parfum care inspir\u0103<\/h2>\n<p><strong>Apa de Parfum Emperor<\/strong> este compus\u0103 artistic cu o armonie de note intrigante care v\u0103 vor purta \u00eentr-o c\u0103l\u0103torie senzorial\u0103. Notele de v\u00e2rf te \u00eent\u00e2mpin\u0103 cu citrice vibrante \u0219i mere crocante, evoc\u00e2nd un sentiment de vitalitate \u0219i claritate. Pe m\u0103sur\u0103 ce parfumul se desf\u0103\u0219oar\u0103, inima dezv\u0103luie un buchet floral, \u00eembog\u0103\u021bit cu note de iasomie \u0219i trandafir, simboliz\u00e2nd feminitatea \u0219i gra\u021bie. \u00cen cele din urm\u0103, notele de baz\u0103 ofer\u0103 o \u00eembr\u0103\u021bi\u0219are cald\u0103 de vanilie \u0219i chihlimbar, asigur\u00e2nd o urm\u0103 de durat\u0103 de c\u0103ldur\u0103 \u0219i confort.<\/p>\n<h2>Perfect pentru orice ocazie<\/h2>\n<p>Fie c\u0103 participa\u021bi la un eveniment de sear\u0103 plin de farmec sau v\u0103 bucura\u021bi de o zi informal\u0103, acest parfum versatil este \u00eenso\u021bitorul perfect. <strong>Apa de Parfum Emperor<\/strong> v\u0103 \u00eembun\u0103t\u0103\u021be\u0219te farmecul \u0219i prezen\u021ba natural\u0103, f\u0103c\u00e2ndu-l potrivit at\u00e2t pentru zi, c\u00e2t \u0219i pentru noapte. Designul s\u0103u elegant al sticlei adaug\u0103 o not\u0103 de lux chiuvetei tale \u0219i serve\u0219te ca o reamintire bl\u00e2nd\u0103 a puterii \u0219i frumuse\u021bii tale interioare. F\u0103-l parfumul t\u0103u semn\u0103tur\u0103 \u0219i las\u0103-l s\u0103 reflecte personalitatea ta unic\u0103.<\/p>","protected":false},"excerpt":{"rendered":"<ul>\n<li class=\"\" data-start=\"124\" data-end=\"181\">\n<p class=\"\" data-start=\"126\" data-end=\"181\"><strong data-start=\"126\" data-end=\"142\">Note de v\u00e2rf<\/strong>: <span class=\"relative -mx-px my-[-0.2rem] rounded px-px py-[0.2rem] transition-colors duration-100 ease-in-out\">Ananas, Boabe de ienup\u0103r, M\u0103r<\/span><\/p>\n<\/li>\n<li class=\"\" data-start=\"182\" data-end=\"241\">\n<p class=\"\" data-start=\"184\" data-end=\"241\"><strong data-start=\"184\" data-end=\"202\">Note de mijloc<\/strong>: <span class=\"relative -mx-px my-[-0.2rem] rounded px-px py-[0.2rem] transition-colors duration-100 ease-in-out\">Bergamot\u0103, Iasomie, Trandafir<\/span><\/p>\n<\/li>\n<li class=\"\" data-start=\"242\" data-end=\"343\">\n<p class=\"\" data-start=\"244\" data-end=\"343\"><strong data-start=\"244\" data-end=\"260\">Note de baz\u0103<\/strong>: <span class=\"relative -mx-px my-[-0.2rem] rounded px-px py-[0.2rem] transition-colors duration-100 ease-in-out\">Mesteac\u0103n, Patchouli, Mosc, Ambr\u0103 cenu\u0219ie, Vanilie<\/span><\/p>\n<\/li>\n<\/ul>","protected":false},"featured_media":1583,"comment_status":"open","ping_status":"closed","template":"","meta":{"om_disable_all_campaigns":false,"_monsterinsights_skip_tracking":false,"_monsterinsights_sitenote_active":false,"_monsterinsights_sitenote_note":"","_monsterinsights_sitenote_category":0},"product_brand":[74],"product_cat":[56],"product_tag":[],"class_list":{"0":"post-1582","1":"product","2":"type-product","3":"status-publish","4":"has-post-thumbnail","6":"product_brand-wadi-al-khaleej","7":"product_cat-pentru-ea","9":"first","10":"instock","11":"shipping-taxable","12":"purchasable","13":"product-type-simple"},"aioseo_notices":[],"ct_brands":[{"id":74,"name":"Wadi Al Khaleej","slug":"wadi-al-khaleej"}],"_links":{"self":[{"href":"https:\/\/habibimb.com\/en\/wp-json\/wp\/v2\/product\/1582","targetHints":{"allow":["GET"]}}],"collection":[{"href":"https:\/\/habibimb.com\/en\/wp-json\/wp\/v2\/product"}],"about":[{"href":"https:\/\/habibimb.com\/en\/wp-json\/wp\/v2\/types\/product"}],"replies":[{"embeddable":true,"href":"https:\/\/habibimb.com\/en\/wp-json\/wp\/v2\/comments?post=1582"}],"wp:featuredmedia":[{"embeddable":true,"href":"https:\/\/habibimb.com\/en\/wp-json\/wp\/v2\/media\/1583"}],"wp:attachment":[{"href":"https:\/\/habibimb.com\/en\/wp-json\/wp\/v2\/media?parent=1582"}],"wp:term":[{"taxonomy":"product_brand","embeddable":true,"href":"https:\/\/habibimb.com\/en\/wp-json\/wp\/v2\/product_brand?post=1582"},{"taxonomy":"product_cat","embeddable":true,"href":"https:\/\/habibimb.com\/en\/wp-json\/wp\/v2\/product_cat?post=1582"},{"taxonomy":"product_tag","embeddable":true,"href":"https:\/\/habibimb.com\/en\/wp-json\/wp\/v2\/product_tag?post=1582"}],"curies":[{"name":"wp","href":"https:\/\/api.w.org\/{rel}","templated":true}]}}