{"id":1579,"date":"2025-04-24T20:49:58","date_gmt":"2025-04-24T20:49:58","guid":{"rendered":"https:\/\/habibimb.com\/?post_type=product&#038;p=1579"},"modified":"2025-05-15T07:31:12","modified_gmt":"2025-05-15T07:31:12","slug":"apa-de-parfum-kenny-mini-wadi-al-khaleej-unisex-100ml","status":"publish","type":"product","link":"https:\/\/habibimb.com\/en\/product\/apa-de-parfum-kenny-mini-wadi-al-khaleej-unisex-100ml\/","title":{"rendered":"Kenny Mini, Wadi Al Khaleej"},"content":{"rendered":"<h2>Experimenta\u021bi esen\u021ba elegan\u021bei<\/h2>\n<p>Descoper\u0103 parfumul captivant al parfumului Kenny Mini, un parfum care simbolizeaz\u0103 rafinamentul \u0219i unicitatea. Conceput pentru toat\u0103 lumea, acest parfum unisex \u00eembin\u0103 notele aromatice pentru a crea un parfum care este at\u00e2t r\u0103coritor, c\u00e2t \u0219i durabil. Fie c\u0103 te \u00eendrep\u021bi spre o \u00eent\u00e2lnire important\u0103 sau te bucuri de o ie\u0219ire casual, acest parfum este \u00eenso\u021bitorul t\u0103u perfect.<\/p>\n<h2>Creat pentru individul modern<\/h2>\n<p>Apa de Parfum Kenny Mini nu este doar un parfum; este o reprezentare a unui stil de via\u021b\u0103. Infuzat\u0103 cu esen\u021ba bogat\u0103 a Wadi Al Khaleej, aceast\u0103 sticl\u0103 de 100 ml ofer\u0103 o c\u0103l\u0103torie olfactiv\u0103 care treze\u0219te sim\u021burile \u0219i evoc\u0103 amintiri. Cu amestecul s\u0103u atent organizat de note, se adreseaz\u0103 celor care apreciaz\u0103 lucrurile bune din via\u021b\u0103. Perfect at\u00e2t pentru utilizarea de zi, c\u00e2t \u0219i de noapte, parfumul prezint\u0103 o natur\u0103 versatil\u0103 care completeaz\u0103 orice ocazie.<\/p>\n<h2>Cadoul perfect pentru orice ocazie<\/h2>\n<p>Cau\u021bi un cadou atent? Apa de Parfum Kenny Mini este o alegere excep\u021bional\u0103. Ambalajul s\u0103u elegant \u0219i parfumul \u00eenc\u00e2nt\u0103tor vor impresiona cu siguran\u021b\u0103 pe oricine \u00eel prime\u0219te. Fie c\u0103 este pentru o zi de na\u0219tere, o aniversare sau pur \u0219i simplu pentru c\u0103, acest parfum unisex este o op\u021biune universal atr\u0103g\u0103toare. Dimensiunea potrivit\u0103 pentru c\u0103l\u0103torii de 100 ml \u00eel face u\u0219or de transportat, asigur\u00e2ndu-v\u0103 c\u0103 v\u0103 pute\u021bi r\u0103sf\u0103\u021ba cu parfumul s\u0103u luxos oriunde a\u021bi merge.<\/p>\n<p>Al\u0103tura\u021bi-v\u0103 nenum\u0103ra\u021bilor al\u021bii care au ales Apa de Parfum Kenny Mini ca parfum semn\u0103tur\u0103. Ridica\u021bi-v\u0103 colec\u021bia de parfumuri ast\u0103zi \u0219i \u00eembr\u0103\u021bi\u0219a\u021bi un nou nivel de rafinament cu fiecare pulverizare!<\/p>","protected":false},"excerpt":{"rendered":"<p><strong>Note de varf:<\/strong>\u00a0Lavanda, Artemisia, Grapefruit;<\/p>\n<p><strong>Note de mijloc:<\/strong>\u00a0Condimente, Note de piele, Tabac;<\/p>\n<p><strong>Note de baza:<\/strong>\u00a0Ambra cenusie, Oud, Note lemnoase.<\/p>","protected":false},"featured_media":1580,"comment_status":"open","ping_status":"closed","template":"","meta":{"om_disable_all_campaigns":false,"_monsterinsights_skip_tracking":false,"_monsterinsights_sitenote_active":false,"_monsterinsights_sitenote_note":"","_monsterinsights_sitenote_category":0},"product_brand":[74],"product_cat":[57],"product_tag":[],"class_list":{"0":"post-1579","1":"product","2":"type-product","3":"status-publish","4":"has-post-thumbnail","6":"product_brand-wadi-al-khaleej","7":"product_cat-unisex","9":"first","10":"instock","11":"shipping-taxable","12":"purchasable","13":"product-type-simple"},"aioseo_notices":[],"ct_brands":[{"id":74,"name":"Wadi Al Khaleej","slug":"wadi-al-khaleej"}],"_links":{"self":[{"href":"https:\/\/habibimb.com\/en\/wp-json\/wp\/v2\/product\/1579","targetHints":{"allow":["GET"]}}],"collection":[{"href":"https:\/\/habibimb.com\/en\/wp-json\/wp\/v2\/product"}],"about":[{"href":"https:\/\/habibimb.com\/en\/wp-json\/wp\/v2\/types\/product"}],"replies":[{"embeddable":true,"href":"https:\/\/habibimb.com\/en\/wp-json\/wp\/v2\/comments?post=1579"}],"wp:featuredmedia":[{"embeddable":true,"href":"https:\/\/habibimb.com\/en\/wp-json\/wp\/v2\/media\/1580"}],"wp:attachment":[{"href":"https:\/\/habibimb.com\/en\/wp-json\/wp\/v2\/media?parent=1579"}],"wp:term":[{"taxonomy":"product_brand","embeddable":true,"href":"https:\/\/habibimb.com\/en\/wp-json\/wp\/v2\/product_brand?post=1579"},{"taxonomy":"product_cat","embeddable":true,"href":"https:\/\/habibimb.com\/en\/wp-json\/wp\/v2\/product_cat?post=1579"},{"taxonomy":"product_tag","embeddable":true,"href":"https:\/\/habibimb.com\/en\/wp-json\/wp\/v2\/product_tag?post=1579"}],"curies":[{"name":"wp","href":"https:\/\/api.w.org\/{rel}","templated":true}]}}