{"id":1576,"date":"2025-04-24T20:48:18","date_gmt":"2025-04-24T20:48:18","guid":{"rendered":"https:\/\/habibimb.com\/?post_type=product&#038;p=1576"},"modified":"2025-05-15T07:31:12","modified_gmt":"2025-05-15T07:31:12","slug":"apa-de-parfum-oud-intense-wadi-al-khaleej-unisex-100ml","status":"publish","type":"product","link":"https:\/\/habibimb.com\/en\/product\/apa-de-parfum-oud-intense-wadi-al-khaleej-unisex-100ml\/","title":{"rendered":"Oud Intense, Wadi Al Khaleej"},"content":{"rendered":"<h2>Descoperi\u021bi esen\u021ba Oud Intense<\/h2>\n<p>V\u0103 prezent\u0103m Apa de Parfum Oud Intense de la Wadi Al Khaleej, un parfum captivant care \u00eentruchipeaz\u0103 mo\u0219tenirea cultural\u0103 bogat\u0103 a Orientului. Acest parfum unisex este creat meticulos pentru a oferi o experien\u021b\u0103 olfactiv\u0103 luxoas\u0103 potrivit\u0103 pentru toat\u0103 lumea, f\u0103c\u00e2ndu-l un plus perfect pentru colec\u021bia ta de parfumuri. Cu straturile sale \u00eendr\u0103zne\u021be \u0219i puterea de durat\u0103, Oud Intense este conceput pentru cei care apreciaz\u0103 lucrurile fine din via\u021b\u0103.<\/p>\n<h2>Note de parfum care captiveaz\u0103<\/h2>\n<p>Oud Intense se desf\u0103\u0219oar\u0103 cu note de v\u00e2rf vibrante care \u00ee\u021bi captiveaz\u0103 instantaneu sim\u021burile. Pe m\u0103sur\u0103 ce parfumul se dezvolt\u0103, apar note de mijloc, dezv\u0103luind esen\u021ba profund\u0103 \u0219i \u00eenc\u00e2nt\u0103toare a oudului, un ingredient venerat \u00een parfumerie. Parfumul culmineaz\u0103 cu o baz\u0103 cald\u0103 \u0219i primitoare, cre\u00e2nd o urm\u0103 \u00eenc\u00e2nt\u0103toare care las\u0103 o impresie memorabil\u0103. Fie c\u0103 \u00eel por\u021bi la o ocazie special\u0103 sau ca parfum de zi cu zi, acest parfum promite s\u0103-\u021bi ridice stilul personal.<\/p>\n<h2>Elegan\u021b\u0103 \u00eentr-o sticl\u0103<\/h2>\n<p>Flaconul de 100 ml de Apa de Parfum Oud Intense nu este doar un parfum; este o pies\u0103 declarativ\u0103. Conceput\u0103 av\u00e2nd \u00een vedere elegan\u021ba \u0219i rafinamentul, sticla reflect\u0103 farmecul con\u021binutului s\u0103u. Perfect pentru cadou, vine \u00eentr-un pachet frumos realizat care vorbe\u0219te despre lux. Surprinde\u021bi o persoan\u0103 drag\u0103 sau r\u0103sf\u0103\u021ba\u021bi-v\u0103 cu acest parfum rafinat care transcende grani\u021bele tradi\u021bionale ale parfumului. Experimenteaz\u0103 bog\u0103\u021bia lumii arabe cu fiecare pulverizare \u0219i \u00eembr\u0103\u021bi\u0219eaz\u0103 farmecul unic pe care Oud Intense \u00eel aduce \u00een via\u021ba ta.<\/p>","protected":false},"excerpt":{"rendered":"<p><strong>Note de v\u00e2rf:<\/strong>\u00a0Bergamot\u0103, Litsea cubeba;<\/p>\n<p><strong>Note de mijloc:<\/strong>\u00a0M\u0103r, Anason, Plante aromatice, Ylang-ylang, Note de piele;<\/p>\n<p><strong>Note de baz\u0103:<\/strong>\u00a0Mosc, Caramel, Pin, Lemn de cedru, Vetiver, Patchouli.<\/p>","protected":false},"featured_media":1577,"comment_status":"open","ping_status":"closed","template":"","meta":{"om_disable_all_campaigns":false,"_monsterinsights_skip_tracking":false,"_monsterinsights_sitenote_active":false,"_monsterinsights_sitenote_note":"","_monsterinsights_sitenote_category":0},"product_brand":[74],"product_cat":[57],"product_tag":[],"class_list":{"0":"post-1576","1":"product","2":"type-product","3":"status-publish","4":"has-post-thumbnail","6":"product_brand-wadi-al-khaleej","7":"product_cat-unisex","9":"first","10":"instock","11":"shipping-taxable","12":"purchasable","13":"product-type-simple"},"aioseo_notices":[],"ct_brands":[{"id":74,"name":"Wadi Al Khaleej","slug":"wadi-al-khaleej"}],"_links":{"self":[{"href":"https:\/\/habibimb.com\/en\/wp-json\/wp\/v2\/product\/1576","targetHints":{"allow":["GET"]}}],"collection":[{"href":"https:\/\/habibimb.com\/en\/wp-json\/wp\/v2\/product"}],"about":[{"href":"https:\/\/habibimb.com\/en\/wp-json\/wp\/v2\/types\/product"}],"replies":[{"embeddable":true,"href":"https:\/\/habibimb.com\/en\/wp-json\/wp\/v2\/comments?post=1576"}],"wp:featuredmedia":[{"embeddable":true,"href":"https:\/\/habibimb.com\/en\/wp-json\/wp\/v2\/media\/1577"}],"wp:attachment":[{"href":"https:\/\/habibimb.com\/en\/wp-json\/wp\/v2\/media?parent=1576"}],"wp:term":[{"taxonomy":"product_brand","embeddable":true,"href":"https:\/\/habibimb.com\/en\/wp-json\/wp\/v2\/product_brand?post=1576"},{"taxonomy":"product_cat","embeddable":true,"href":"https:\/\/habibimb.com\/en\/wp-json\/wp\/v2\/product_cat?post=1576"},{"taxonomy":"product_tag","embeddable":true,"href":"https:\/\/habibimb.com\/en\/wp-json\/wp\/v2\/product_tag?post=1576"}],"curies":[{"name":"wp","href":"https:\/\/api.w.org\/{rel}","templated":true}]}}