{"id":1572,"date":"2025-04-24T20:19:36","date_gmt":"2025-04-24T20:19:36","guid":{"rendered":"https:\/\/habibimb.com\/?post_type=product&#038;p=1572"},"modified":"2025-05-15T07:31:12","modified_gmt":"2025-05-15T07:31:12","slug":"apa-de-parfum-rose-vanilla-wadi-al-khaleej-unisex-100ml","status":"publish","type":"product","link":"https:\/\/habibimb.com\/en\/product\/apa-de-parfum-rose-vanilla-wadi-al-khaleej-unisex-100ml\/","title":{"rendered":"Rose Vanilla, Wadi Al Khaleej"},"content":{"rendered":"<h2>Experimenta\u021bi esen\u021ba elegan\u021bei<\/h2>\n<p>Descoper\u0103 alura captivant\u0103 a Apa de Parfum Rose Vanilla de la Wadi Al Khaleej. Acest parfum unisex este un amestec armonios conceput pentru cei care apreciaz\u0103 frumuse\u021bea notelor florale \u0219i dulci. Combina\u021bia rafinat\u0103 de trandafir parfumat \u0219i vanilie cremoas\u0103 creeaz\u0103 un parfum primitor, care este at\u00e2t sofisticat, c\u00e2t \u0219i atemporal.<\/p>\n<h2>Un profil unic de parfum<\/h2>\n<p>Apa de Parfum Rose Vanilla se deschide cu notele delicate de v\u00e2rf ale trandafirilor proaspe\u021bi. Pe m\u0103sur\u0103 ce parfumul evolueaz\u0103, inima dezv\u0103luie o vanilie bogat\u0103 \u0219i cald\u0103 care te \u00eenv\u0103luie \u00eentr-o \u00eembr\u0103\u021bi\u0219are dulce \u0219i reconfortant\u0103. Acest parfum atr\u0103g\u0103tor este perfect pentru orice ocazie, indiferent dac\u0103 intra\u021bi la birou sau v\u0103 bucura\u021bi de o zi pe \u00eendelete. Este conceput pentru a l\u0103sa o impresie de durat\u0103, oferind \u00een acela\u0219i timp un aer de individualitate \u0219i unicitate.<\/p>\n<h2>Perfect pentru toat\u0103 lumea<\/h2>\n<p>Una dintre caracteristicile remarcabile ale acestui parfum este atrac\u021bia sa unisex. Apa de Parfum Rose Vanilla este creat\u0103 cu m\u0103iestrie pentru a se potrivi oric\u0103rui sex, f\u0103c\u00e2ndu-l un cadou ideal pentru cei dragi sau un r\u0103sf\u0103\u021b personal pentru tine. Natura sa versatil\u0103 \u00eei permite s\u0103 fie purtat pe tot parcursul anului, trec\u00e2nd f\u0103r\u0103 probleme de la zi la noapte. \u00cembr\u0103\u021bi\u0219eaz\u0103 elegan\u021ba acestui parfum lini\u0219titor \u0219i las\u0103-l s\u0103-\u021bi \u00eembun\u0103t\u0103\u021beasc\u0103 rutina zilnic\u0103.<\/p>\n<p>Prezentat \u00eentr-o sticl\u0103 elegant\u0103 de 100 ml, parfumul nu este doar un r\u0103sf\u0103\u021b pentru sim\u021buri, ci \u0219i un plus frumos pentru orice vanitate. Experimenta\u021bi magia Apa de Parfum Rose Vanilla \u0219i r\u0103sf\u0103\u021ba\u021bi-v\u0103 cu un parfum care celebreaz\u0103 at\u00e2t delicate\u021bea floral\u0103, c\u00e2t \u0219i confortul dulce.<\/p>","protected":false},"excerpt":{"rendered":"<p>Note de v\u00e2rf: l\u0103m\u00e2ie, note acvatice<\/p>\n<p>Note de mijloc: trandafir, zah\u0103r<\/p>\n<p>Note de baz\u0103: vanilie, zah\u0103r, mosc alb, lemn de cedru<\/p>","protected":false},"featured_media":1575,"comment_status":"open","ping_status":"closed","template":"","meta":{"om_disable_all_campaigns":false,"_monsterinsights_skip_tracking":false,"_monsterinsights_sitenote_active":false,"_monsterinsights_sitenote_note":"","_monsterinsights_sitenote_category":0},"product_brand":[74],"product_cat":[57],"product_tag":[],"class_list":{"0":"post-1572","1":"product","2":"type-product","3":"status-publish","4":"has-post-thumbnail","6":"product_brand-wadi-al-khaleej","7":"product_cat-unisex","9":"first","10":"instock","11":"shipping-taxable","12":"purchasable","13":"product-type-simple"},"aioseo_notices":[],"ct_brands":[{"id":74,"name":"Wadi Al Khaleej","slug":"wadi-al-khaleej"}],"_links":{"self":[{"href":"https:\/\/habibimb.com\/en\/wp-json\/wp\/v2\/product\/1572","targetHints":{"allow":["GET"]}}],"collection":[{"href":"https:\/\/habibimb.com\/en\/wp-json\/wp\/v2\/product"}],"about":[{"href":"https:\/\/habibimb.com\/en\/wp-json\/wp\/v2\/types\/product"}],"replies":[{"embeddable":true,"href":"https:\/\/habibimb.com\/en\/wp-json\/wp\/v2\/comments?post=1572"}],"wp:featuredmedia":[{"embeddable":true,"href":"https:\/\/habibimb.com\/en\/wp-json\/wp\/v2\/media\/1575"}],"wp:attachment":[{"href":"https:\/\/habibimb.com\/en\/wp-json\/wp\/v2\/media?parent=1572"}],"wp:term":[{"taxonomy":"product_brand","embeddable":true,"href":"https:\/\/habibimb.com\/en\/wp-json\/wp\/v2\/product_brand?post=1572"},{"taxonomy":"product_cat","embeddable":true,"href":"https:\/\/habibimb.com\/en\/wp-json\/wp\/v2\/product_cat?post=1572"},{"taxonomy":"product_tag","embeddable":true,"href":"https:\/\/habibimb.com\/en\/wp-json\/wp\/v2\/product_tag?post=1572"}],"curies":[{"name":"wp","href":"https:\/\/api.w.org\/{rel}","templated":true}]}}