{"id":1569,"date":"2025-04-24T20:16:54","date_gmt":"2025-04-24T20:16:54","guid":{"rendered":"https:\/\/habibimb.com\/?post_type=product&#038;p=1569"},"modified":"2025-05-15T07:31:12","modified_gmt":"2025-05-15T07:31:12","slug":"apa-de-parfum-intenso-cafe-wadi-al-khaleej-unisex-80ml","status":"publish","type":"product","link":"https:\/\/habibimb.com\/en\/product\/apa-de-parfum-intenso-cafe-wadi-al-khaleej-unisex-80ml\/","title":{"rendered":"Intenso Cafe, Wadi Al Khaleej, 80"},"content":{"rendered":"<h2>Experimenta\u021bi un rafinament de neegalat<\/h2>\n<p>R\u0103sf\u0103\u021ba\u021bi-v\u0103 cu aroma atr\u0103g\u0103toare a <strong>Apa de Parfum Intenso Cafe<\/strong>, o capodoper\u0103 creat\u0103 de Wadi Al Khaleej. Acest parfum unisex este conceput pentru persoanele care apreciaz\u0103 nuan\u021bele mai fine ale vie\u021bii, aduc\u00e2nd o esen\u021b\u0103 de rafinament at\u00e2t purt\u0103rii de zi cu zi, c\u00e2t \u0219i ocaziilor speciale. Parfumul \u00eenc\u00e2nt\u0103tor te invit\u0103 \u00eentr-o lume \u00een care notele bogate de cafea \u00eembr\u0103\u021bi\u0219eaz\u0103 nuan\u021be mai profunde, cre\u00e2nd o experien\u021b\u0103 captivant\u0103 care persist\u0103 mult timp dup\u0103 aplicare.<\/p>\n<h2>Creat pentru fiecare moment<\/h2>\n<p><strong>Apa de Parfum Intenso Cafe<\/strong> este mai mult dec\u00e2t un parfum; Este un \u00eenso\u021bitor care \u00ee\u021bi completeaz\u0103 personalitatea unic\u0103. Perfect pentru zi sau noapte, acest parfum armonizeaz\u0103 elegan\u021ba \u0219i \u00eendr\u0103zneala, ideal at\u00e2t pentru b\u0103rba\u021bi, c\u00e2t \u0219i pentru femei. Amestecul \u00eenc\u00e2nt\u0103tor se deschide cu acorduri bogate de cafea, trec\u00e2nd f\u0103r\u0103 probleme \u00een nuan\u021be calde \u0219i p\u0103m\u00e2ntii care evoc\u0103 un sentiment de confort \u0219i c\u0103ldur\u0103. Indiferent dac\u0103 v\u0103 \u00eendrepta\u021bi spre o \u00eent\u00e2lnire de afaceri crucial\u0103 sau o cin\u0103 intim\u0103, acest parfum va l\u0103sa o impresie de durat\u0103.<\/p>\n<h2>Parfum de lung\u0103 durat\u0103 care transcende<\/h2>\n<p>Una dintre caracteristicile remarcabile ale <strong>Apa de Parfum Intenso Cafe<\/strong> este longevitatea sa impresionant\u0103. Ingredientele de \u00eenalt\u0103 calitate atent alese asigur\u0103 c\u0103 parfumul t\u0103u r\u0103m\u00e2ne perceptibil ore \u00eentregi f\u0103r\u0103 a cople\u0219i sim\u021burile. Fiecare spritz te \u00eenv\u0103luie \u00eentr-un voal reconfortant care evolueaz\u0103 pe parcursul zilei, f\u0103c\u00e2ndu-l alegerea perfect\u0103 pentru cei care apreciaz\u0103 robuste\u021bea f\u0103r\u0103 a sacrifica subtilitatea. Experimenteaz\u0103 diferen\u021ba pe care acest parfum rafinat o poate face \u00een rutina ta zilnic\u0103.<\/p>\n<p>\u00cencapsulat \u00eentr-o sticl\u0103 elegant\u0103 \u0219i elegant\u0103, dimensiunea de 80 ml v\u0103 asigur\u0103 o cantitate ampl\u0103 de aceast\u0103 comoar\u0103 aromat\u0103. Fie c\u0103 v\u0103 r\u0103sf\u0103\u021ba\u021bi sau c\u0103uta\u021bi cadoul perfect, <strong>Apa de Parfum Intenso Cafe<\/strong> v\u0103 va \u00eenc\u00e2nta \u0219i impresiona cu siguran\u021b\u0103.<\/p>","protected":false},"excerpt":{"rendered":"<p>Inspirat din Montale Intense\u00a0Cafe<\/p>\n<p>&nbsp;<\/p>\n<p><strong>Note de v\u00e2rf:<\/strong> Frunze de bambus, Mandarine, Grapefruit, Portocal\u0103, M\u0103r;<\/p>\n<p><strong>Note de mijloc:<\/strong> Crin, L\u0103cr\u0103mioare;<\/p>\n<p><strong>Note de baz\u0103:<\/strong>\u00a0Cafea, Vanilie, Lemn de Santal, Mosc.<\/p>","protected":false},"featured_media":1570,"comment_status":"open","ping_status":"closed","template":"","meta":{"om_disable_all_campaigns":false,"_monsterinsights_skip_tracking":false,"_monsterinsights_sitenote_active":false,"_monsterinsights_sitenote_note":"","_monsterinsights_sitenote_category":0},"product_brand":[74],"product_cat":[57],"product_tag":[],"class_list":{"0":"post-1569","1":"product","2":"type-product","3":"status-publish","4":"has-post-thumbnail","6":"product_brand-wadi-al-khaleej","7":"product_cat-unisex","9":"first","10":"instock","11":"shipping-taxable","12":"purchasable","13":"product-type-simple"},"aioseo_notices":[],"ct_brands":[{"id":74,"name":"Wadi Al Khaleej","slug":"wadi-al-khaleej"}],"_links":{"self":[{"href":"https:\/\/habibimb.com\/en\/wp-json\/wp\/v2\/product\/1569","targetHints":{"allow":["GET"]}}],"collection":[{"href":"https:\/\/habibimb.com\/en\/wp-json\/wp\/v2\/product"}],"about":[{"href":"https:\/\/habibimb.com\/en\/wp-json\/wp\/v2\/types\/product"}],"replies":[{"embeddable":true,"href":"https:\/\/habibimb.com\/en\/wp-json\/wp\/v2\/comments?post=1569"}],"wp:featuredmedia":[{"embeddable":true,"href":"https:\/\/habibimb.com\/en\/wp-json\/wp\/v2\/media\/1570"}],"wp:attachment":[{"href":"https:\/\/habibimb.com\/en\/wp-json\/wp\/v2\/media?parent=1569"}],"wp:term":[{"taxonomy":"product_brand","embeddable":true,"href":"https:\/\/habibimb.com\/en\/wp-json\/wp\/v2\/product_brand?post=1569"},{"taxonomy":"product_cat","embeddable":true,"href":"https:\/\/habibimb.com\/en\/wp-json\/wp\/v2\/product_cat?post=1569"},{"taxonomy":"product_tag","embeddable":true,"href":"https:\/\/habibimb.com\/en\/wp-json\/wp\/v2\/product_tag?post=1569"}],"curies":[{"name":"wp","href":"https:\/\/api.w.org\/{rel}","templated":true}]}}