{"id":1566,"date":"2025-04-24T20:14:58","date_gmt":"2025-04-24T20:14:58","guid":{"rendered":"https:\/\/habibimb.com\/?post_type=product&#038;p=1566"},"modified":"2025-05-15T07:31:12","modified_gmt":"2025-05-15T07:31:12","slug":"apa-de-parfum-magic-wadi-al-khaleej-unisex-100ml","status":"publish","type":"product","link":"https:\/\/habibimb.com\/en\/product\/apa-de-parfum-magic-wadi-al-khaleej-unisex-100ml\/","title":{"rendered":"Magic, Wadi Al Khaleej"},"content":{"rendered":"<h2>Experimenta\u021bi farmecul Wadi Al Khaleej<\/h2>\n<p>Descoper\u0103 farmecul \u0219i rafinamentul Apa de Parfum Magic de la Wadi Al Khaleej, un parfum captivant conceput at\u00e2t pentru b\u0103rba\u021bi, c\u00e2t \u0219i pentru femei. Acest parfum unisex de 100 ml \u00eentruchipeaz\u0103 un echilibru perfect \u00eentre elegan\u021b\u0103 \u0219i mister, f\u0103c\u00e2ndu-l un plus esen\u021bial pentru garderoba ta de parfumuri. Cu profilul s\u0103u unic de parfum, acest parfum promite s\u0103 v\u0103 duc\u0103 \u00eentr-o c\u0103l\u0103torie senzorial\u0103 care este at\u00e2t \u00eenc\u00e2nt\u0103toare, c\u00e2t \u0219i revigorant\u0103.<\/p>\n<h2>O compozi\u021bie de note de neuitat<\/h2>\n<p>Apa de Parfum Magic se deschide cu note de v\u00e2rf r\u0103coritoare care trezesc sim\u021burile \u0219i preg\u0103tesc terenul pentru o experien\u021b\u0103 captivant\u0103. Pe m\u0103sur\u0103 ce parfumul evolueaz\u0103, notele de inim\u0103 se desf\u0103\u0219oar\u0103, dezv\u0103luind o tapiserie bogat\u0103 de arome care sunt at\u00e2t calde, c\u00e2t \u0219i primitoare. Notele de baz\u0103 ofer\u0103 profunzime \u0219i longevitate, asigur\u00e2ndu-se c\u0103 acest parfum rafinat persist\u0103 pe tot parcursul zilei. Fie c\u0103 \u00eel por\u021bi \u00een timpul zilei sau \u00eentr-o ie\u0219ire \u00een ora\u0219, acest parfum se adapteaz\u0103 f\u0103r\u0103 efort oric\u0103rei ocazii.<\/p>\n<h2>Perfect pentru toat\u0103 lumea<\/h2>\n<p>Acest parfum este realizat cu un farmec universal, f\u0103c\u00e2ndu-l potrivit pentru toate genurile. Versatilitatea sa \u00eei permite s\u0103 fie purtat de oricine caut\u0103 o not\u0103 de magie \u00een colec\u021bia lor de parfumuri. Flaconul cu design elegant prezint\u0103 esen\u021ba luxoas\u0103 a parfumului, reflect\u00e2nd formula sa de \u00eenalt\u0103 calitate. Un cadou perfect pentru o persoan\u0103 drag\u0103 sau un r\u0103sf\u0103\u021b pentru tine, Apa de Parfum Magic celebreaz\u0103 individualitatea \u0219i exprimarea personal\u0103.<\/p>\n<p>\u00cembr\u0103\u021bi\u0219eaz\u0103 lumea \u00eenc\u00e2nt\u0103toare din Wadi Al Khaleej cu acest parfum de neuitat care vorbe\u0219te sufletului. \u00cembun\u0103t\u0103\u021be\u0219te-\u021bi experien\u021ba de zi cu zi cu Apa de Parfum Magic \u0219i las\u0103-\u021bi parfumul s\u0103-\u021bi spun\u0103 povestea.<\/p>","protected":false},"excerpt":{"rendered":"<p>Note de v\u00e2rf: par\u0103, orhidee, clementine, trandafir, coriandru<\/p>\n<p>Note de mijloc: ylang-ylang, iasomie, l\u0103cr\u0103mioare<\/p>\n<p>Note de baz\u0103: ambr\u0103, lemn de santal, patchouli, mosc<\/p>","protected":false},"featured_media":1568,"comment_status":"open","ping_status":"closed","template":"","meta":{"om_disable_all_campaigns":false,"_monsterinsights_skip_tracking":false,"_monsterinsights_sitenote_active":false,"_monsterinsights_sitenote_note":"","_monsterinsights_sitenote_category":0},"product_brand":[74],"product_cat":[57],"product_tag":[],"class_list":{"0":"post-1566","1":"product","2":"type-product","3":"status-publish","4":"has-post-thumbnail","6":"product_brand-wadi-al-khaleej","7":"product_cat-unisex","9":"first","10":"instock","11":"shipping-taxable","12":"purchasable","13":"product-type-simple"},"aioseo_notices":[],"ct_brands":[{"id":74,"name":"Wadi Al Khaleej","slug":"wadi-al-khaleej"}],"_links":{"self":[{"href":"https:\/\/habibimb.com\/en\/wp-json\/wp\/v2\/product\/1566","targetHints":{"allow":["GET"]}}],"collection":[{"href":"https:\/\/habibimb.com\/en\/wp-json\/wp\/v2\/product"}],"about":[{"href":"https:\/\/habibimb.com\/en\/wp-json\/wp\/v2\/types\/product"}],"replies":[{"embeddable":true,"href":"https:\/\/habibimb.com\/en\/wp-json\/wp\/v2\/comments?post=1566"}],"wp:featuredmedia":[{"embeddable":true,"href":"https:\/\/habibimb.com\/en\/wp-json\/wp\/v2\/media\/1568"}],"wp:attachment":[{"href":"https:\/\/habibimb.com\/en\/wp-json\/wp\/v2\/media?parent=1566"}],"wp:term":[{"taxonomy":"product_brand","embeddable":true,"href":"https:\/\/habibimb.com\/en\/wp-json\/wp\/v2\/product_brand?post=1566"},{"taxonomy":"product_cat","embeddable":true,"href":"https:\/\/habibimb.com\/en\/wp-json\/wp\/v2\/product_cat?post=1566"},{"taxonomy":"product_tag","embeddable":true,"href":"https:\/\/habibimb.com\/en\/wp-json\/wp\/v2\/product_tag?post=1566"}],"curies":[{"name":"wp","href":"https:\/\/api.w.org\/{rel}","templated":true}]}}