{"id":1563,"date":"2025-04-24T20:13:16","date_gmt":"2025-04-24T20:13:16","guid":{"rendered":"https:\/\/habibimb.com\/?post_type=product&#038;p=1563"},"modified":"2025-05-15T07:31:01","modified_gmt":"2025-05-15T07:31:01","slug":"apa-de-parfum-fragrance-victorian-rose-wadi-al-khaleejfemei-100ml","status":"publish","type":"product","link":"https:\/\/habibimb.com\/en\/product\/apa-de-parfum-fragrance-victorian-rose-wadi-al-khaleejfemei-100ml\/","title":{"rendered":"Fragrance Victorian Rose, Wadi Al Khaleej"},"content":{"rendered":"<h2>Experimenta\u021bi esen\u021ba elegan\u021bei victoriene<\/h2>\n<p>P\u0103\u0219e\u0219te \u00eentr-o lume a frumuse\u021bii atemporale cu parfumul Apa de Parfum Victorian Rose de la Wadi Al Khaleej. Acest parfum rafinat de 100 ml surprinde farmecul \u00eenc\u00e2nt\u0103tor al gr\u0103dinilor victoriene, combin\u00e2nd note florale bogate \u0219i nuan\u021be p\u0103m\u00e2ntii pentru a crea un parfum care este at\u00e2t sofisticat, c\u00e2t \u0219i \u00eenc\u00e2nt\u0103tor. Perfect pentru femeile care apreciaz\u0103 elegan\u021ba \u00een fiecare aspect al vie\u021bii lor, acest parfum este conceput pentru a l\u0103sa o impresie de durat\u0103.<\/p>\n<h2>Note care \u00eenc\u00e2nt\u0103 sim\u021burile<\/h2>\n<p>Inima trandafirului victorian se desf\u0103\u0219oar\u0103 cu petale de trandafir delicioase, care amintesc de trandafirii \u00eenflori\u021bi dintr-o gr\u0103din\u0103 senin\u0103. Completat de note de frunzi\u0219 verde proasp\u0103t \u0219i o \u0219oapt\u0103 de mosc, acest parfum \u00eencapsuleaz\u0103 esen\u021ba frumuse\u021bii naturii. Fiecare spray te \u00eenv\u0103luie \u00eentr-o \u00eembr\u0103\u021bi\u0219are cald\u0103, ad\u0103ug\u00e2nd o not\u0103 de romantism zilei tale, fie la o sear\u0103 sau la o ie\u0219ire casual. Amestecul sofisticat este conceput pentru femeia modern\u0103 care prosper\u0103 \u00een individualitatea \u0219i farmecul ei.<\/p>\n<h2>De ce s\u0103 alegi parfumul Apa de Parfum Victorian Rose?<\/h2>\n<p>Alegerea parfumului potrivit este o expresie a personalit\u0103\u021bii tale. Parfumul Apa de Parfum Victorian Rose nu este doar un parfum; este o declara\u021bie. Realizat cu precizie \u0219i grij\u0103, acest parfum ofer\u0103 o purtare de lung\u0103 durat\u0103, care v\u0103 men\u021bine proasp\u0103t\u0103 \u0219i \u00eencrez\u0103toare pe tot parcursul zilei. Ambalajul s\u0103u elegant \u00eel face un cadou perfect pentru tine sau pentru o persoan\u0103 drag\u0103. <strong>R\u0103sf\u0103\u021ba\u021bi-v\u0103 cu rafinamentul<\/strong> care rezoneaz\u0103 cu spiritul romantic al epocii victoriene, \u00een timp ce formula modern\u0103 v\u0103 asigur\u0103 c\u0103 \u021bine pasul cu stilul dumneavoastr\u0103 de via\u021b\u0103 dinamic.<\/p>","protected":false},"excerpt":{"rendered":"<ul>\n<li class=\"\" data-start=\"157\" data-end=\"214\">\n<p class=\"\" data-start=\"159\" data-end=\"214\"><strong data-start=\"159\" data-end=\"175\">Note de v\u00e2rf<\/strong>: <span class=\"relative -mx-px my-[-0.2rem] rounded px-px py-[0.2rem] transition-colors duration-100 ease-in-out\">Mandarin\u0103, Par\u0103, Iasomie<\/span><\/p>\n<\/li>\n<li class=\"\" data-start=\"215\" data-end=\"274\">\n<p class=\"\" data-start=\"217\" data-end=\"274\"><strong data-start=\"217\" data-end=\"235\">Note de mijloc<\/strong>: <span class=\"relative -mx-px my-[-0.2rem] rounded px-px py-[0.2rem] transition-colors duration-100 ease-in-out\">Trandafir, Zah\u0103r<\/span><\/p>\n<\/li>\n<li class=\"\" data-start=\"275\" data-end=\"414\">\n<p class=\"\" data-start=\"277\" data-end=\"414\"><strong data-start=\"277\" data-end=\"293\">Note de baz\u0103<\/strong>: <span class=\"relative -mx-px my-[-0.2rem] rounded px-px py-[0.2rem] transition-colors duration-100 ease-in-out\">Vanilie, Zah\u0103r, Mosc alb, Lemn de cedru<\/span><\/p>\n<\/li>\n<\/ul>","protected":false},"featured_media":1565,"comment_status":"open","ping_status":"closed","template":"","meta":{"om_disable_all_campaigns":false,"_monsterinsights_skip_tracking":false,"_monsterinsights_sitenote_active":false,"_monsterinsights_sitenote_note":"","_monsterinsights_sitenote_category":0},"product_brand":[74],"product_cat":[56],"product_tag":[],"class_list":{"0":"post-1563","1":"product","2":"type-product","3":"status-publish","4":"has-post-thumbnail","6":"product_brand-wadi-al-khaleej","7":"product_cat-pentru-ea","9":"first","10":"instock","11":"shipping-taxable","12":"purchasable","13":"product-type-simple"},"aioseo_notices":[],"ct_brands":[{"id":74,"name":"Wadi Al Khaleej","slug":"wadi-al-khaleej"}],"_links":{"self":[{"href":"https:\/\/habibimb.com\/en\/wp-json\/wp\/v2\/product\/1563","targetHints":{"allow":["GET"]}}],"collection":[{"href":"https:\/\/habibimb.com\/en\/wp-json\/wp\/v2\/product"}],"about":[{"href":"https:\/\/habibimb.com\/en\/wp-json\/wp\/v2\/types\/product"}],"replies":[{"embeddable":true,"href":"https:\/\/habibimb.com\/en\/wp-json\/wp\/v2\/comments?post=1563"}],"wp:featuredmedia":[{"embeddable":true,"href":"https:\/\/habibimb.com\/en\/wp-json\/wp\/v2\/media\/1565"}],"wp:attachment":[{"href":"https:\/\/habibimb.com\/en\/wp-json\/wp\/v2\/media?parent=1563"}],"wp:term":[{"taxonomy":"product_brand","embeddable":true,"href":"https:\/\/habibimb.com\/en\/wp-json\/wp\/v2\/product_brand?post=1563"},{"taxonomy":"product_cat","embeddable":true,"href":"https:\/\/habibimb.com\/en\/wp-json\/wp\/v2\/product_cat?post=1563"},{"taxonomy":"product_tag","embeddable":true,"href":"https:\/\/habibimb.com\/en\/wp-json\/wp\/v2\/product_tag?post=1563"}],"curies":[{"name":"wp","href":"https:\/\/api.w.org\/{rel}","templated":true}]}}