{"id":1560,"date":"2025-04-24T20:10:10","date_gmt":"2025-04-24T20:10:10","guid":{"rendered":"https:\/\/habibimb.com\/?post_type=product&#038;p=1560"},"modified":"2025-05-15T07:31:01","modified_gmt":"2025-05-15T07:31:01","slug":"apa-de-parfum-haleema-wadi-al-khaleejfemei-100ml","status":"publish","type":"product","link":"https:\/\/habibimb.com\/en\/product\/apa-de-parfum-haleema-wadi-al-khaleejfemei-100ml\/","title":{"rendered":"Haleema ,Wadi Al Khaleej"},"content":{"rendered":"<h2>Descoper\u0103 esen\u021ba elegan\u021bei<\/h2>\n<p>V\u0103 prezent\u0103m <strong>Apa de Parfum Haleema<\/strong>, un parfum luxos creat de Wadi Al Khaleej care \u00eentruchipeaz\u0103 rafinamentul \u0219i farmecul. Acest parfum rafinat pentru femei, prezentat \u00eentr-o sticl\u0103 generoas\u0103 de 100 ml, ofer\u0103 un amestec captivant de arome care v\u0103 vor \u00eembog\u0103\u021bi experien\u021bele zilnice. Indiferent dac\u0103 participa\u021bi la un eveniment formal sau v\u0103 bucura\u021bi de o ie\u0219ire casual, Haleema este conceput pentru a v\u0103 ridica prezen\u021ba cu notele sale \u00eenc\u00e2nt\u0103toare.<\/p>\n<h2>Un amestec armonios pentru fiecare ocazie<\/h2>\n<p><strong>Magia Apa de Parfum Haleema<\/strong> const\u0103 \u00een echilibrul perfect al elementelor florale \u0219i orientale, cre\u00e2nd un parfum care rezoneaz\u0103 cu femeile de toate v\u00e2rstele. Notele de v\u00e2rf ale citricelor proaspete trezesc sim\u021burile, duc\u00e2nd la o inim\u0103 de flori delicate care evoc\u0103 un sentiment profund de romantism. Pe m\u0103sur\u0103 ce parfumul se a\u0219eaz\u0103, ve\u021bi g\u0103si nuan\u021be calde, lemnoase, care las\u0103 o impresie de durat\u0103, f\u0103c\u00e2ndu-l o alegere ideal\u0103 at\u00e2t pentru zi, c\u00e2t \u0219i pentru noapte.<\/p>\n<h2>Parfumul t\u0103u de semn\u0103tur\u0103 te a\u0219teapt\u0103<\/h2>\n<p>Alegerea unui parfum este o c\u0103l\u0103torie personal\u0103, iar cu <strong>Apa de Parfum Haleema<\/strong>, nu selecta\u021bi doar un parfum; \u00eembr\u0103\u021bi\u0219ezi un stil de via\u021b\u0103. Ambalajul s\u0103u elegant \u0219i formula de lung\u0103 durat\u0103 v\u0103 asigur\u0103 un miros divin pe tot parcursul zilei. Experimenteaz\u0103 farmecul Haleema \u0219i las\u0103-l s\u0103 devin\u0103 parfumul t\u0103u caracteristic, unul care \u00ee\u021bi spune povestea unic\u0103 oriunde te-ai duce. \u00cembr\u0103\u021bi\u0219eaz\u0103 elegan\u021ba \u0219i \u00eencrederea cu fiecare pulverizare a acestui parfum remarcabil, cu adev\u0103rat un plus obligatoriu pentru orice colec\u021bie de parfumuri.<\/p>","protected":false},"excerpt":{"rendered":"<ul>\n<li class=\"\" data-start=\"124\" data-end=\"181\">\n<p class=\"\" data-start=\"126\" data-end=\"181\"><strong data-start=\"126\" data-end=\"142\">Note de v\u00e2rf<\/strong>: <span class=\"relative -mx-px my-[-0.2rem] rounded px-px py-[0.2rem] transition-colors duration-100 ease-in-out\">Bergamot\u0103<\/span><\/p>\n<\/li>\n<li class=\"\" data-start=\"182\" data-end=\"241\">\n<p class=\"\" data-start=\"184\" data-end=\"241\"><strong data-start=\"184\" data-end=\"202\">Note de mijloc<\/strong>: <span class=\"relative -mx-px my-[-0.2rem] rounded px-px py-[0.2rem] transition-colors duration-100 ease-in-out\">Trandafir bulg\u0103resc, Iris<\/span><\/p>\n<\/li>\n<li class=\"\" data-start=\"242\" data-end=\"343\">\n<p class=\"\" data-start=\"244\" data-end=\"343\"><strong data-start=\"244\" data-end=\"260\">Note de baz\u0103<\/strong>: <span class=\"relative -mx-px my-[-0.2rem] rounded px-px py-[0.2rem] transition-colors duration-100 ease-in-out\">Vanilie, Patchouli, Note de piele<\/span><\/p>\n<\/li>\n<\/ul>","protected":false},"featured_media":1561,"comment_status":"open","ping_status":"closed","template":"","meta":{"om_disable_all_campaigns":false,"_monsterinsights_skip_tracking":false,"_monsterinsights_sitenote_active":false,"_monsterinsights_sitenote_note":"","_monsterinsights_sitenote_category":0},"product_brand":[74],"product_cat":[56],"product_tag":[],"class_list":{"0":"post-1560","1":"product","2":"type-product","3":"status-publish","4":"has-post-thumbnail","6":"product_brand-wadi-al-khaleej","7":"product_cat-pentru-ea","9":"first","10":"instock","11":"shipping-taxable","12":"purchasable","13":"product-type-simple"},"aioseo_notices":[],"ct_brands":[{"id":74,"name":"Wadi Al Khaleej","slug":"wadi-al-khaleej"}],"_links":{"self":[{"href":"https:\/\/habibimb.com\/en\/wp-json\/wp\/v2\/product\/1560","targetHints":{"allow":["GET"]}}],"collection":[{"href":"https:\/\/habibimb.com\/en\/wp-json\/wp\/v2\/product"}],"about":[{"href":"https:\/\/habibimb.com\/en\/wp-json\/wp\/v2\/types\/product"}],"replies":[{"embeddable":true,"href":"https:\/\/habibimb.com\/en\/wp-json\/wp\/v2\/comments?post=1560"}],"wp:featuredmedia":[{"embeddable":true,"href":"https:\/\/habibimb.com\/en\/wp-json\/wp\/v2\/media\/1561"}],"wp:attachment":[{"href":"https:\/\/habibimb.com\/en\/wp-json\/wp\/v2\/media?parent=1560"}],"wp:term":[{"taxonomy":"product_brand","embeddable":true,"href":"https:\/\/habibimb.com\/en\/wp-json\/wp\/v2\/product_brand?post=1560"},{"taxonomy":"product_cat","embeddable":true,"href":"https:\/\/habibimb.com\/en\/wp-json\/wp\/v2\/product_cat?post=1560"},{"taxonomy":"product_tag","embeddable":true,"href":"https:\/\/habibimb.com\/en\/wp-json\/wp\/v2\/product_tag?post=1560"}],"curies":[{"name":"wp","href":"https:\/\/api.w.org\/{rel}","templated":true}]}}