{"id":1556,"date":"2025-04-24T20:07:33","date_gmt":"2025-04-24T20:07:33","guid":{"rendered":"https:\/\/habibimb.com\/?post_type=product&#038;p=1556"},"modified":"2025-05-15T07:31:01","modified_gmt":"2025-05-15T07:31:01","slug":"apa-de-parfum-black-santal-wadi-al-khaleejbarbati-80ml","status":"publish","type":"product","link":"https:\/\/habibimb.com\/en\/product\/apa-de-parfum-black-santal-wadi-al-khaleejbarbati-80ml\/","title":{"rendered":"Black Santal , Wadi Al Khaleej,80"},"content":{"rendered":"<h2>Descoperi\u021bi esen\u021ba Santalului Negru<\/h2>\n<p>V\u0103 prezent\u0103m Apa de Parfum Black Santal de la Wadi Al Khaleej, un parfum premium care v\u0103 invit\u0103 s\u0103 experimenta\u021bi o lume de rafinament \u0219i alur\u0103. Acest parfum rafinat, prezentat \u00eentr-o sticl\u0103 elegant\u0103 de 80 ml, \u00eencapsuleaz\u0103 spiritul luxului, f\u0103c\u00e2ndu-l alegerea perfect\u0103 at\u00e2t pentru purtarea de zi cu zi, c\u00e2t \u0219i pentru ocazii speciale.<\/p>\n<h2>Note parfumate captivante<\/h2>\n<p>Black Santal ofer\u0103 un amestec armonios de note bogate, lemnoase, combinate cu esen\u021be proaspete \u0219i aromate. Parfumul se desf\u0103\u0219oar\u0103 cu o deschidere \u00eendr\u0103znea\u021b\u0103 de cardamom picant \u0219i citrice revigorante, preg\u0103tind scena pentru o inim\u0103 de lemn de santal cald \u0219i note florale. Pe m\u0103sur\u0103 ce se a\u0219eaz\u0103, baza dezv\u0103luie note profunde de chihlimbar \u0219i mosc, cre\u00e2nd o impresie de durat\u0103 care captiveaz\u0103 sim\u021burile. Acest profil olfactiv cu mai multe straturi nu numai c\u0103 v\u0103 \u00eembun\u0103t\u0103\u021be\u0219te stilul personal, dar las\u0103 \u0219i o d\u00e2r\u0103 memorabil\u0103 care rezoneaz\u0103 cu elegan\u021b\u0103.<\/p>\n<h2>Perfect pentru orice ocazie<\/h2>\n<p>Creat pentru individul modern, Apa de Parfum Black Santal este suficient de versatil pentru a completa orice decor. Indiferent dac\u0103 participa\u021bi la un eveniment formal, merge\u021bi la birou sau v\u0103 bucura\u021bi de o sear\u0103 informal\u0103, acest parfum este conceput pentru a v\u0103 ridica aura. Ambalajul elegant \u0219i calitatea ingredientelor \u00eel fac un cadou ideal pentru cei dragi care apreciaz\u0103 mirosurile fine. \u00cembr\u0103\u021bi\u0219eaz\u0103-\u021bi unicitatea \u0219i f\u0103 o declara\u021bie cu fiecare pulverizare de Black Santal.<\/p>","protected":false},"excerpt":{"rendered":"<ul>\n<li class=\"\" data-start=\"157\" data-end=\"214\">\n<p class=\"\" data-start=\"159\" data-end=\"214\"><strong data-start=\"159\" data-end=\"175\">Note de v\u00e2rf<\/strong>: <span class=\"relative -mx-px my-[-0.2rem] rounded px-px py-[0.2rem] transition-colors duration-100 ease-in-out\">L\u0103m\u00e2ie, Busuioc<\/span><\/p>\n<\/li>\n<li class=\"\" data-start=\"215\" data-end=\"274\">\n<p class=\"\" data-start=\"217\" data-end=\"274\"><strong data-start=\"217\" data-end=\"235\">Note de mijloc<\/strong>: <span class=\"relative -mx-px my-[-0.2rem] rounded px-px py-[0.2rem] transition-colors duration-100 ease-in-out\">Cui\u0219oare, Geranium<\/span><\/p>\n<\/li>\n<li class=\"\" data-start=\"275\" data-end=\"376\">\n<p class=\"\" data-start=\"277\" data-end=\"376\"><strong data-start=\"277\" data-end=\"293\">Note de baz\u0103<\/strong>: <span class=\"relative -mx-px my-[-0.2rem] rounded px-px py-[0.2rem] transition-colors duration-100 ease-in-out\">Vanilie, Mosc, Patchouli<\/span><\/p>\n<\/li>\n<\/ul>","protected":false},"featured_media":1559,"comment_status":"open","ping_status":"closed","template":"","meta":{"om_disable_all_campaigns":false,"_monsterinsights_skip_tracking":false,"_monsterinsights_sitenote_active":false,"_monsterinsights_sitenote_note":"","_monsterinsights_sitenote_category":0},"product_brand":[74],"product_cat":[55],"product_tag":[],"class_list":{"0":"post-1556","1":"product","2":"type-product","3":"status-publish","4":"has-post-thumbnail","6":"product_brand-wadi-al-khaleej","7":"product_cat-pentru-el","9":"first","10":"instock","11":"shipping-taxable","12":"purchasable","13":"product-type-simple"},"aioseo_notices":[],"ct_brands":[{"id":74,"name":"Wadi Al Khaleej","slug":"wadi-al-khaleej"}],"_links":{"self":[{"href":"https:\/\/habibimb.com\/en\/wp-json\/wp\/v2\/product\/1556","targetHints":{"allow":["GET"]}}],"collection":[{"href":"https:\/\/habibimb.com\/en\/wp-json\/wp\/v2\/product"}],"about":[{"href":"https:\/\/habibimb.com\/en\/wp-json\/wp\/v2\/types\/product"}],"replies":[{"embeddable":true,"href":"https:\/\/habibimb.com\/en\/wp-json\/wp\/v2\/comments?post=1556"}],"wp:featuredmedia":[{"embeddable":true,"href":"https:\/\/habibimb.com\/en\/wp-json\/wp\/v2\/media\/1559"}],"wp:attachment":[{"href":"https:\/\/habibimb.com\/en\/wp-json\/wp\/v2\/media?parent=1556"}],"wp:term":[{"taxonomy":"product_brand","embeddable":true,"href":"https:\/\/habibimb.com\/en\/wp-json\/wp\/v2\/product_brand?post=1556"},{"taxonomy":"product_cat","embeddable":true,"href":"https:\/\/habibimb.com\/en\/wp-json\/wp\/v2\/product_cat?post=1556"},{"taxonomy":"product_tag","embeddable":true,"href":"https:\/\/habibimb.com\/en\/wp-json\/wp\/v2\/product_tag?post=1556"}],"curies":[{"name":"wp","href":"https:\/\/api.w.org\/{rel}","templated":true}]}}