{"id":1553,"date":"2025-04-24T20:01:56","date_gmt":"2025-04-24T20:01:56","guid":{"rendered":"https:\/\/habibimb.com\/?post_type=product&#038;p=1553"},"modified":"2025-05-15T07:31:01","modified_gmt":"2025-05-15T07:31:01","slug":"apa-de-parfum-kerek-wadi-al-khaleej-unisex-100ml","status":"publish","type":"product","link":"https:\/\/habibimb.com\/en\/product\/apa-de-parfum-kerek-wadi-al-khaleej-unisex-100ml\/","title":{"rendered":"Kerek , Wadi Al Khaleej"},"content":{"rendered":"<h2>Descoperi\u021bi farmecul lui Kerek<\/h2>\n<p>V\u0103 prezent\u0103m Apa de Parfum Kerek de la Wadi Al Khaleej, un parfum unisex captivant care transcende grani\u021bele tradi\u021bionale ale parfumului. Acest parfum extraordinar ofer\u0103 o c\u0103l\u0103torie aromatic\u0103 care atrage at\u00e2t b\u0103rba\u021bii, c\u00e2t \u0219i femeile, \u00eembog\u0103\u021bindu-v\u0103 rutina zilnic\u0103 \u0219i ocaziile speciale deopotriv\u0103. Cu un amestec echilibrat de note, Kerek promite nu doar un parfum persistent, ci \u0219i o experien\u021b\u0103 care vorbe\u0219te despre individualitate \u0219i rafinament.<\/p>\n<h2>Profil de parfum de neuitat<\/h2>\n<p>Creat cu cele mai bune ingrediente, Apa de Parfum Kerek \u00eencapsuleaz\u0103 o esen\u021b\u0103 cu mai multe straturi care se desf\u0103\u0219oar\u0103 frumos \u00een timp. Notele de v\u00e2rf sunt str\u0103lucitoare \u0219i primitoare, cre\u00e2nd o impresie imediat\u0103 care atrage oamenii. Pe m\u0103sur\u0103 ce parfumul se a\u0219eaz\u0103, apar note medii, ad\u0103ug\u00e2nd profunzime \u0219i complexitate care persist\u0103 \u00een aer. \u00cen cele din urm\u0103, notele de baz\u0103 ofer\u0103 c\u0103ldur\u0103, cre\u00e2nd o aur\u0103 de durat\u0103 care te men\u021bine proasp\u0103t \u0219i \u00eencrez\u0103tor pe tot parcursul zilei.<\/p>\n<h2>Perfect pentru orice ocazie<\/h2>\n<p>Fie c\u0103 v\u0103 \u00eendrepta\u021bi spre o \u00eent\u00e2lnire de afaceri, o sear\u0103 cu prietenii sau o cin\u0103 confortabil\u0103 acas\u0103, Kerek este \u00eenso\u021bitorul perfect. Versatilitatea sa \u00eel face potrivit pentru orice decor, l\u0103s\u00e2nd o urm\u0103 memorabil\u0103 care \u00eei captiveaz\u0103 pe cei din jurul t\u0103u. Conceput\u0103 at\u00e2t pentru zi, c\u00e2t \u0219i pentru noapte, aceast\u0103 sticl\u0103 de 100 ml este u\u0219or de transportat, astfel \u00eenc\u00e2t s\u0103 v\u0103 pute\u021bi re\u00eemprosp\u0103ta parfumul oric\u00e2nd dori\u021bi.<\/p>\n<p>\u00cen cele din urm\u0103, Apa de Parfum Kerek de la Wadi Al Khaleej este mai mult dec\u00e2t un parfum; este o declara\u021bie de elegan\u021b\u0103 \u0219i farmec. Ridic\u0103-\u021bi esen\u021ba \u0219i \u00eembr\u0103\u021bi\u0219eaz\u0103 rafinamentul acestui parfum frumos realizat ast\u0103zi.<\/p>","protected":false},"excerpt":{"rendered":"<ul>\n<li class=\"\" data-start=\"195\" data-end=\"252\">\n<p class=\"\" data-start=\"197\" data-end=\"252\"><strong data-start=\"197\" data-end=\"213\">Note de v\u00e2rf<\/strong>: <span class=\"relative -mx-px my-[-0.2rem] rounded px-px py-[0.2rem] transition-colors duration-100 ease-in-out\">Piersic\u0103, P\u0103r, Zmeur\u0103, Coac\u0103ze negre<\/span><\/p>\n<\/li>\n<li class=\"\" data-start=\"253\" data-end=\"312\">\n<p class=\"\" data-start=\"255\" data-end=\"312\"><strong data-start=\"255\" data-end=\"273\">Note de mijloc<\/strong>: <span class=\"relative -mx-px my-[-0.2rem] rounded px-px py-[0.2rem] transition-colors duration-100 ease-in-out\">L\u0103cr\u0103mioare<\/span><\/p>\n<\/li>\n<li class=\"\" data-start=\"313\" data-end=\"414\">\n<p class=\"\" data-start=\"315\" data-end=\"414\"><strong data-start=\"315\" data-end=\"331\">Note de baz\u0103<\/strong>: <span class=\"relative -mx-px my-[-0.2rem] rounded px-px py-[0.2rem] transition-colors duration-100 ease-in-out\">Mosc, Lemn de santal, Vanilie, Patchouli, Heliotrop<\/span><\/p>\n<\/li>\n<\/ul>","protected":false},"featured_media":1554,"comment_status":"open","ping_status":"closed","template":"","meta":{"om_disable_all_campaigns":false,"_monsterinsights_skip_tracking":false,"_monsterinsights_sitenote_active":false,"_monsterinsights_sitenote_note":"","_monsterinsights_sitenote_category":0},"product_brand":[74],"product_cat":[57],"product_tag":[],"class_list":{"0":"post-1553","1":"product","2":"type-product","3":"status-publish","4":"has-post-thumbnail","6":"product_brand-wadi-al-khaleej","7":"product_cat-unisex","9":"first","10":"instock","11":"shipping-taxable","12":"purchasable","13":"product-type-simple"},"aioseo_notices":[],"ct_brands":[{"id":74,"name":"Wadi Al Khaleej","slug":"wadi-al-khaleej"}],"_links":{"self":[{"href":"https:\/\/habibimb.com\/en\/wp-json\/wp\/v2\/product\/1553","targetHints":{"allow":["GET"]}}],"collection":[{"href":"https:\/\/habibimb.com\/en\/wp-json\/wp\/v2\/product"}],"about":[{"href":"https:\/\/habibimb.com\/en\/wp-json\/wp\/v2\/types\/product"}],"replies":[{"embeddable":true,"href":"https:\/\/habibimb.com\/en\/wp-json\/wp\/v2\/comments?post=1553"}],"wp:featuredmedia":[{"embeddable":true,"href":"https:\/\/habibimb.com\/en\/wp-json\/wp\/v2\/media\/1554"}],"wp:attachment":[{"href":"https:\/\/habibimb.com\/en\/wp-json\/wp\/v2\/media?parent=1553"}],"wp:term":[{"taxonomy":"product_brand","embeddable":true,"href":"https:\/\/habibimb.com\/en\/wp-json\/wp\/v2\/product_brand?post=1553"},{"taxonomy":"product_cat","embeddable":true,"href":"https:\/\/habibimb.com\/en\/wp-json\/wp\/v2\/product_cat?post=1553"},{"taxonomy":"product_tag","embeddable":true,"href":"https:\/\/habibimb.com\/en\/wp-json\/wp\/v2\/product_tag?post=1553"}],"curies":[{"name":"wp","href":"https:\/\/api.w.org\/{rel}","templated":true}]}}