{"id":1550,"date":"2025-04-24T19:59:57","date_gmt":"2025-04-24T19:59:57","guid":{"rendered":"https:\/\/habibimb.com\/?post_type=product&#038;p=1550"},"modified":"2026-04-07T05:04:36","modified_gmt":"2026-04-07T05:04:36","slug":"apa-de-parfum-ibdaa-wadi-al-khaleej-barbati-100ml","status":"publish","type":"product","link":"https:\/\/habibimb.com\/en\/product\/apa-de-parfum-ibdaa-wadi-al-khaleej-barbati-100ml\/","title":{"rendered":"Ibdaa, Wadi Al Khaleej"},"content":{"rendered":"<h2>Descoper\u0103 esen\u021ba elegan\u021bei<\/h2>\n<p>V\u0103 prezent\u0103m Apa de Parfum Ibdaa de la Wadi Al Khaleej, un parfum sofisticat conceput special pentru omul modern. Aceast\u0103 sticl\u0103 de 100 ml \u00eencapsuleaz\u0103 un amestec rafinat de note care celebreaz\u0103 individualitatea \u0219i carisma. Cu Ibdaa, vei experimenta o c\u0103l\u0103torie aromatic\u0103 unic\u0103 care echilibreaz\u0103 prospe\u021bimea \u0219i c\u0103ldura, f\u0103c\u00e2ndu-l perfect pentru orice ocazie.<\/p>\n<h2>Dezv\u0103luie-\u021bi stilul unic<\/h2>\n<p>Ibdaa este mai mult dec\u00e2t un parfum; este o declara\u021bie de stil. Notele de v\u00e2rf prezint\u0103 acorduri proaspete \u0219i vibrante care aprind un sentiment de energie \u0219i \u00eencredere. Pe m\u0103sur\u0103 ce parfumul se desf\u0103\u0219oar\u0103, ve\u021bi descoperi o inim\u0103 bogat\u0103 \u00een nuan\u021be florale \u0219i picante, oferind profunzime \u0219i alur\u0103. \u00cen cele din urm\u0103, notele de baz\u0103 se instaleaz\u0103 \u00eentr-o \u00eembr\u0103\u021bi\u0219are p\u0103m\u00e2nteasc\u0103 \u0219i lemnoas\u0103, cre\u00e2nd o impresie de durat\u0103 care define\u0219te cu adev\u0103rat elegan\u021ba.<\/p>\n<h2>Perfect pentru orice ocazie<\/h2>\n<p>Versatilitatea Apa de Parfum Ibdaa o face o alegere ideal\u0103 at\u00e2t pentru zi, c\u00e2t \u0219i pentru noapte. Fie c\u0103 v\u0103 \u00eembr\u0103ca\u021bi pentru o zi casual, o \u00eent\u00e2lnire de afaceri sau o cin\u0103 romantic\u0103, acest parfum remarcabil v\u0103 va completa \u021binuta \u0219i v\u0103 va spori prezen\u021ba general\u0103. Formula sa de lung\u0103 durat\u0103 v\u0103 asigur\u0103 c\u0103 r\u0103m\u00e2ne\u021bi cu un miros rafinat pe tot parcursul zilei, l\u0103s\u00e2nd o urm\u0103 captivant\u0103 care va atrage complimente.<\/p>","protected":false},"excerpt":{"rendered":"<ul>\n<li class=\"\" data-start=\"157\" data-end=\"214\">\n<p class=\"\" data-start=\"159\" data-end=\"214\"><strong data-start=\"159\" data-end=\"175\">Note de v\u00e2rf<\/strong>: <span class=\"relative -mx-px my-[-0.2rem] rounded px-px py-[0.2rem] transition-colors duration-100 ease-in-out\">nu sunt disponibile public<\/span><\/p>\n<\/li>\n<li class=\"\" data-start=\"215\" data-end=\"274\">\n<p class=\"\" data-start=\"217\" data-end=\"274\"><strong data-start=\"217\" data-end=\"235\">Note de mijloc<\/strong>: <span class=\"relative -mx-px my-[-0.2rem] rounded px-px py-[0.2rem] transition-colors duration-100 ease-in-out\">nu sunt disponibile public<\/span><\/p>\n<\/li>\n<li class=\"\" data-start=\"275\" data-end=\"414\">\n<p class=\"\" data-start=\"277\" data-end=\"414\"><strong data-start=\"277\" data-end=\"293\">Note de baz\u0103<\/strong>: <span class=\"relative -mx-px my-[-0.2rem] rounded px-px py-[0.2rem] transition-colors duration-100 ease-in-out\">Mosc, Vanilie, Lemn de cedru<\/span><\/p>\n<\/li>\n<\/ul>","protected":false},"featured_media":1552,"comment_status":"open","ping_status":"closed","template":"","meta":{"om_disable_all_campaigns":false,"_monsterinsights_skip_tracking":false,"_monsterinsights_sitenote_active":false,"_monsterinsights_sitenote_note":"","_monsterinsights_sitenote_category":0},"product_brand":[74],"product_cat":[55],"product_tag":[],"class_list":{"0":"post-1550","1":"product","2":"type-product","3":"status-publish","4":"has-post-thumbnail","6":"product_brand-wadi-al-khaleej","7":"product_cat-pentru-el","9":"first","10":"instock","11":"sale","12":"shipping-taxable","13":"purchasable","14":"product-type-simple"},"aioseo_notices":[],"ct_brands":[{"id":74,"name":"Wadi Al Khaleej","slug":"wadi-al-khaleej"}],"_links":{"self":[{"href":"https:\/\/habibimb.com\/en\/wp-json\/wp\/v2\/product\/1550","targetHints":{"allow":["GET"]}}],"collection":[{"href":"https:\/\/habibimb.com\/en\/wp-json\/wp\/v2\/product"}],"about":[{"href":"https:\/\/habibimb.com\/en\/wp-json\/wp\/v2\/types\/product"}],"replies":[{"embeddable":true,"href":"https:\/\/habibimb.com\/en\/wp-json\/wp\/v2\/comments?post=1550"}],"wp:featuredmedia":[{"embeddable":true,"href":"https:\/\/habibimb.com\/en\/wp-json\/wp\/v2\/media\/1552"}],"wp:attachment":[{"href":"https:\/\/habibimb.com\/en\/wp-json\/wp\/v2\/media?parent=1550"}],"wp:term":[{"taxonomy":"product_brand","embeddable":true,"href":"https:\/\/habibimb.com\/en\/wp-json\/wp\/v2\/product_brand?post=1550"},{"taxonomy":"product_cat","embeddable":true,"href":"https:\/\/habibimb.com\/en\/wp-json\/wp\/v2\/product_cat?post=1550"},{"taxonomy":"product_tag","embeddable":true,"href":"https:\/\/habibimb.com\/en\/wp-json\/wp\/v2\/product_tag?post=1550"}],"curies":[{"name":"wp","href":"https:\/\/api.w.org\/{rel}","templated":true}]}}