{"id":1547,"date":"2025-04-24T19:57:51","date_gmt":"2025-04-24T19:57:51","guid":{"rendered":"https:\/\/habibimb.com\/?post_type=product&#038;p=1547"},"modified":"2026-02-09T09:44:26","modified_gmt":"2026-02-09T09:44:26","slug":"apa-de-parfum-elorfa-fragrance-deluxe-unisex-100ml","status":"publish","type":"product","link":"https:\/\/habibimb.com\/en\/product\/apa-de-parfum-elorfa-fragrance-deluxe-unisex-100ml\/","title":{"rendered":"Elorfa, Fragrance Deluxe"},"content":{"rendered":"<h2>Parfumul t\u0103u de semn\u0103tur\u0103 te a\u0219teapt\u0103<\/h2>\n<p>Descoperi\u021bi esen\u021ba elegan\u021bei cu <strong>Apa de Parfum Elorfa<\/strong>, un parfum de lux conceput pentru individul modern. Acest parfum unisex \u00eembin\u0103 rafinamentul \u0219i alura, f\u0103c\u00e2ndu-l o alegere versatil\u0103 pentru orice ocazie. Fabricat cu ingrediente de cea mai \u00eenalt\u0103 calitate, Elorfa promite o impresie de durat\u0103 care surprinde spiritul at\u00e2t al b\u0103rba\u021bilor, c\u00e2t \u0219i al femeilor.<\/p>\n<h2>Un echilibru perfect de note<\/h2>\n<p><strong>Apa de Parfum Elorfa<\/strong> prezint\u0103 o compozi\u021bie atent organizat\u0103 de note florale, lemnoase \u0219i picante. Deschiz\u00e2ndu-se cu note de v\u00e2rf vibrante care trezesc sim\u021burile, acest parfum trece perfect \u00eentr-o inim\u0103 de arome florale bogate. Pe m\u0103sur\u0103 ce parfumul se dezvolt\u0103, apar note mai profunde, \u00eenv\u0103luindu-te \u00eentr-o \u00eembr\u0103\u021bi\u0219are cald\u0103 \u0219i primitoare. Acest amestec echilibrat creeaz\u0103 un profil olfactiv unic care persist\u0103 pe tot parcursul zilei.<\/p>\n<h2>Dezv\u0103luie-\u021bi farmecul interior<\/h2>\n<p>Fie c\u0103 te \u00eendrep\u021bi spre serviciu, la un eveniment special sau pur \u0219i simplu te bucuri de o noapte \u00een ora\u0219, <strong>Apa de Parfum Elorfa<\/strong> ofer\u0103 atingerea final\u0103 perfect\u0103 ansamblului t\u0103u. Designul elegant al sticlei de 100 ml permite portabilitatea u\u0219oar\u0103, f\u0103c\u00e2ndu-l \u00eenso\u021bitorul ideal pentru via\u021ba \u00een mi\u0219care. Cu doar c\u00e2teva pulveriz\u0103ri, v\u0103 pute\u021bi ridica prezen\u021ba \u0219i v\u0103 pute\u021bi dezv\u0103lui farmecul interior, l\u0103s\u00e2nd o urm\u0103 memorabil\u0103 oriunde v\u0103 plimba\u021bi.<\/p>","protected":false},"excerpt":{"rendered":"<p>Inspirat din Erolfa Creed<\/p>\n<p>&nbsp;<\/p>\n<ul>\n<li class=\"\" data-start=\"50\" data-end=\"130\">\n<p class=\"\" data-start=\"52\" data-end=\"130\"><strong data-start=\"52\" data-end=\"68\">Note de v\u00e2rf<\/strong> \u2013 primele mirosuri (ex: citrice, fructe), dureaz\u0103 15\u201330 min<\/p>\n<\/li>\n<li class=\"\" data-start=\"131\" data-end=\"216\">\n<p class=\"\" data-start=\"133\" data-end=\"216\"><strong data-start=\"133\" data-end=\"151\">Note de mijloc<\/strong> \u2013 inima parfumului (ex: flori, condimente), dureaz\u0103 c\u00e2teva ore<\/p>\n<\/li>\n<li class=\"\" data-start=\"217\" data-end=\"315\">\n<p class=\"\" data-start=\"219\" data-end=\"315\"><strong data-start=\"219\" data-end=\"235\">Note de baz\u0103<\/strong> \u2013 ultimele, cele mai persistente (ex: mosc, lemn, vanilie), pot dura toat\u0103 ziua<\/p>\n<\/li>\n<\/ul>","protected":false},"featured_media":1549,"comment_status":"open","ping_status":"closed","template":"","meta":{"om_disable_all_campaigns":false,"_monsterinsights_skip_tracking":false,"_monsterinsights_sitenote_active":false,"_monsterinsights_sitenote_note":"","_monsterinsights_sitenote_category":0},"product_brand":[75],"product_cat":[57],"product_tag":[],"class_list":{"0":"post-1547","1":"product","2":"type-product","3":"status-publish","4":"has-post-thumbnail","6":"product_brand-fragrance-deluxe","7":"product_cat-unisex","9":"first","10":"instock","11":"sale","12":"shipping-taxable","13":"purchasable","14":"product-type-simple"},"aioseo_notices":[],"ct_brands":[{"id":75,"name":"Fragrance Deluxe","slug":"fragrance-deluxe"}],"_links":{"self":[{"href":"https:\/\/habibimb.com\/en\/wp-json\/wp\/v2\/product\/1547","targetHints":{"allow":["GET"]}}],"collection":[{"href":"https:\/\/habibimb.com\/en\/wp-json\/wp\/v2\/product"}],"about":[{"href":"https:\/\/habibimb.com\/en\/wp-json\/wp\/v2\/types\/product"}],"replies":[{"embeddable":true,"href":"https:\/\/habibimb.com\/en\/wp-json\/wp\/v2\/comments?post=1547"}],"wp:featuredmedia":[{"embeddable":true,"href":"https:\/\/habibimb.com\/en\/wp-json\/wp\/v2\/media\/1549"}],"wp:attachment":[{"href":"https:\/\/habibimb.com\/en\/wp-json\/wp\/v2\/media?parent=1547"}],"wp:term":[{"taxonomy":"product_brand","embeddable":true,"href":"https:\/\/habibimb.com\/en\/wp-json\/wp\/v2\/product_brand?post=1547"},{"taxonomy":"product_cat","embeddable":true,"href":"https:\/\/habibimb.com\/en\/wp-json\/wp\/v2\/product_cat?post=1547"},{"taxonomy":"product_tag","embeddable":true,"href":"https:\/\/habibimb.com\/en\/wp-json\/wp\/v2\/product_tag?post=1547"}],"curies":[{"name":"wp","href":"https:\/\/api.w.org\/{rel}","templated":true}]}}