{"id":1544,"date":"2025-04-24T19:54:14","date_gmt":"2025-04-24T19:54:14","guid":{"rendered":"https:\/\/habibimb.com\/?post_type=product&#038;p=1544"},"modified":"2025-05-15T07:31:01","modified_gmt":"2025-05-15T07:31:01","slug":"apa-de-parfum-violet-roses-fragrance-deluxe-femei-100ml","status":"publish","type":"product","link":"https:\/\/habibimb.com\/en\/product\/apa-de-parfum-violet-roses-fragrance-deluxe-femei-100ml\/","title":{"rendered":"Violet Roses, Fragrance Deluxe"},"content":{"rendered":"<h2>Descoperi\u021bi esen\u021ba trandafirilor violet<\/h2>\n<p>V\u0103 prezent\u0103m Apa de Parfum Violet Roses, un parfum luxos conceput pentru femeile care apreciaz\u0103 rafinamentul \u0219i farmecul. Acest parfum rafinat \u00eencapsuleaz\u0103 frumuse\u021bea delicat\u0103 a trandafirilor violeti, oferind un parfum captivant \u0219i atemporal. \u00centr-un singur spray, vei fi \u00eenv\u0103luit \u00eentr-o experien\u021b\u0103 aromatic\u0103 care \u00ee\u021bi ridic\u0103 starea de spirit \u0219i \u00ee\u021bi spore\u0219te farmecul.<\/p>\n<h2>O experien\u021b\u0103 olfactiv\u0103 de lux<\/h2>\n<p>Violet Roses nu este doar un parfum; este o declara\u021bie de elegan\u021b\u0103. Formulat\u0103 cu un amestec armonios de note florale \u0219i nuan\u021be calde, fiecare sticl\u0103 con\u021bine 100 ml de parfum de lux, perfect pentru purtarea zilnic\u0103 sau pentru ocazii speciale. Notele de v\u00e2rf introduc o explozie str\u0103lucitoare de prospe\u021bime, duc\u00e2nd la o inim\u0103 bogat\u0103 \u00een aroma somptuoas\u0103 a trandafirilor violet \u0219i, \u00een cele din urm\u0103, a\u0219ez\u00e2ndu-se \u00eentr-o baz\u0103 senzual\u0103 care persist\u0103 pe tot parcursul zilei.<\/p>\n<h2>Perfect pentru orice ocazie<\/h2>\n<p>Acest parfum este ideal pentru femeia modern\u0103 care crede \u00een a l\u0103sa o impresie de durat\u0103. Fie c\u0103 te \u00eendrep\u021bi spre o \u00eent\u00e2lnire de afaceri, o cin\u0103 sau pur \u0219i simplu te bucuri de o zi informal\u0103, Apa de Parfum Violet Roses te asigur\u0103 c\u0103 te sim\u021bi \u00eencrez\u0103tor \u0219i revitalizat. Designul s\u0103u elegant al sticlei nu numai c\u0103 arat\u0103 \u0219ic pe masa de toalet\u0103, dar \u00eel face \u0219i un cadou perfect pentru cei dragi care apreciaz\u0103 parfumurile fine.<\/p>\n<p>Experimenta\u021bi lumea \u00eenc\u00e2nt\u0103toare a Violet Roses \u0219i scufunda\u021bi-v\u0103 \u00eentr-un parfum care define\u0219te gra\u021bia \u0219i frumuse\u021bea. \u00cembun\u0103t\u0103\u021be\u0219te-\u021bi colec\u021bia de parfumuri cu aceast\u0103 ofert\u0103 de lux \u0219i las\u0103 fiecare moment s\u0103 fie unul de neuitat.<\/p>","protected":false},"excerpt":{"rendered":"<p>Inspirat din Rose Violet Victoria&#8217;s\u00a0Secret<\/p>\n<p>&nbsp;<\/p>\n<p><strong>Note de varf:<\/strong> piersici, caise<\/p>\n<p><strong>Note de mijloc:<\/strong> iasomie, lacramioare, paciuli<\/p>\n<p><strong>Note de baz\u0103:<\/strong> caramel, piele, mosc<\/p>","protected":false},"featured_media":1546,"comment_status":"open","ping_status":"closed","template":"","meta":{"om_disable_all_campaigns":false,"_monsterinsights_skip_tracking":false,"_monsterinsights_sitenote_active":false,"_monsterinsights_sitenote_note":"","_monsterinsights_sitenote_category":0},"product_brand":[75],"product_cat":[56],"product_tag":[],"class_list":{"0":"post-1544","1":"product","2":"type-product","3":"status-publish","4":"has-post-thumbnail","6":"product_brand-fragrance-deluxe","7":"product_cat-pentru-ea","9":"first","10":"instock","11":"shipping-taxable","12":"purchasable","13":"product-type-simple"},"aioseo_notices":[],"ct_brands":[{"id":75,"name":"Fragrance Deluxe","slug":"fragrance-deluxe"}],"_links":{"self":[{"href":"https:\/\/habibimb.com\/en\/wp-json\/wp\/v2\/product\/1544","targetHints":{"allow":["GET"]}}],"collection":[{"href":"https:\/\/habibimb.com\/en\/wp-json\/wp\/v2\/product"}],"about":[{"href":"https:\/\/habibimb.com\/en\/wp-json\/wp\/v2\/types\/product"}],"replies":[{"embeddable":true,"href":"https:\/\/habibimb.com\/en\/wp-json\/wp\/v2\/comments?post=1544"}],"wp:featuredmedia":[{"embeddable":true,"href":"https:\/\/habibimb.com\/en\/wp-json\/wp\/v2\/media\/1546"}],"wp:attachment":[{"href":"https:\/\/habibimb.com\/en\/wp-json\/wp\/v2\/media?parent=1544"}],"wp:term":[{"taxonomy":"product_brand","embeddable":true,"href":"https:\/\/habibimb.com\/en\/wp-json\/wp\/v2\/product_brand?post=1544"},{"taxonomy":"product_cat","embeddable":true,"href":"https:\/\/habibimb.com\/en\/wp-json\/wp\/v2\/product_cat?post=1544"},{"taxonomy":"product_tag","embeddable":true,"href":"https:\/\/habibimb.com\/en\/wp-json\/wp\/v2\/product_tag?post=1544"}],"curies":[{"name":"wp","href":"https:\/\/api.w.org\/{rel}","templated":true}]}}