{"id":1541,"date":"2025-04-24T19:51:14","date_gmt":"2025-04-24T19:51:14","guid":{"rendered":"https:\/\/habibimb.com\/?post_type=product&#038;p=1541"},"modified":"2025-05-15T12:22:55","modified_gmt":"2025-05-15T12:22:55","slug":"apa-de-parfum-adventure-white-fragrance-deluxe-barbati-100ml","status":"publish","type":"product","link":"https:\/\/habibimb.com\/en\/product\/apa-de-parfum-adventure-white-fragrance-deluxe-barbati-100ml\/","title":{"rendered":"Adventure White ,Fragrance Deluxe"},"content":{"rendered":"<h2>Dezl\u0103n\u021buie-\u021bi aventurierul interior<\/h2>\n<p>V\u0103 prezent\u0103m <strong>Apa de Parfum Adventure White<\/strong>, un parfum luxos conceput pentru b\u0103rbatul modern care \u00eendr\u0103zne\u0219te s\u0103 exploreze extraordinarul. Aceast\u0103 sticl\u0103 de 100 ml nu este doar un parfum; Este o invita\u021bie de a porni \u00eentr-o c\u0103l\u0103torie senzorial\u0103 care \u00ee\u021bi treze\u0219te spiritul \u0219i \u00ee\u021bi revigoreaz\u0103 sim\u021burile. Cu fiecare pulverizare, e\u0219ti transportat \u00een \u021b\u0103ri \u00eendep\u0103rtate, unde aventura \u0219i elegan\u021ba se \u00eempletesc perfect.<\/p>\n<h2>Profil aromatic care inspir\u0103<\/h2>\n<p>Parfumul Adventure White se deschide cu note de v\u00e2rf r\u0103coritoare de citrice care danseaz\u0103 juc\u0103u\u0219, trezindu-\u021bi sim\u021burile \u0219i d\u00e2nd tonul experien\u021bei care va urma. Pe m\u0103sur\u0103 ce notele de inim\u0103 se desf\u0103\u0219oar\u0103, apare un amestec captivant de ierburi aromatice \u0219i flori bl\u00e2nde, cre\u00e2nd o aur\u0103 sofisticat\u0103, dar abordabil\u0103. \u00cen cele din urm\u0103, notele de baz\u0103 de lemn cald \u0219i mosc las\u0103 o impresie persistent\u0103 care captiveaz\u0103 \u0219i \u00eenc\u00e2nt\u0103, f\u0103c\u00e2ndu-l perfect pentru orice ocazie, fie c\u0103 este vorba de o sear\u0103 \u00een ora\u0219 sau de o zi casual cu prietenii.<\/p>\n<h2>Elegan\u021b\u0103 \u00een fiecare detaliu<\/h2>\n<p>Ambalat \u00eentr-o sticl\u0103 elegant\u0103 \u0219i elegant\u0103, <strong>Apa de Parfum Adventure White<\/strong> nu numai c\u0103 arat\u0103 rafinat pe toalet\u0103, dar reflect\u0103 \u0219i parfumul sofisticat din interior. Realizat\u0103 cu aten\u021bie la detalii, prezentarea \u00een sine spune multe despre calitatea \u0219i luxul pe care le \u00eentruchipeaz\u0103 acest parfum. Perfect ca cadou sau r\u0103sf\u0103\u021b personal, acest parfum v\u0103 permite s\u0103 v\u0103 exprima\u021bi personalitatea \u0219i gustul unic f\u0103r\u0103 efort.<\/p>\n<p>Alegerea <strong>Apa de Parfum Adventure White<\/strong> nu \u00eenseamn\u0103 doar selectarea unui parfum; este o declara\u021bie. Acest parfum este ideal pentru b\u0103rbatul cu discern\u0103m\u00e2nt care pre\u021buie\u0219te elegan\u021ba \u0219i prospe\u021bimea, refuz\u00e2nd s\u0103 se lase \u00eencadrat \u00een normele conven\u021bionale. \u00cembun\u0103t\u0103\u021be\u0219te-\u021bi rutina de zi cu zi cu un strop de Adventure White \u0219i las\u0103-l s\u0103-\u021bi aminteasc\u0103 c\u0103 via\u021ba este o aventur\u0103 care a\u0219teapt\u0103 s\u0103 fie \u00eembr\u0103\u021bi\u0219at\u0103. Experimenta\u021bi aventura \u0219i umple\u021bi-v\u0103 via\u021ba cu momente extraordinare ast\u0103zi.<\/p>","protected":false},"excerpt":{"rendered":"<p><strong>Note de varf:<\/strong> Citrice<\/p>\n<p><strong>Note de mijloc:<\/strong> Note proaspete, Note lemnoase<\/p>\n<p><strong>Note de baza:<\/strong>\u00a0Vanilie, Oud<\/p>","protected":false},"featured_media":1543,"comment_status":"open","ping_status":"closed","template":"","meta":{"om_disable_all_campaigns":false,"_monsterinsights_skip_tracking":false,"_monsterinsights_sitenote_active":false,"_monsterinsights_sitenote_note":"","_monsterinsights_sitenote_category":0},"product_brand":[75],"product_cat":[55],"product_tag":[],"class_list":{"0":"post-1541","1":"product","2":"type-product","3":"status-publish","4":"has-post-thumbnail","6":"product_brand-fragrance-deluxe","7":"product_cat-pentru-el","9":"first","10":"instock","11":"shipping-taxable","12":"purchasable","13":"product-type-simple"},"aioseo_notices":[],"ct_brands":[{"id":75,"name":"Fragrance Deluxe","slug":"fragrance-deluxe"}],"_links":{"self":[{"href":"https:\/\/habibimb.com\/en\/wp-json\/wp\/v2\/product\/1541","targetHints":{"allow":["GET"]}}],"collection":[{"href":"https:\/\/habibimb.com\/en\/wp-json\/wp\/v2\/product"}],"about":[{"href":"https:\/\/habibimb.com\/en\/wp-json\/wp\/v2\/types\/product"}],"replies":[{"embeddable":true,"href":"https:\/\/habibimb.com\/en\/wp-json\/wp\/v2\/comments?post=1541"}],"wp:featuredmedia":[{"embeddable":true,"href":"https:\/\/habibimb.com\/en\/wp-json\/wp\/v2\/media\/1543"}],"wp:attachment":[{"href":"https:\/\/habibimb.com\/en\/wp-json\/wp\/v2\/media?parent=1541"}],"wp:term":[{"taxonomy":"product_brand","embeddable":true,"href":"https:\/\/habibimb.com\/en\/wp-json\/wp\/v2\/product_brand?post=1541"},{"taxonomy":"product_cat","embeddable":true,"href":"https:\/\/habibimb.com\/en\/wp-json\/wp\/v2\/product_cat?post=1541"},{"taxonomy":"product_tag","embeddable":true,"href":"https:\/\/habibimb.com\/en\/wp-json\/wp\/v2\/product_tag?post=1541"}],"curies":[{"name":"wp","href":"https:\/\/api.w.org\/{rel}","templated":true}]}}