{"id":1538,"date":"2025-04-24T19:48:47","date_gmt":"2025-04-24T19:48:47","guid":{"rendered":"https:\/\/habibimb.com\/?post_type=product&#038;p=1538"},"modified":"2025-05-15T12:22:54","modified_gmt":"2025-05-15T12:22:54","slug":"apa-de-parfum-adventure-fragrance-deluxe-barbati-100ml","status":"publish","type":"product","link":"https:\/\/habibimb.com\/en\/product\/apa-de-parfum-adventure-fragrance-deluxe-barbati-100ml\/","title":{"rendered":"Adventure ,Fragrance Deluxe"},"content":{"rendered":"<h2>Descoperi\u021bi esen\u021ba aventurii<\/h2>\n<p>Dezl\u0103n\u021buie-\u021bi exploratorul interior cu Apa de Parfum Adventure, un parfum conceput pentru b\u0103rbatul modern care caut\u0103 s\u0103 \u00eembr\u0103\u021bi\u0219eze via\u021ba la maximum. Acest parfum captivant este mai mult dec\u00e2t un parfum; Este o invita\u021bie de a experimenta fiorul aventurii infuzat cu elegan\u021b\u0103 \u0219i rafinament. Fie c\u0103 te aventurezi \u00een aer liber sau navighezi pe str\u0103zile pline de via\u021b\u0103 ale ora\u0219ului, acest parfum creeaz\u0103 un aer de \u00eencredere \u0219i alur\u0103, f\u0103c\u00e2ndu-l un plus perfect pentru rutina ta zilnic\u0103.<\/p>\n<h2>Observ\u0103 c\u0103 Evoke Exploration<\/h2>\n<p>Apa de Parfum Adventure este creat\u0103 cu un amestec unic de note aromatice care te transport\u0103 \u00een teritorii neexplorate. Notele de v\u00e2rf prezint\u0103 o explozie vibrant\u0103 de citrice, trezindu-\u021bi sim\u021burile cu o poft\u0103 r\u0103coritoare. Pe m\u0103sur\u0103 ce parfumul se desf\u0103\u0219oar\u0103, apar note de inim\u0103 de ierburi picante \u0219i arome florale bogate, \u00eentruchip\u00e2nd spiritul de aventur\u0103 \u0219i descoperire. \u00cen cele din urm\u0103, notele de baz\u0103 ofer\u0103 c\u0103ldur\u0103 \u0219i profunzime cu subtonuri lemnoase care persist\u0103 mult timp dup\u0103 prima pulverizare. Acest echilibru armonios prezint\u0103 esen\u021ba aventurii, surprinz\u00e2nd at\u00e2t spiritul s\u0103lbatic, c\u00e2t \u0219i farmecul sofisticat.<\/p>\n<h2>Perfect pentru orice ocazie<\/h2>\n<p>Acest parfum de lux este potrivit pentru orice ocazie, zi sau noapte. Fie c\u0103 te \u00eembraci pentru o ie\u0219ire casual sau pentru un eveniment formal, Apa de Parfum Adventure \u00ee\u021bi completeaz\u0103 stilul perfect. \u00cenvelit \u00eentr-o sticl\u0103 elegant\u0103 \u0219i modern\u0103 de 100 ml, nu numai c\u0103 arat\u0103 grozav pe toalet\u0103, dar se potrive\u0219te perfect \u0219i \u00een geanta de c\u0103l\u0103torie, permi\u021b\u00e2ndu-\u021bi s\u0103 por\u021bi o bucat\u0103 de aventur\u0103 cu tine oriunde mergi. \u00cembun\u0103t\u0103\u021be\u0219te-\u021bi jocul de parfumuri cu un parfum pe c\u00e2t de versatil, pe at\u00e2t de captivant. L<\/p>","protected":false},"excerpt":{"rendered":"<p><strong>Note de varf:<\/strong>\u00a0Ananas, bergamot\u0103, coac\u0103ze negre, m\u0103r<\/p>\n<p><strong>Note de mijloc:<\/strong>\u00a0Mesteac\u0103n, paciuli, iasomie marocan\u0103, trandafir<\/p>\n<p><strong>Note de baz\u0103:<\/strong>\u00a0Mosc, muschi de stejar, ambra gris, vanilie<\/p>","protected":false},"featured_media":1540,"comment_status":"open","ping_status":"closed","template":"","meta":{"om_disable_all_campaigns":false,"_monsterinsights_skip_tracking":false,"_monsterinsights_sitenote_active":false,"_monsterinsights_sitenote_note":"","_monsterinsights_sitenote_category":0},"product_brand":[75],"product_cat":[55],"product_tag":[],"class_list":{"0":"post-1538","1":"product","2":"type-product","3":"status-publish","4":"has-post-thumbnail","6":"product_brand-fragrance-deluxe","7":"product_cat-pentru-el","9":"first","10":"instock","11":"shipping-taxable","12":"purchasable","13":"product-type-simple"},"aioseo_notices":[],"ct_brands":[{"id":75,"name":"Fragrance Deluxe","slug":"fragrance-deluxe"}],"_links":{"self":[{"href":"https:\/\/habibimb.com\/en\/wp-json\/wp\/v2\/product\/1538","targetHints":{"allow":["GET"]}}],"collection":[{"href":"https:\/\/habibimb.com\/en\/wp-json\/wp\/v2\/product"}],"about":[{"href":"https:\/\/habibimb.com\/en\/wp-json\/wp\/v2\/types\/product"}],"replies":[{"embeddable":true,"href":"https:\/\/habibimb.com\/en\/wp-json\/wp\/v2\/comments?post=1538"}],"wp:featuredmedia":[{"embeddable":true,"href":"https:\/\/habibimb.com\/en\/wp-json\/wp\/v2\/media\/1540"}],"wp:attachment":[{"href":"https:\/\/habibimb.com\/en\/wp-json\/wp\/v2\/media?parent=1538"}],"wp:term":[{"taxonomy":"product_brand","embeddable":true,"href":"https:\/\/habibimb.com\/en\/wp-json\/wp\/v2\/product_brand?post=1538"},{"taxonomy":"product_cat","embeddable":true,"href":"https:\/\/habibimb.com\/en\/wp-json\/wp\/v2\/product_cat?post=1538"},{"taxonomy":"product_tag","embeddable":true,"href":"https:\/\/habibimb.com\/en\/wp-json\/wp\/v2\/product_tag?post=1538"}],"curies":[{"name":"wp","href":"https:\/\/api.w.org\/{rel}","templated":true}]}}