{"id":1535,"date":"2025-04-24T19:46:17","date_gmt":"2025-04-24T19:46:17","guid":{"rendered":"https:\/\/habibimb.com\/?post_type=product&#038;p=1535"},"modified":"2025-05-15T07:31:01","modified_gmt":"2025-05-15T07:31:01","slug":"apa-de-parfum-raed-wadi-al-khaleej-barbati-100ml","status":"publish","type":"product","link":"https:\/\/habibimb.com\/en\/product\/apa-de-parfum-raed-wadi-al-khaleej-barbati-100ml\/","title":{"rendered":"Ra`ed, Wadi Al Khaleej"},"content":{"rendered":"<h2>Descoperi\u021bi esen\u021ba de\u0219ertului<\/h2>\n<p>V\u0103 prezent\u0103m Apa de Parfum Ra&#8217;ed, un parfum captivant de la Wadi Al Khaleej care v\u0103 va transporta \u00een peisajele \u00eenc\u00e2nt\u0103toare ale de\u0219ertului Arabiei. Cu amestecul s\u0103u rafinat de note aromatice, acest parfum de 100 ml ofer\u0103 o c\u0103l\u0103torie olfactiv\u0103 care evoc\u0103 spiritul de aventur\u0103 \u0219i mistic\u0103. Ideal pentru cei care apreciaz\u0103 lucrurile mai bune din via\u021b\u0103, acest parfum distinctiv este perfect pentru purtarea zilei \u0219i a nop\u021bii, f\u0103c\u00e2ndu-l un plus versatil pentru colec\u021bia ta de parfumuri.<\/p>\n<h2>Calitate \u0219i m\u0103iestrie de neegalat<\/h2>\n<p>\u00cen esen\u021b\u0103, realizat cu o aten\u021bie meticuloas\u0103 la detalii, Apa de Parfum Ra&#8217;ed \u00eembin\u0103 elemente tradi\u021bionale bogate cu o not\u0103 modern\u0103, cre\u00e2nd o experien\u021b\u0103 unic\u0103 de parfum. Parfumul prezint\u0103 note de v\u00e2rf care ademenesc sim\u021burile chiar de la \u00eenceput, urmate de note de inim\u0103 care se dezvolt\u0103 \u00eentr-un profil olfactiv persistent. \u00cenvelit \u00eentr-o sticl\u0103 elegant\u0103, acest parfum nu numai c\u0103 miroase divin, dar arat\u0103 uimitor pe toaleta ta, reflect\u00e2nd rafinamentul purt\u0103torului s\u0103u.<\/p>\n<h2>Perfect pentru orice ocazie<\/h2>\n<p>Fie c\u0103 participi la un eveniment formal, la o ie\u0219ire casual sau pur \u0219i simplu cau\u021bi un parfum care s\u0103 rezoneze cu personalitatea ta, Apa de Parfum Ra&#8217;ed este alegerea ideal\u0103. Compozi\u021bia frumos echilibrat\u0103 a notelor asigur\u0103 completarea oric\u0103rei \u021binute \u0219i decor, permi\u021b\u00e2ndu-v\u0103 s\u0103 l\u0103sa\u021bi o impresie de durat\u0103 oriunde a\u021bi merge. R\u0103sf\u0103\u021ba\u021bi-v\u0103 cu parfumurile bogate ale Wadi Al Khaleej \u0219i scufunda\u021bi-v\u0103 \u00een lumea rafinat\u0103 a Apa de Parfum Ra&#8217;ed &#8211; o \u00eentruchipare a elegan\u021bei \u0219i a alurii.<\/p>","protected":false},"excerpt":{"rendered":"<p><strong>Notele de v\u00e2rf<\/strong>\u00a0debuteaz\u0103 cu prezen\u021ba lemnului de cedru, oferind o deschidere lemnoas\u0103 \u0219i catifelat\u0103. Aceasta adaug\u0103 o not\u0103 de stabilitate \u0219i cald\u0103 a parfumului.<\/p>\n<p><strong>Notele de mijloc<\/strong>\u00a0sunt dominate de oud \u0219i mosc alb. Oud-ul, sau &#8222;lemnul de agar,&#8221; este renumit pentru aroma sa lemnoas\u0103 \u0219i misterioas\u0103, iar moscul alb adaug\u0103 o nuan\u021b\u0103 cald\u0103 \u0219i senzual\u0103. Aceste dou\u0103 note \u00eempreun\u0103 creaz\u0103 sau inim\u0103 parfumat\u0103 profund\u0103 \u0219i bogat\u0103.<\/p>\n<p><strong>Notele de baz\u0103<\/strong>\u00a0sunt, de asemenea, bazate pe oud, subliniind caracterul persistent al parfumului. Acest parfum simplu \u0219i concentrat pune \u00een eviden\u021b\u0103 esen\u021ba oud-ului, aduc\u00e2nd \u00een prim-plan aroma sa bogat\u0103 \u0219i misterioas\u0103.<\/p>","protected":false},"featured_media":1537,"comment_status":"open","ping_status":"closed","template":"","meta":{"om_disable_all_campaigns":false,"_monsterinsights_skip_tracking":false,"_monsterinsights_sitenote_active":false,"_monsterinsights_sitenote_note":"","_monsterinsights_sitenote_category":0},"product_brand":[74],"product_cat":[55],"product_tag":[],"class_list":{"0":"post-1535","1":"product","2":"type-product","3":"status-publish","4":"has-post-thumbnail","6":"product_brand-wadi-al-khaleej","7":"product_cat-pentru-el","9":"first","10":"instock","11":"shipping-taxable","12":"purchasable","13":"product-type-simple"},"aioseo_notices":[],"ct_brands":[{"id":74,"name":"Wadi Al Khaleej","slug":"wadi-al-khaleej"}],"_links":{"self":[{"href":"https:\/\/habibimb.com\/en\/wp-json\/wp\/v2\/product\/1535","targetHints":{"allow":["GET"]}}],"collection":[{"href":"https:\/\/habibimb.com\/en\/wp-json\/wp\/v2\/product"}],"about":[{"href":"https:\/\/habibimb.com\/en\/wp-json\/wp\/v2\/types\/product"}],"replies":[{"embeddable":true,"href":"https:\/\/habibimb.com\/en\/wp-json\/wp\/v2\/comments?post=1535"}],"wp:featuredmedia":[{"embeddable":true,"href":"https:\/\/habibimb.com\/en\/wp-json\/wp\/v2\/media\/1537"}],"wp:attachment":[{"href":"https:\/\/habibimb.com\/en\/wp-json\/wp\/v2\/media?parent=1535"}],"wp:term":[{"taxonomy":"product_brand","embeddable":true,"href":"https:\/\/habibimb.com\/en\/wp-json\/wp\/v2\/product_brand?post=1535"},{"taxonomy":"product_cat","embeddable":true,"href":"https:\/\/habibimb.com\/en\/wp-json\/wp\/v2\/product_cat?post=1535"},{"taxonomy":"product_tag","embeddable":true,"href":"https:\/\/habibimb.com\/en\/wp-json\/wp\/v2\/product_tag?post=1535"}],"curies":[{"name":"wp","href":"https:\/\/api.w.org\/{rel}","templated":true}]}}