{"id":1532,"date":"2025-04-24T19:43:21","date_gmt":"2025-04-24T19:43:21","guid":{"rendered":"https:\/\/habibimb.com\/?post_type=product&#038;p=1532"},"modified":"2025-05-15T07:31:01","modified_gmt":"2025-05-15T07:31:01","slug":"apa-de-parfum-ghaliya-luxury-edition-wadi-al-khaleej-femei-100ml","status":"publish","type":"product","link":"https:\/\/habibimb.com\/en\/product\/apa-de-parfum-ghaliya-luxury-edition-wadi-al-khaleej-femei-100ml\/","title":{"rendered":"Ghaliya Luxury Edition, Wadi Al Khaleej"},"content":{"rendered":"<h2>Dezv\u0103luie-\u021bi esen\u021ba cu Ghaliya<\/h2>\n<p>P\u0103\u0219e\u0219te \u00eentr-o lume a elegan\u021bei \u0219i rafinamentului cu Apa de Parfum Ghaliya Luxury Edition, Wadi Al Khaleej. Conceput special pentru femei, acest parfum rafinat este mai mult dec\u00e2t un simplu parfum; este o expresie a personalit\u0103\u021bii \u0219i farmecului t\u0103u unic. Acest parfum de lux captiveaz\u0103 sim\u021burile, l\u0103s\u00e2nd o urm\u0103 fascinant\u0103 care reflect\u0103 rafinamentul.<\/p>\n<h2>Profil de parfum rafinat<\/h2>\n<p>Parfumul \u00eencepe cu note de v\u00e2rf atr\u0103g\u0103toare care \u00ee\u021bi trezesc sim\u021burile, cuib\u0103rite frumos pe o inim\u0103 de aranjamente florale somptuoase. Straturile de note de baz\u0103 bogate \u0219i calde se armonizeaz\u0103 perfect pentru a oferi un parfum de lung\u0103 durat\u0103 care \u00eentruchipeaz\u0103 at\u00e2t for\u021ba, c\u00e2t \u0219i feminitatea. Fiecare spray este un amestec \u00eemb\u0103t\u0103tor, versatil, potrivit at\u00e2t pentru purtarea zilei, c\u00e2t \u0219i pentru evenimentele de sear\u0103, asigur\u00e2ndu-v\u0103 c\u0103 v\u0103 sim\u021bi\u021bi \u00eencrez\u0103toare \u0219i radiant\u0103 indiferent de ocazie.<\/p>\n<h2>De ce s\u0103 alege\u021bi Ghaliya Luxury Edition?<\/h2>\n<p>Alegerea Apa de Parfum Ghaliya Luxury Edition \u00eenseamn\u0103 a opta pentru calitate \u0219i profunzime. Aceast\u0103 sticl\u0103 de 100 ml este un simbol al luxului care v\u0103 ridic\u0103 garderoba de parfumuri. Formula meticulos realizat\u0103 este conceput\u0103 pentru a rezista, oferindu-\u021bi o elegan\u021b\u0103 durabil\u0103 pe tot parcursul zilei. Perfect ca r\u0103sf\u0103\u021b personal sau ca cadou atent, acest parfum este o comoar\u0103 pentru orice colec\u021bie de parfumuri.<\/p>\n<p>\u00cembr\u0103\u021bi\u0219eaz\u0103 farmecul Wadi Al Khaleej cu fiecare pulverizare \u0219i las\u0103-\u021bi parfumul s\u0103-\u021bi spun\u0103 povestea. Experimenta\u021bi Ghaliya, unde luxul \u00eent\u00e2lne\u0219te elegan\u021ba \u0219i farmecul de zi cu zi.0ML<\/p>","protected":false},"excerpt":{"rendered":"<p><strong>Note de v\u00e2rf:<\/strong>\u00a0Trandafir de Damasc, Bergamot\u0103, Lime, Grapefruit roz, Lamaie;<\/p>\n<p><strong>Note de mijloc:<\/strong>\u00a0Trandafir, Condimente, Iasomie, Osmanthus, Tuberoza, Coacaze negre;<\/p>\n<p><strong>Note de baz\u0103:<\/strong>\u00a0Oud, Oud indian, Mosc negru, Ambra cenusie, Mosc alb.<\/p>","protected":false},"featured_media":1534,"comment_status":"open","ping_status":"closed","template":"","meta":{"om_disable_all_campaigns":false,"_monsterinsights_skip_tracking":false,"_monsterinsights_sitenote_active":false,"_monsterinsights_sitenote_note":"","_monsterinsights_sitenote_category":0},"product_brand":[74],"product_cat":[56],"product_tag":[],"class_list":{"0":"post-1532","1":"product","2":"type-product","3":"status-publish","4":"has-post-thumbnail","6":"product_brand-wadi-al-khaleej","7":"product_cat-pentru-ea","9":"first","10":"instock","11":"shipping-taxable","12":"purchasable","13":"product-type-simple"},"aioseo_notices":[],"ct_brands":[{"id":74,"name":"Wadi Al Khaleej","slug":"wadi-al-khaleej"}],"_links":{"self":[{"href":"https:\/\/habibimb.com\/en\/wp-json\/wp\/v2\/product\/1532","targetHints":{"allow":["GET"]}}],"collection":[{"href":"https:\/\/habibimb.com\/en\/wp-json\/wp\/v2\/product"}],"about":[{"href":"https:\/\/habibimb.com\/en\/wp-json\/wp\/v2\/types\/product"}],"replies":[{"embeddable":true,"href":"https:\/\/habibimb.com\/en\/wp-json\/wp\/v2\/comments?post=1532"}],"wp:featuredmedia":[{"embeddable":true,"href":"https:\/\/habibimb.com\/en\/wp-json\/wp\/v2\/media\/1534"}],"wp:attachment":[{"href":"https:\/\/habibimb.com\/en\/wp-json\/wp\/v2\/media?parent=1532"}],"wp:term":[{"taxonomy":"product_brand","embeddable":true,"href":"https:\/\/habibimb.com\/en\/wp-json\/wp\/v2\/product_brand?post=1532"},{"taxonomy":"product_cat","embeddable":true,"href":"https:\/\/habibimb.com\/en\/wp-json\/wp\/v2\/product_cat?post=1532"},{"taxonomy":"product_tag","embeddable":true,"href":"https:\/\/habibimb.com\/en\/wp-json\/wp\/v2\/product_tag?post=1532"}],"curies":[{"name":"wp","href":"https:\/\/api.w.org\/{rel}","templated":true}]}}