{"id":1525,"date":"2025-04-24T19:34:21","date_gmt":"2025-04-24T19:34:21","guid":{"rendered":"https:\/\/habibimb.com\/?post_type=product&#038;p=1525"},"modified":"2025-05-15T07:31:01","modified_gmt":"2025-05-15T07:31:01","slug":"apa-de-parfum-ocean-blue-wadi-al-khaleej-femei-100ml","status":"publish","type":"product","link":"https:\/\/habibimb.com\/en\/product\/apa-de-parfum-ocean-blue-wadi-al-khaleej-femei-100ml\/","title":{"rendered":"Ocean Blue, Wadi Al Khaleej"},"content":{"rendered":"<h2>Descoperi\u021bi esen\u021ba albastru oceanic<\/h2>\n<p>P\u0103\u0219e\u0219te \u00eentr-o lume a elegan\u021bei \u0219i prospe\u021bimii cu <strong>Apa de Parfum Ocean Blue<\/strong> de la Wadi Al Khaleej. Acest parfum rafinat \u00eencapsuleaz\u0103 spiritul revigorant al oceanului, conceput pentru a-\u021bi trezi sim\u021burile \u0219i a-\u021bi ridica starea de spirit. Fie c\u0103 te preg\u0103te\u0219ti pentru o zi la birou sau o noapte cu prietenii, acest parfum ofer\u0103 atingerea perfect\u0103 de rafinament \u0219i vitalitate.<\/p>\n<h2>O simfonie vibrant\u0103 de mirosuri<\/h2>\n<p>\u00cen inima <strong>Apa de Parfum Ocean Blue<\/strong> se afl\u0103 un amestec \u00eenc\u00e2nt\u0103tor de note florale \u0219i acvatice. Notele de v\u00e2rf prezint\u0103 o explozie de citrice crocante, armoniz\u00e2ndu-se perfect cu o inim\u0103 de flori oceanice, evoc\u00e2nd esen\u021ba r\u0103coritoare a brizei m\u0103rii. Pe m\u0103sur\u0103 ce parfumul se a\u0219eaz\u0103, apar nuan\u021be calde de mosc \u0219i lemn de cedru, cre\u00e2nd o impresie de durat\u0103 care persist\u0103 pe tot parcursul zilei.<\/p>\n<h2>Dezl\u0103n\u021buie-\u021bi \u00eencrederea interioar\u0103<\/h2>\n<p><strong>Apa de Parfum Ocean Blue<\/strong> nu este doar un parfum; Este o experien\u021b\u0103 care v\u0103 \u00eemputernice\u0219te s\u0103 v\u0103 exprima\u021bi individualitatea. Cu fiecare spray, r\u0103sf\u0103\u021ba\u021bi-v\u0103 cu un buchet care v\u0103 re\u00eemprosp\u0103teaz\u0103 spiritul \u0219i v\u0103 completeaz\u0103 personalitatea unic\u0103. Perfect pentru toate ocaziile, acest parfum de 100 ml este conceput pentru femeia modern\u0103 care \u00ee\u0219i \u00eembr\u0103\u021bi\u0219eaz\u0103 puterea \u00een timp ce \u00ee\u0219i s\u0103rb\u0103tore\u0219te feminitatea.<\/p>\n<p>Fie pentru uz personal, fie ca un cadou atent, <strong>Apa de Parfum Ocean Blue<\/strong> ofer\u0103 o prezentare frumoas\u0103 \u0219i un parfum de neuitat care rezoneaz\u0103 cu elegan\u021b\u0103. Respir\u0103 prospe\u021bimea oceanului \u0219i las\u0103 fiecare pic\u0103tur\u0103 s\u0103-\u021bi aminteasc\u0103 de frumuse\u021bea \u0219i gra\u021bia naturii. \u00cembr\u0103\u021bi\u0219eaz\u0103-\u021bi esen\u021ba ast\u0103zi cu Wadi Al Khaleej \u0219i las\u0103 parfumul s\u0103-\u021bi spun\u0103 povestea. B<\/p>","protected":false},"excerpt":{"rendered":"<ul>\n<li class=\"\" data-start=\"195\" data-end=\"252\">\n<p class=\"\" data-start=\"197\" data-end=\"252\"><strong data-start=\"197\" data-end=\"213\">Note de v\u00e2rf<\/strong>: <span class=\"relative -mx-px my-[-0.2rem] rounded px-px py-[0.2rem] transition-colors duration-100 ease-in-out\">coac\u0103ze negre, m\u0103r, trifoi, note florale<\/span><\/p>\n<\/li>\n<li class=\"\" data-start=\"253\" data-end=\"312\">\n<p class=\"\" data-start=\"255\" data-end=\"312\"><strong data-start=\"255\" data-end=\"273\">Note de mijloc<\/strong>: <span class=\"relative -mx-px my-[-0.2rem] rounded px-px py-[0.2rem] transition-colors duration-100 ease-in-out\">trandafir, iasomie, piersici<\/span><\/p>\n<\/li>\n<li class=\"\" data-start=\"313\" data-end=\"414\">\n<p class=\"\" data-start=\"315\" data-end=\"414\"><strong data-start=\"315\" data-end=\"331\">Note de baz\u0103<\/strong>: <span class=\"relative -mx-px my-[-0.2rem] rounded px-px py-[0.2rem] transition-colors duration-100 ease-in-out\">patchouli, note lemnoase, mosc<\/span>\u200b<\/p>\n<\/li>\n<\/ul>","protected":false},"featured_media":1527,"comment_status":"open","ping_status":"closed","template":"","meta":{"om_disable_all_campaigns":false,"_monsterinsights_skip_tracking":false,"_monsterinsights_sitenote_active":false,"_monsterinsights_sitenote_note":"","_monsterinsights_sitenote_category":0},"product_brand":[74],"product_cat":[56],"product_tag":[],"class_list":{"0":"post-1525","1":"product","2":"type-product","3":"status-publish","4":"has-post-thumbnail","6":"product_brand-wadi-al-khaleej","7":"product_cat-pentru-ea","9":"first","10":"instock","11":"shipping-taxable","12":"purchasable","13":"product-type-simple"},"aioseo_notices":[],"ct_brands":[{"id":74,"name":"Wadi Al Khaleej","slug":"wadi-al-khaleej"}],"_links":{"self":[{"href":"https:\/\/habibimb.com\/en\/wp-json\/wp\/v2\/product\/1525","targetHints":{"allow":["GET"]}}],"collection":[{"href":"https:\/\/habibimb.com\/en\/wp-json\/wp\/v2\/product"}],"about":[{"href":"https:\/\/habibimb.com\/en\/wp-json\/wp\/v2\/types\/product"}],"replies":[{"embeddable":true,"href":"https:\/\/habibimb.com\/en\/wp-json\/wp\/v2\/comments?post=1525"}],"wp:featuredmedia":[{"embeddable":true,"href":"https:\/\/habibimb.com\/en\/wp-json\/wp\/v2\/media\/1527"}],"wp:attachment":[{"href":"https:\/\/habibimb.com\/en\/wp-json\/wp\/v2\/media?parent=1525"}],"wp:term":[{"taxonomy":"product_brand","embeddable":true,"href":"https:\/\/habibimb.com\/en\/wp-json\/wp\/v2\/product_brand?post=1525"},{"taxonomy":"product_cat","embeddable":true,"href":"https:\/\/habibimb.com\/en\/wp-json\/wp\/v2\/product_cat?post=1525"},{"taxonomy":"product_tag","embeddable":true,"href":"https:\/\/habibimb.com\/en\/wp-json\/wp\/v2\/product_tag?post=1525"}],"curies":[{"name":"wp","href":"https:\/\/api.w.org\/{rel}","templated":true}]}}