{"id":1522,"date":"2025-04-24T19:31:37","date_gmt":"2025-04-24T19:31:37","guid":{"rendered":"https:\/\/habibimb.com\/?post_type=product&#038;p=1522"},"modified":"2025-05-15T07:31:01","modified_gmt":"2025-05-15T07:31:01","slug":"apa-de-parfum-emperor-pour-wadi-al-khaleej-barbati-100ml","status":"publish","type":"product","link":"https:\/\/habibimb.com\/en\/product\/apa-de-parfum-emperor-pour-wadi-al-khaleej-barbati-100ml\/","title":{"rendered":"Emperor Pour, Wadi Al Khaleej"},"content":{"rendered":"<h2>Dezl\u0103n\u021buie-\u021bi maiestatea interioar\u0103 cu Emperor Pour<\/h2>\n<p>V\u0103 prezent\u0103m Apa de Parfum Emperor Pour de Wadi Al Khaleej, un parfum captivant care \u00eentruchipeaz\u0103 esen\u021ba luxului \u0219i a distinc\u021biei. Creat pentru cei care apreciaz\u0103 lucrurile fine din via\u021b\u0103, acest parfum rafinat te transport\u0103 \u00eentr-o lume a rafinamentului \u0219i a elegan\u021bei. Cu o sticl\u0103 generoas\u0103 de 100 ml, acest parfum este conceput pentru a l\u0103sa o impresie de durat\u0103, capt\u00e2nd aten\u021bia tuturor celor din jurul t\u0103u.<\/p>\n<h2>O simfonie de note care te definesc<\/h2>\n<p>Emperor Pour nu este doar un parfum; este o experien\u021b\u0103. Acest amestec unic se deschide cu note de v\u00e2rf proaspete, revigorante, care trezesc sim\u021burile, conduc\u00e2ndu-te \u00eentr-o inim\u0103 \u00eembog\u0103\u021bit\u0103 cu nuan\u021be florale \u0219i lemnoase. Notele de baz\u0103 ancoreaz\u0103 acest parfum cu acorduri calde, senzuale, care persist\u0103 pe pielea ta. Fiecare spray este o invita\u021bie de a explora un nou strat de parfum, care reflect\u0103 individualitatea \u0219i farmecul t\u0103u.<\/p>\n<h2>Perfect pentru orice ocazie<\/h2>\n<p>Fie c\u0103 participa\u021bi la un eveniment formal, v\u0103 bucura\u021bi de o sear\u0103 \u00een ora\u0219 sau pur \u0219i simplu v\u0103 \u00eembun\u0103t\u0103\u021bi\u021bi rutina de zi cu zi, Apa de Parfum Emperor Pour este \u00eenso\u021bitorul perfect. Profilul s\u0103u olfactiv versatil \u00eel face potrivit at\u00e2t pentru purtarea zilei, c\u00e2t \u0219i pentru elegan\u021ba de sear\u0103. Trece\u021bi f\u0103r\u0103 efort de la munc\u0103 la distrac\u021bie cu acest parfum captivant care spune multe despre gustul dumneavoastr\u0103 \u00een lux.<\/p>\n<p>Imagineaz\u0103-\u021bi \u00eencrederea pe care o vei sim\u021bi atunci c\u00e2nd por\u021bi acest parfum sofisticat. Este conceput nu doar pentru a fi purtat, ci \u0219i pentru a fi pre\u021buit. Pu\u021bin merge mult, f\u0103c\u00e2nd din fiecare sticl\u0103 o investi\u021bie util\u0103 \u00een stilul t\u0103u personal. R\u0103sf\u0103\u021ba\u021bi-v\u0103 pe dumneavoastr\u0103 sau pe o persoan\u0103 drag\u0103 cu darul \u00cemp\u0103ratului Pour, pentru c\u0103 toat\u0103 lumea merit\u0103 o not\u0103 de regalitate \u00een via\u021ba lor.<\/p>\n<p>P\u0103\u0219e\u0219te \u00eentr-un t\u0103r\u00e2m al elegan\u021bei \u0219i farmecului cu Emperor Pour, al lui Wadi Al Khaleej. \u00cembun\u0103t\u0103\u021be\u0219te-\u021bi colec\u021bia de parfumuri \u0219i f\u0103 fiecare moment memorabil.<\/p>","protected":false},"excerpt":{"rendered":"<p><strong>Note de v\u00e2rf:<\/strong>\u00a0Bergamot\u0103;<\/p>\n<p><strong>Note de mijloc:<\/strong>\u00a0Oud, Ylang \u2013 ylang, Crin de vale;<\/p>\n<p><strong>Note de baz\u0103:<\/strong>\u00a0Mesteac\u0103n, Patchouli, Mosc.<\/p>","protected":false},"featured_media":1524,"comment_status":"open","ping_status":"closed","template":"","meta":{"om_disable_all_campaigns":false,"_monsterinsights_skip_tracking":false,"_monsterinsights_sitenote_active":false,"_monsterinsights_sitenote_note":"","_monsterinsights_sitenote_category":0},"product_brand":[74],"product_cat":[55],"product_tag":[],"class_list":{"0":"post-1522","1":"product","2":"type-product","3":"status-publish","4":"has-post-thumbnail","6":"product_brand-wadi-al-khaleej","7":"product_cat-pentru-el","9":"first","10":"instock","11":"shipping-taxable","12":"purchasable","13":"product-type-simple"},"aioseo_notices":[],"ct_brands":[{"id":74,"name":"Wadi Al Khaleej","slug":"wadi-al-khaleej"}],"_links":{"self":[{"href":"https:\/\/habibimb.com\/en\/wp-json\/wp\/v2\/product\/1522","targetHints":{"allow":["GET"]}}],"collection":[{"href":"https:\/\/habibimb.com\/en\/wp-json\/wp\/v2\/product"}],"about":[{"href":"https:\/\/habibimb.com\/en\/wp-json\/wp\/v2\/types\/product"}],"replies":[{"embeddable":true,"href":"https:\/\/habibimb.com\/en\/wp-json\/wp\/v2\/comments?post=1522"}],"wp:featuredmedia":[{"embeddable":true,"href":"https:\/\/habibimb.com\/en\/wp-json\/wp\/v2\/media\/1524"}],"wp:attachment":[{"href":"https:\/\/habibimb.com\/en\/wp-json\/wp\/v2\/media?parent=1522"}],"wp:term":[{"taxonomy":"product_brand","embeddable":true,"href":"https:\/\/habibimb.com\/en\/wp-json\/wp\/v2\/product_brand?post=1522"},{"taxonomy":"product_cat","embeddable":true,"href":"https:\/\/habibimb.com\/en\/wp-json\/wp\/v2\/product_cat?post=1522"},{"taxonomy":"product_tag","embeddable":true,"href":"https:\/\/habibimb.com\/en\/wp-json\/wp\/v2\/product_tag?post=1522"}],"curies":[{"name":"wp","href":"https:\/\/api.w.org\/{rel}","templated":true}]}}