{"id":1519,"date":"2025-04-24T19:28:51","date_gmt":"2025-04-24T19:28:51","guid":{"rendered":"https:\/\/habibimb.com\/?post_type=product&#038;p=1519"},"modified":"2025-11-21T07:08:01","modified_gmt":"2025-11-21T07:08:01","slug":"extract-de-parfum-royal-stag-prestige-wadi-al-khaleej-unisex-100ml","status":"publish","type":"product","link":"https:\/\/habibimb.com\/en\/product\/extract-de-parfum-royal-stag-prestige-wadi-al-khaleej-unisex-100ml\/","title":{"rendered":"Royal Stag Prestige, Wadi Al Khaleej"},"content":{"rendered":"<h2>Descoperi\u021bi esen\u021ba Royal Stag Prestige<\/h2>\n<p>V\u0103 prezent\u0103m Extract de Parfum Royal Stag Prestige de Wadi Al Khaleej, un parfum unisex rafinat conceput pentru a evoca un sentiment de rafinament \u0219i lux. Aceast\u0103 sticl\u0103 de 100 ml con\u021bine un parfum atent creat care transcende normele tradi\u021bionale de gen, f\u0103c\u00e2ndu-l completarea perfect\u0103 pentru colec\u021bia de parfumuri a oricui.<\/p>\n<h2>Note elegante adaptate tuturor<\/h2>\n<p>Parfumul Royal Stag Prestige \u00eembin\u0103 armonios notele bogate \u0219i aromate, asigur\u00e2nd o experien\u021b\u0103 olfactiv\u0103 unic\u0103 at\u00e2t pentru b\u0103rba\u021bi, c\u00e2t \u0219i pentru femei. Compozi\u021bia sa prezint\u0103 note de v\u00e2rf de citrice r\u0103coritoare care trezesc sim\u021burile, urmate de o inim\u0103 atr\u0103g\u0103toare de nuan\u021be florale \u0219i lemnoase. Notele de baz\u0103, cu note de mosc \u0219i chihlimbar, ofer\u0103 un final de lung\u0103 durat\u0103 care persist\u0103 pe tot parcursul zilei, f\u0103c\u00e2ndu-l o alegere ideal\u0103 pentru diverse ocazii.<\/p>\n<h2>Versatil \u0219i luxos<\/h2>\n<p>Fie c\u0103 te \u00eembraci pentru un eveniment formal, mergi la birou sau pur \u0219i simplu te bucuri de o zi informal\u0103, Extract de Parfum Royal Stag Prestige este suficient de versatil pentru a se potrivi oric\u0103rui decor. Mirosul s\u0103u elegant face o declara\u021bie, eman\u00e2nd \u00eencredere \u0219i farmec. \u00cen plus, ambalajul uimitor adaug\u0103 o not\u0103 de lux, f\u0103c\u00e2ndu-l un cadou minunat pentru cineva special sau chiar un r\u0103sf\u0103\u021b pentru tine.<\/p>\n<p>R\u0103sf\u0103\u021ba\u021bi-v\u0103 cu experien\u021ba de lux care este Royal Stag Prestige de la Wadi Al Khaleej. Acest parfum unisex nu este doar un accesoriu; este o expresie a individualit\u0103\u021bii \u0219i stilului t\u0103u. Ridic\u0103-\u021bi jocul de parfumuri cu acest parfum captivant \u0219i \u00eembr\u0103\u021bi\u0219eaz\u0103 bog\u0103\u021bia at\u00e2t a tradi\u021biei, c\u00e2t \u0219i a modernit\u0103\u021bii!<\/p>","protected":false},"excerpt":{"rendered":"<p><strong>Note de varf:<\/strong>\u00a0Mandarina, Grapefruit, Menta<br \/>\n<strong>Note de mijloc:<\/strong>\u00a0Scortisoara, Trandafir, Note picante<br \/>\n<strong>Note de baza:<\/strong>\u00a0Vanilie, Ambra, Note lemnoase<\/p>","protected":false},"featured_media":1521,"comment_status":"open","ping_status":"closed","template":"","meta":{"om_disable_all_campaigns":false,"_monsterinsights_skip_tracking":false,"_monsterinsights_sitenote_active":false,"_monsterinsights_sitenote_note":"","_monsterinsights_sitenote_category":0},"product_brand":[74],"product_cat":[58,57],"product_tag":[],"class_list":{"0":"post-1519","1":"product","2":"type-product","3":"status-publish","4":"has-post-thumbnail","6":"product_brand-wadi-al-khaleej","7":"product_cat-extracte-si-esente","8":"product_cat-unisex","10":"first","11":"instock","12":"shipping-taxable","13":"purchasable","14":"product-type-simple"},"aioseo_notices":[],"ct_brands":[{"id":74,"name":"Wadi Al Khaleej","slug":"wadi-al-khaleej"}],"_links":{"self":[{"href":"https:\/\/habibimb.com\/en\/wp-json\/wp\/v2\/product\/1519","targetHints":{"allow":["GET"]}}],"collection":[{"href":"https:\/\/habibimb.com\/en\/wp-json\/wp\/v2\/product"}],"about":[{"href":"https:\/\/habibimb.com\/en\/wp-json\/wp\/v2\/types\/product"}],"replies":[{"embeddable":true,"href":"https:\/\/habibimb.com\/en\/wp-json\/wp\/v2\/comments?post=1519"}],"wp:featuredmedia":[{"embeddable":true,"href":"https:\/\/habibimb.com\/en\/wp-json\/wp\/v2\/media\/1521"}],"wp:attachment":[{"href":"https:\/\/habibimb.com\/en\/wp-json\/wp\/v2\/media?parent=1519"}],"wp:term":[{"taxonomy":"product_brand","embeddable":true,"href":"https:\/\/habibimb.com\/en\/wp-json\/wp\/v2\/product_brand?post=1519"},{"taxonomy":"product_cat","embeddable":true,"href":"https:\/\/habibimb.com\/en\/wp-json\/wp\/v2\/product_cat?post=1519"},{"taxonomy":"product_tag","embeddable":true,"href":"https:\/\/habibimb.com\/en\/wp-json\/wp\/v2\/product_tag?post=1519"}],"curies":[{"name":"wp","href":"https:\/\/api.w.org\/{rel}","templated":true}]}}