{"id":1516,"date":"2025-04-24T19:26:33","date_gmt":"2025-04-24T19:26:33","guid":{"rendered":"https:\/\/habibimb.com\/?post_type=product&#038;p=1516"},"modified":"2025-05-15T07:31:01","modified_gmt":"2025-05-15T07:31:01","slug":"apa-de-parfum-amber-leather-wadi-al-khaleej-unisex-100ml","status":"publish","type":"product","link":"https:\/\/habibimb.com\/en\/product\/apa-de-parfum-amber-leather-wadi-al-khaleej-unisex-100ml\/","title":{"rendered":"Amber Leather, Wadi Al Khaleej"},"content":{"rendered":"<h2>Experimenta\u021bi farmecul pielii de chihlimbar<\/h2>\n<p>Descoperi\u021bi amestecul rafinat de rafinament \u0219i senzualitate cu pielea Apa de Parfum Amber de Wadi Al Khaleej. Acest parfum unisex unic este creat pentru cei care doresc s\u0103 lase o impresie de durat\u0103, \u00eentruchip\u00e2nd un sentiment de elegan\u021b\u0103 \u0219i mister. Cu notele sale bogate \u0219i esen\u021ba luxoas\u0103, te vei sim\u021bi captivat de acest parfum rafinat, ideal pentru orice ocazie.<\/p>\n<h2>\u0218oapte de ingrediente exotice<\/h2>\n<p>Amber Leather se deschide cu o explozie vibrant\u0103 de condimente aromate, urmat\u0103 de o inim\u0103 de piele cremoas\u0103 care se \u00eemplete\u0219te perfect cu chihlimbarul cald. Combina\u021bia creeaz\u0103 un parfum care este at\u00e2t \u00eendr\u0103zne\u021b, c\u00e2t \u0219i primitor, rezon\u00e2nd cu persoanele care apreciaz\u0103 profunzimea parfumului lor. Nuan\u021be subtile de nuan\u021be florale \u0219i lemnoase completeaz\u0103 experien\u021ba, f\u0103c\u00e2nd acest parfum ideal pentru utilizare zi sau noapte.<\/p>\n<h2>O sticl\u0103 de lux<\/h2>\n<p>Prezentat \u00eentr-o sticl\u0103 elegant\u0103 de 100 ml, Apa de Parfum Amber Leather nu este doar un parfum; este o declara\u021bie. Designul reflect\u0103 con\u021binutul luxos din interior, f\u0103c\u00e2ndu-l un plus perfect pentru colec\u021bia ta sau un cadou pre\u021bios pentru cineva special. Potrivit pentru toate genurile, acest parfum unisex se adapteaz\u0103 frumos fiec\u0103rui purt\u0103tor, cre\u00e2nd un parfum unic care spune multe despre stilul \u0219i gustul personal.<\/p>\n<p>\u00cembr\u0103\u021bi\u0219eaz\u0103 farmecul Apa de Parfum Amber Leather ast\u0103zi \u0219i las\u0103-l s\u0103-\u021bi transforme rutina zilnic\u0103 \u00eentr-o c\u0103l\u0103torie olfactiv\u0103 extraordinar\u0103.<\/p>","protected":false},"excerpt":{"rendered":"<p>Inspirat din Tom Ford Ombre Leather<\/p>\n<p>&nbsp;<\/p>\n<ul>\n<li class=\"\" data-start=\"195\" data-end=\"252\">\n<p class=\"\" data-start=\"197\" data-end=\"252\"><strong data-start=\"197\" data-end=\"213\">Note de v\u00e2rf<\/strong>: <span class=\"relative -mx-px my-[-0.2rem] rounded px-px py-[0.2rem] transition-colors duration-100 ease-in-out\">Cardamom<\/span><\/p>\n<\/li>\n<li class=\"\" data-start=\"253\" data-end=\"312\">\n<p class=\"\" data-start=\"255\" data-end=\"312\"><strong data-start=\"255\" data-end=\"273\">Note de mijloc<\/strong>: <span class=\"relative -mx-px my-[-0.2rem] rounded px-px py-[0.2rem] transition-colors duration-100 ease-in-out\">Iasomie, Violete, Patchouli<\/span><\/p>\n<\/li>\n<li class=\"\" data-start=\"313\" data-end=\"414\">\n<p class=\"\" data-start=\"315\" data-end=\"414\"><strong data-start=\"315\" data-end=\"331\">Note de baz\u0103<\/strong>: <span class=\"relative -mx-px my-[-0.2rem] rounded px-px py-[0.2rem] transition-colors duration-100 ease-in-out\">Ambr\u0103, Note de piele, Lichen<\/span>\u200b<\/p>\n<\/li>\n<\/ul>","protected":false},"featured_media":1518,"comment_status":"open","ping_status":"closed","template":"","meta":{"om_disable_all_campaigns":false,"_monsterinsights_skip_tracking":false,"_monsterinsights_sitenote_active":false,"_monsterinsights_sitenote_note":"","_monsterinsights_sitenote_category":0},"product_brand":[74],"product_cat":[57],"product_tag":[],"class_list":{"0":"post-1516","1":"product","2":"type-product","3":"status-publish","4":"has-post-thumbnail","6":"product_brand-wadi-al-khaleej","7":"product_cat-unisex","9":"first","10":"instock","11":"shipping-taxable","12":"purchasable","13":"product-type-simple"},"aioseo_notices":[],"ct_brands":[{"id":74,"name":"Wadi Al Khaleej","slug":"wadi-al-khaleej"}],"_links":{"self":[{"href":"https:\/\/habibimb.com\/en\/wp-json\/wp\/v2\/product\/1516","targetHints":{"allow":["GET"]}}],"collection":[{"href":"https:\/\/habibimb.com\/en\/wp-json\/wp\/v2\/product"}],"about":[{"href":"https:\/\/habibimb.com\/en\/wp-json\/wp\/v2\/types\/product"}],"replies":[{"embeddable":true,"href":"https:\/\/habibimb.com\/en\/wp-json\/wp\/v2\/comments?post=1516"}],"wp:featuredmedia":[{"embeddable":true,"href":"https:\/\/habibimb.com\/en\/wp-json\/wp\/v2\/media\/1518"}],"wp:attachment":[{"href":"https:\/\/habibimb.com\/en\/wp-json\/wp\/v2\/media?parent=1516"}],"wp:term":[{"taxonomy":"product_brand","embeddable":true,"href":"https:\/\/habibimb.com\/en\/wp-json\/wp\/v2\/product_brand?post=1516"},{"taxonomy":"product_cat","embeddable":true,"href":"https:\/\/habibimb.com\/en\/wp-json\/wp\/v2\/product_cat?post=1516"},{"taxonomy":"product_tag","embeddable":true,"href":"https:\/\/habibimb.com\/en\/wp-json\/wp\/v2\/product_tag?post=1516"}],"curies":[{"name":"wp","href":"https:\/\/api.w.org\/{rel}","templated":true}]}}