{"id":1512,"date":"2025-04-24T18:58:16","date_gmt":"2025-04-24T18:58:16","guid":{"rendered":"https:\/\/habibimb.com\/?post_type=product&#038;p=1512"},"modified":"2025-05-15T07:31:01","modified_gmt":"2025-05-15T07:31:01","slug":"extract-de-parfum-sublime-fragrance-deluxefemei-100ml","status":"publish","type":"product","link":"https:\/\/habibimb.com\/en\/product\/extract-de-parfum-sublime-fragrance-deluxefemei-100ml\/","title":{"rendered":"Sublime, Fragrance Deluxe"},"content":{"rendered":"<h2>Experimenta\u021bi luxul cu Extract de Parfum Sublime<\/h2>\n<p>R\u0103sf\u0103\u021ba\u021bi-v\u0103 cu alura captivant\u0103 a Extract de Parfum Sublime, un parfum de lux care \u00eentruchipeaz\u0103 rafinamentul \u0219i elegan\u021ba. Acest parfum rafinat de 100 ml este creat pentru femeile care doresc s\u0103 fac\u0103 o declara\u021bie, eman\u00e2nd \u00eencredere \u0219i farmec cu fiecare spray. \u00cenv\u0103lui\u021bi-v\u0103 \u00eentr-o c\u0103l\u0103torie aromat\u0103 care v\u0103 transport\u0103 \u00eentr-o lume a luxului \u0219i a gra\u021biei, asigur\u00e2ndu-v\u0103 c\u0103 ie\u0219i\u021bi \u00een eviden\u021b\u0103 \u00een orice mul\u021bime.<\/p>\n<h2>Un amestec perfect de note parfumate<\/h2>\n<p>Extract de Parfum Sublime este o compozi\u021bie magistral\u0103 de note bogate \u0219i armonioase. Parfumul se deschide cu o explozie de tonuri florale proaspete, trec\u00e2nd f\u0103r\u0103 probleme \u00een note de inim\u0103 care reflect\u0103 c\u0103ldura \u0219i feminitatea. Pe m\u0103sur\u0103 ce se a\u0219eaz\u0103, notele de baz\u0103 atr\u0103g\u0103toare ofer\u0103 o esen\u021b\u0103 persistent\u0103 care nu numai c\u0103 captiveaz\u0103 sim\u021burile, dar las\u0103 \u0219i o impresie memorabil\u0103. Fiecare strat se desf\u0103\u0219oar\u0103 frumos, cre\u00e2nd o semn\u0103tur\u0103 unic\u0103 care este inconfundabil a ta.<\/p>\n<h2>De ce s\u0103 alegi Extract de Parfum Sublime?<\/h2>\n<p>Acest parfum de lux nu este doar un parfum; Este o experien\u021b\u0103 care \u00ee\u021bi \u00eembun\u0103t\u0103\u021be\u0219te ritualul zilnic. Cu formula sa de lung\u0103 durat\u0103, Extract de Parfum Sublime v\u0103 asigur\u0103 c\u0103 purta\u021bi o aur\u0103 de elegan\u021b\u0103 pe tot parcursul zilei \u0219i p\u00e2n\u0103 \u00een noapte. Perfect at\u00e2t pentru ocazii speciale, c\u00e2t \u0219i pentru purtarea de zi cu zi, acest parfum v\u0103 permite s\u0103 v\u0103 exprima\u021bi individualitatea. \u00cembun\u0103t\u0103\u021be\u0219te-\u021bi colec\u021bia de parfumuri cu acest adaos de lux care promite s\u0103 \u00eenc\u00e2nte \u0219i s\u0103 inspire.<\/p>\n<p>Descoperi\u021bi esen\u021ba elegan\u021bei cu Extract de Parfum Sublime, unde fiecare pic\u0103tur\u0103 eman\u0103 lux. R\u0103sf\u0103\u021ba\u021bi-v\u0103 sau d\u0103rui\u021bi-l unei persoane dragi; Acest parfum clasic este o alegere atemporal\u0103 care rezoneaz\u0103 cu rafinamentul. Nu rata\u021bi \u0219ansa de a experimenta acest parfum de lux care define\u0219te feminitatea modern\u0103.<\/p>","protected":false},"excerpt":{"rendered":"<ul>\n<li class=\"\" data-start=\"553\" data-end=\"629\">\n<p class=\"\" data-start=\"555\" data-end=\"629\"><strong data-start=\"555\" data-end=\"571\">Note de v\u00e2rf<\/strong>: fructe proaspete sau citrice (pentru un \u00eenceput vibrant)<\/p>\n<\/li>\n<li class=\"\" data-start=\"630\" data-end=\"719\">\n<p class=\"\" data-start=\"632\" data-end=\"719\"><strong data-start=\"632\" data-end=\"650\">Note de mijloc<\/strong>: flori delicate sau accente dulci (pentru o ad\u00e2ncire a caracterului)<\/p>\n<\/li>\n<li class=\"\" data-start=\"720\" data-end=\"797\">\n<p class=\"\" data-start=\"722\" data-end=\"797\"><strong data-start=\"722\" data-end=\"738\">Note de baz\u0103<\/strong>: lemn, mosc sau vanilie (pentru persisten\u021b\u0103 \u0219i profunzime)<\/p>\n<\/li>\n<\/ul>","protected":false},"featured_media":1514,"comment_status":"open","ping_status":"closed","template":"","meta":{"om_disable_all_campaigns":false,"_monsterinsights_skip_tracking":false,"_monsterinsights_sitenote_active":false,"_monsterinsights_sitenote_note":"","_monsterinsights_sitenote_category":0},"product_brand":[75],"product_cat":[58,56],"product_tag":[],"class_list":{"0":"post-1512","1":"product","2":"type-product","3":"status-publish","4":"has-post-thumbnail","6":"product_brand-fragrance-deluxe","7":"product_cat-extracte-si-esente","8":"product_cat-pentru-ea","10":"first","11":"instock","12":"shipping-taxable","13":"purchasable","14":"product-type-simple"},"aioseo_notices":[],"ct_brands":[{"id":75,"name":"Fragrance Deluxe","slug":"fragrance-deluxe"}],"_links":{"self":[{"href":"https:\/\/habibimb.com\/en\/wp-json\/wp\/v2\/product\/1512","targetHints":{"allow":["GET"]}}],"collection":[{"href":"https:\/\/habibimb.com\/en\/wp-json\/wp\/v2\/product"}],"about":[{"href":"https:\/\/habibimb.com\/en\/wp-json\/wp\/v2\/types\/product"}],"replies":[{"embeddable":true,"href":"https:\/\/habibimb.com\/en\/wp-json\/wp\/v2\/comments?post=1512"}],"wp:featuredmedia":[{"embeddable":true,"href":"https:\/\/habibimb.com\/en\/wp-json\/wp\/v2\/media\/1514"}],"wp:attachment":[{"href":"https:\/\/habibimb.com\/en\/wp-json\/wp\/v2\/media?parent=1512"}],"wp:term":[{"taxonomy":"product_brand","embeddable":true,"href":"https:\/\/habibimb.com\/en\/wp-json\/wp\/v2\/product_brand?post=1512"},{"taxonomy":"product_cat","embeddable":true,"href":"https:\/\/habibimb.com\/en\/wp-json\/wp\/v2\/product_cat?post=1512"},{"taxonomy":"product_tag","embeddable":true,"href":"https:\/\/habibimb.com\/en\/wp-json\/wp\/v2\/product_tag?post=1512"}],"curies":[{"name":"wp","href":"https:\/\/api.w.org\/{rel}","templated":true}]}}