{"id":1509,"date":"2025-04-24T18:54:00","date_gmt":"2025-04-24T18:54:00","guid":{"rendered":"https:\/\/habibimb.com\/?post_type=product&#038;p=1509"},"modified":"2026-01-23T10:55:17","modified_gmt":"2026-01-23T10:55:17","slug":"apa-de-parfum-joud-wadi-al-khaleej-femei-100ml","status":"publish","type":"product","link":"https:\/\/habibimb.com\/en\/product\/apa-de-parfum-joud-wadi-al-khaleej-femei-100ml\/","title":{"rendered":"Joud, Wadi Al Khaleej"},"content":{"rendered":"<h2>\u00cenal\u021b\u0103-\u021bi sim\u021burile cu Apa de Parfum Joud<\/h2>\n<p>Descoper\u0103 alura \u00eenc\u00e2nt\u0103toare a Apa de Parfum Joud, Wadi Al Khaleej pentru femei, un parfum care evoc\u0103 esen\u021ba elegan\u021bei \u0219i rafinamentului. Acest parfum captivant este special conceput pentru a v\u0103 ridica prezen\u021ba, f\u0103c\u00e2ndu-l o alegere perfect\u0103 pentru orice ocazie. \u00cenvelit \u00eentr-o sticl\u0103 frumos realizat\u0103, acest parfum de 100 ml ofer\u0103 un amestec unic de note luxoase care r\u0103m\u00e2n delicat pe piele, l\u0103s\u00e2nd o impresie de durat\u0103.<\/p>\n<h2>Un amestec armonios de note florale \u0219i lemnoase<\/h2>\n<p>Apa de Parfum Joud se deschide cu o explozie r\u0103coritoare de note florale, \u00eenv\u0103luindu-te \u00eentr-un buchet de iasomie \u0219i trandafir. Aceste note ini\u021biale trec f\u0103r\u0103 probleme \u00eentr-o baz\u0103 cald\u0103, lemnoas\u0103, care prezint\u0103 note de lemn de cedru \u0219i lemn de santal, cre\u00e2nd un profil olfactiv bine rotunjit, care se simte at\u00e2t vibrant, c\u00e2t \u0219i \u00eemp\u0103m\u00e2ntat. Acest amestec armonios asigur\u0103 c\u0103 fiecare pulverizare de Joud nu este doar un parfum, ci o experien\u021b\u0103, sporindu-\u021bi carisma \u0219i farmecul natural.<\/p>\n<h2>Perfect pentru fiecare femeie<\/h2>\n<p>Fie c\u0103 te preg\u0103te\u0219ti pentru o zi plin\u0103 la serviciu, o cin\u0103 romantic\u0103 sau o ie\u0219ire casual cu prietenii, Apa de Parfum Joud este \u00eenso\u021bitorul ideal. Versatilitatea sa \u00eel face potrivit pentru toate ocaziile, permi\u021b\u00e2ndu-v\u0103 s\u0103 v\u0103 sim\u021bi\u021bi \u00eencrez\u0103tor \u0219i \u00eemputernicit, indiferent de cadru. \u00cen plus, dimensiunea de 100 ml este perfect\u0103 pentru c\u0103l\u0103torii, \u00eenc\u0103p\u00e2ndu-se perfect \u00een geant\u0103 sau bagaj, astfel \u00eenc\u00e2t s\u0103 v\u0103 pute\u021bi re\u00eemprosp\u0103ta parfumul oric\u00e2nd \u0219i oriunde.<\/p>\n<p>\u00cembr\u0103\u021bi\u0219eaz\u0103 esen\u021ba elegan\u021bei cu Apa de Parfum Joud, Wadi Al Khaleej. Face\u021bi o declara\u021bie f\u0103r\u0103 a spune un cuv\u00e2nt \u0219i l\u0103sa\u021bi parfumul s\u0103 reflecte femeia unic\u0103 care sunte\u021bi. \u00cencerca\u021bi-l ast\u0103zi \u0219i transforma\u021bi obi\u0219nuitul \u00een extraordinar cu fiecare pulverizare!<\/p>","protected":false},"excerpt":{"rendered":"<ul>\n<li class=\"\" data-start=\"162\" data-end=\"219\">\n<p class=\"\" data-start=\"164\" data-end=\"219\"><strong data-start=\"164\" data-end=\"180\">Note de v\u00e2rf<\/strong>: <span class=\"relative -mx-px my-[-0.2rem] rounded px-px py-[0.2rem] transition-colors duration-100 ease-in-out\">\u0219ofran, scor\u021bi\u0219oar\u0103, cui\u0219oare, nuc\u0219oar\u0103<\/span><\/p>\n<\/li>\n<li class=\"\" data-start=\"220\" data-end=\"279\">\n<p class=\"\" data-start=\"222\" data-end=\"279\"><strong data-start=\"222\" data-end=\"240\">Note de mijloc<\/strong>: <span class=\"relative -mx-px my-[-0.2rem] rounded px-px py-[0.2rem] transition-colors duration-100 ease-in-out\">ambretta, vanilie, note cremoase<\/span><\/p>\n<\/li>\n<li class=\"\" data-start=\"280\" data-end=\"381\">\n<p class=\"\" data-start=\"282\" data-end=\"381\"><strong data-start=\"282\" data-end=\"298\">Note de baz\u0103<\/strong>: <span class=\"relative -mx-px my-[-0.2rem] rounded px-px py-[0.2rem] transition-colors duration-100 ease-in-out\">mosc, ambr\u0103, boabe tonka<\/span>\u200b<\/p>\n<\/li>\n<\/ul>","protected":false},"featured_media":1511,"comment_status":"open","ping_status":"closed","template":"","meta":{"om_disable_all_campaigns":false,"_monsterinsights_skip_tracking":false,"_monsterinsights_sitenote_active":false,"_monsterinsights_sitenote_note":"","_monsterinsights_sitenote_category":0},"product_brand":[74],"product_cat":[56],"product_tag":[],"class_list":{"0":"post-1509","1":"product","2":"type-product","3":"status-publish","4":"has-post-thumbnail","6":"product_brand-wadi-al-khaleej","7":"product_cat-pentru-ea","9":"first","10":"instock","11":"shipping-taxable","12":"purchasable","13":"product-type-simple"},"aioseo_notices":[],"ct_brands":[{"id":74,"name":"Wadi Al Khaleej","slug":"wadi-al-khaleej"}],"_links":{"self":[{"href":"https:\/\/habibimb.com\/en\/wp-json\/wp\/v2\/product\/1509","targetHints":{"allow":["GET"]}}],"collection":[{"href":"https:\/\/habibimb.com\/en\/wp-json\/wp\/v2\/product"}],"about":[{"href":"https:\/\/habibimb.com\/en\/wp-json\/wp\/v2\/types\/product"}],"replies":[{"embeddable":true,"href":"https:\/\/habibimb.com\/en\/wp-json\/wp\/v2\/comments?post=1509"}],"wp:featuredmedia":[{"embeddable":true,"href":"https:\/\/habibimb.com\/en\/wp-json\/wp\/v2\/media\/1511"}],"wp:attachment":[{"href":"https:\/\/habibimb.com\/en\/wp-json\/wp\/v2\/media?parent=1509"}],"wp:term":[{"taxonomy":"product_brand","embeddable":true,"href":"https:\/\/habibimb.com\/en\/wp-json\/wp\/v2\/product_brand?post=1509"},{"taxonomy":"product_cat","embeddable":true,"href":"https:\/\/habibimb.com\/en\/wp-json\/wp\/v2\/product_cat?post=1509"},{"taxonomy":"product_tag","embeddable":true,"href":"https:\/\/habibimb.com\/en\/wp-json\/wp\/v2\/product_tag?post=1509"}],"curies":[{"name":"wp","href":"https:\/\/api.w.org\/{rel}","templated":true}]}}