{"id":1505,"date":"2025-04-24T18:50:57","date_gmt":"2025-04-24T18:50:57","guid":{"rendered":"https:\/\/habibimb.com\/?post_type=product&#038;p=1505"},"modified":"2025-05-15T07:31:01","modified_gmt":"2025-05-15T07:31:01","slug":"apa-de-parfum-freshly-riiffs-barbati-100ml","status":"publish","type":"product","link":"https:\/\/habibimb.com\/en\/product\/apa-de-parfum-freshly-riiffs-barbati-100ml\/","title":{"rendered":"Freshly, Riiffs"},"content":{"rendered":"<h2>Dezl\u0103n\u021buie esen\u021ba prospe\u021bimii<\/h2>\n<p>Descoper\u0103 alura captivant\u0103 a Apa de Parfum Freshly de Riiffs, un parfum conceput cu meticulozitate pentru gentlemanul exigent. Aceast\u0103 ap\u0103 de parfum de 100 ml \u00eentruchipeaz\u0103 un echilibru perfect \u00eentre prospe\u021bime revigorant\u0103 \u0219i rafinament. C\u0103l\u0103toria olfactiv\u0103 \u00eencepe cu note de v\u00e2rf vibrante care v\u0103 trezesc sim\u021burile, preg\u0103tind scena pentru o experien\u021b\u0103 cu adev\u0103rat revigorant\u0103.<\/p>\n<h2>Creat pentru b\u0103rbatul modern<\/h2>\n<p>Cu fiecare pulverizare de Apa de Parfum Freshly, \u00eembr\u0103\u021bi\u0219ezi o arom\u0103 versatil\u0103 care trece f\u0103r\u0103 probleme de la zi la noapte. Miezul acestui parfum prezint\u0103 un amestec de elemente aromatice care evoc\u0103 un sentiment de energie \u0219i \u00eencredere, f\u0103c\u00e2ndu-l ideal at\u00e2t pentru ie\u0219iri casual, c\u00e2t \u0219i pentru ocazii formale. Aceast\u0103 compozi\u021bie unic\u0103 reflect\u0103 stilul de via\u021b\u0103 dinamic al b\u0103rbatului modern de ast\u0103zi, ridic\u00e2ndu-\u021bi f\u0103r\u0103 efort prezen\u021ba oriunde te-ai duce.<\/p>\n<h2>Cadoul perfect pentru fiecare ocazie<\/h2>\n<p>Fie c\u0103 v\u0103 r\u0103sf\u0103\u021ba\u021bi sau c\u0103uta\u021bi cadoul perfect, Apa de Parfum Freshly este o alegere ideal\u0103. \u00cencapsulat \u00eentr-o sticl\u0103 elegant\u0103, nu numai c\u0103 simbolizeaz\u0103 luxul, ci reprezint\u0103 \u0219i considera\u021bia atent\u0103 pentru destinatar. Este o completare atemporal\u0103 a oric\u0103rei colec\u021bii de parfumuri, f\u0103c\u00e2ndu-l potrivit pentru zile de na\u0219tere, anivers\u0103ri sau chiar doar pentru a-\u0219i exprima aprecierea fa\u021b\u0103 de cineva special.<\/p>\n<p>Experimenta\u021bi calitatea excep\u021bional\u0103 \u0219i aten\u021bia la detalii pentru care Riiffs este cunoscut cu Apa de Parfum Freshly. R\u0103sf\u0103\u021ba\u021bi-v\u0103 cu rafinamentul care re\u00eemprosp\u0103teaz\u0103 spiritul \u0219i las\u0103 o impresie de durat\u0103. Face\u021bi din acest parfum rafinat parfumul vostru semn\u0103tur\u0103 ast\u0103zi!<\/p>","protected":false},"excerpt":{"rendered":"<p><strong>Note de v\u00e2rf:<\/strong>\u00a0Bergamot\u0103, L\u0103m\u00e2ie, Petitgrain, Verbena;<\/p>\n<p><strong>Note de mijloc:<\/strong>\u00a0Lavand\u0103, Neroli, Salvie;<\/p>\n<p><strong>Note de baz\u0103:<\/strong>\u00a0Ambr\u0103 cenu\u0219ie, Boabe de tonka, Vetiver.<\/p>","protected":false},"featured_media":1507,"comment_status":"open","ping_status":"closed","template":"","meta":{"om_disable_all_campaigns":false,"_monsterinsights_skip_tracking":false,"_monsterinsights_sitenote_active":false,"_monsterinsights_sitenote_note":"","_monsterinsights_sitenote_category":0},"product_brand":[73],"product_cat":[55],"product_tag":[],"class_list":{"0":"post-1505","1":"product","2":"type-product","3":"status-publish","4":"has-post-thumbnail","6":"product_brand-riiffs","7":"product_cat-pentru-el","9":"first","10":"instock","11":"shipping-taxable","12":"purchasable","13":"product-type-simple"},"aioseo_notices":[],"ct_brands":[{"id":73,"name":"Riiffs","slug":"riiffs"}],"_links":{"self":[{"href":"https:\/\/habibimb.com\/en\/wp-json\/wp\/v2\/product\/1505","targetHints":{"allow":["GET"]}}],"collection":[{"href":"https:\/\/habibimb.com\/en\/wp-json\/wp\/v2\/product"}],"about":[{"href":"https:\/\/habibimb.com\/en\/wp-json\/wp\/v2\/types\/product"}],"replies":[{"embeddable":true,"href":"https:\/\/habibimb.com\/en\/wp-json\/wp\/v2\/comments?post=1505"}],"wp:featuredmedia":[{"embeddable":true,"href":"https:\/\/habibimb.com\/en\/wp-json\/wp\/v2\/media\/1507"}],"wp:attachment":[{"href":"https:\/\/habibimb.com\/en\/wp-json\/wp\/v2\/media?parent=1505"}],"wp:term":[{"taxonomy":"product_brand","embeddable":true,"href":"https:\/\/habibimb.com\/en\/wp-json\/wp\/v2\/product_brand?post=1505"},{"taxonomy":"product_cat","embeddable":true,"href":"https:\/\/habibimb.com\/en\/wp-json\/wp\/v2\/product_cat?post=1505"},{"taxonomy":"product_tag","embeddable":true,"href":"https:\/\/habibimb.com\/en\/wp-json\/wp\/v2\/product_tag?post=1505"}],"curies":[{"name":"wp","href":"https:\/\/api.w.org\/{rel}","templated":true}]}}